{"id":5050,"date":"2014-03-19T09:24:31","date_gmt":"2014-03-19T08:24:31","guid":{"rendered":"http:\/\/localhost:8888\/themes\/ventory\/?page_id=5050"},"modified":"2021-02-25T21:13:33","modified_gmt":"2021-02-25T20:13:33","slug":"kontakt","status":"publish","type":"page","link":"https:\/\/rolfbrunold.ch\/index.php\/kontakt\/","title":{"rendered":"Kontakt"},"content":{"rendered":"<div class=\"wpb-content-wrapper\"><p>[vc_row bg_color=&#8220;#ffffff&#8220; section_arrow=&#8220;false&#8220; top_padding=&#8220;60&#8243; bottom_padding=&#8220;60&#8243; bg_position=&#8220;left top&#8220;][vc_column width=&#8220;1\/4&#8243;]<h3 class=\"headline font-special fontsize-m fontweight-700 lh-inherit align-left transform-inherit \" style=\"margin: 0 0 20px 0;\">Kontakt<\/h3>[vc_column_text]Rolf Brunold<br \/>\nHubring 42<br \/>\nCH-8303\u00a0Bassersdorf<\/p>\n<i class=\"fa fa-phone minti-icon\" style=\"color:#999999 !important; font-size: 14px; margin: 0px 5px 0px 0px\"><\/i> +41 44 888 60 60<br \/>\n<i class=\"fa fa-phone minti-icon\" style=\"color:#999999 !important; font-size: 14px; margin: 0px 5px 0px 0px\"><\/i> +41 78 664 04 05<br \/>\n<i class=\"fa fa-envelope minti-icon\" style=\"color:#999999 !important; font-size: 14px; margin: 0px 5px 0px 0px\"><\/i> <a href=\"m&#97;&#105;&#x6c;&#x74;o&#58;&#114;&#x2e;&#x62;&#x72;u&#110;&#111;&#x6c;&#x64;&#64;r&#111;&#x6c;&#x66;&#x62;r&#117;&#110;&#x6f;&#x6c;d&#46;&#99;&#x68;\">&#114;&#x2e;&#x62;r&#117;&#x6e;o&#108;&#x64;&#64;&#114;&#x6f;l&#102;&#x62;&#x72;&#117;&#x6e;&#x6f;l&#100;&#x2e;c&#104;<\/a>[\/vc_column_text]<div class=\"spacer\" style=\"height: 20px;\"><\/div>[\/vc_column][vc_column width=&#8220;3\/4&#8243;]<h3 class=\"headline font-special fontsize-m fontweight-700 lh-inherit align-left transform-inherit \" style=\"margin: 0 0 20px 0;\">Ich freue mich auf Sie.<\/h3>[vc_column_text]F\u00fcr ein erstes Gespr\u00e4ch, die Besprechungen Ihrer Ziele und Bed\u00fcrfnisse sowie die Durchf\u00fchrung eines Trainings, Seminars oder Workshops komme ich gerne zu Ihnen, oder den von Ihnen bevorzugten Ort.[\/vc_column_text]\n<div class=\"wpcf7 no-js\" id=\"wpcf7-f5-o1\" lang=\"de-DE\" dir=\"ltr\" data-wpcf7-id=\"5\">\n<div class=\"screen-reader-response\"><p role=\"status\" aria-live=\"polite\" aria-atomic=\"true\"><\/p> <ul><\/ul><\/div>\n<form action=\"\/index.php\/wp-json\/wp\/v2\/pages\/5050#wpcf7-f5-o1\" method=\"post\" class=\"wpcf7-form init\" aria-label=\"Kontaktformular\" novalidate=\"novalidate\" data-status=\"init\">\n<fieldset class=\"hidden-fields-container\"><input type=\"hidden\" name=\"_wpcf7\" value=\"5\" \/><input type=\"hidden\" name=\"_wpcf7_version\" value=\"6.1.5\" \/><input type=\"hidden\" name=\"_wpcf7_locale\" value=\"de_DE\" \/><input type=\"hidden\" name=\"_wpcf7_unit_tag\" value=\"wpcf7-f5-o1\" \/><input type=\"hidden\" name=\"_wpcf7_container_post\" value=\"0\" \/><input type=\"hidden\" name=\"_wpcf7_posted_data_hash\" value=\"\" \/>\n<\/fieldset>\n<p><label> Anrede*<br \/>\n<span class=\"wpcf7-form-control-wrap\" data-name=\"Anrede\"><input size=\"40\" maxlength=\"400\" class=\"wpcf7-form-control wpcf7-text wpcf7-validates-as-required\" aria-required=\"true\" aria-invalid=\"false\" value=\"\" type=\"text\" name=\"Anrede\" \/><\/span> <\/label>\n<\/p>\n<p><label> Vorname und Name*<br \/>\n<span class=\"wpcf7-form-control-wrap\" data-name=\"Vorname\"><input size=\"40\" maxlength=\"400\" class=\"wpcf7-form-control wpcf7-text wpcf7-validates-as-required\" aria-required=\"true\" aria-invalid=\"false\" value=\"\" type=\"text\" name=\"Vorname\" \/><\/span> <\/label>\n<\/p>\n<p><label> Firma<br \/>\n<span class=\"wpcf7-form-control-wrap\" data-name=\"Firma\"><input size=\"40\" maxlength=\"400\" class=\"wpcf7-form-control wpcf7-text\" aria-invalid=\"false\" value=\"\" type=\"text\" name=\"Firma\" \/><\/span> <\/label>\n<\/p>\n<p><label> Strasse und Nr.*<br \/>\n<span class=\"wpcf7-form-control-wrap\" data-name=\"Strasse\"><input size=\"40\" maxlength=\"400\" class=\"wpcf7-form-control wpcf7-text wpcf7-validates-as-required\" aria-required=\"true\" aria-invalid=\"false\" value=\"\" type=\"text\" name=\"Strasse\" \/><\/span> <\/label>\n<\/p>\n<p><label> PLZ und Ort*<br \/>\n<span class=\"wpcf7-form-control-wrap\" data-name=\"PLZ\"><input size=\"40\" maxlength=\"400\" class=\"wpcf7-form-control wpcf7-text wpcf7-validates-as-required\" aria-required=\"true\" aria-invalid=\"false\" value=\"\" type=\"text\" name=\"PLZ\" \/><\/span> <\/label>\n<\/p>\n<p><label> E-Mail*<br \/>\n<span class=\"wpcf7-form-control-wrap\" data-name=\"E-Mail\"><input size=\"40\" maxlength=\"400\" class=\"wpcf7-form-control wpcf7-text wpcf7-validates-as-required\" aria-required=\"true\" aria-invalid=\"false\" value=\"\" type=\"text\" name=\"E-Mail\" \/><\/span> <\/label>\n<\/p>\n<p><label> Telefon<br \/>\n<span class=\"wpcf7-form-control-wrap\" data-name=\"Telefon\"><input size=\"40\" maxlength=\"400\" class=\"wpcf7-form-control wpcf7-text\" aria-invalid=\"false\" value=\"\" type=\"text\" name=\"Telefon\" \/><\/span> <\/label>\n<\/p>\n<p><label> Ich interessiere mich f\u00fcr:<br \/>\n[text] <\/label><br \/>\n<span class=\"wpcf7-form-control-wrap\" data-name=\"checkbox-874\"><span class=\"wpcf7-form-control wpcf7-checkbox\"><span class=\"wpcf7-list-item first last\"><input type=\"checkbox\" name=\"checkbox-874[]\" value=\"Design Thinking\" \/><span class=\"wpcf7-list-item-label\">Design Thinking<\/span><\/span><\/span><\/span><br \/>\n<span class=\"wpcf7-form-control-wrap\" data-name=\"checkbox-746\"><span class=\"wpcf7-form-control wpcf7-checkbox\"><span class=\"wpcf7-list-item first last\"><input type=\"checkbox\" name=\"checkbox-746[]\" value=\"Diagnostiktools\" \/><span class=\"wpcf7-list-item-label\">Diagnostiktools<\/span><\/span><\/span><\/span><br \/>\n<span class=\"wpcf7-form-control-wrap\" data-name=\"checkbox-874\"><span class=\"wpcf7-form-control wpcf7-checkbox\"><span class=\"wpcf7-list-item first last\"><input type=\"checkbox\" name=\"checkbox-874[]\" value=\"Inner-Leadership\" \/><span class=\"wpcf7-list-item-label\">Inner-Leadership<\/span><\/span><\/span><\/span><br \/>\n<span class=\"wpcf7-form-control-wrap\" data-name=\"checkbox-906\"><span class=\"wpcf7-form-control wpcf7-checkbox\"><span class=\"wpcf7-list-item first last\"><input type=\"checkbox\" name=\"checkbox-906[]\" value=\"Kommunikation\" \/><span class=\"wpcf7-list-item-label\">Kommunikation<\/span><\/span><\/span><\/span><br \/>\n<span class=\"wpcf7-form-control-wrap\" data-name=\"checkbox-908\"><span class=\"wpcf7-form-control wpcf7-checkbox\"><span class=\"wpcf7-list-item first last\"><input type=\"checkbox\" name=\"checkbox-908[]\" value=\"Leadership-Basistraining\" \/><span class=\"wpcf7-list-item-label\">Leadership-Basistraining<\/span><\/span><\/span><\/span><br \/>\n<span class=\"wpcf7-form-control-wrap\" data-name=\"checkbox-874\"><span class=\"wpcf7-form-control wpcf7-checkbox\"><span class=\"wpcf7-list-item first last\"><input type=\"checkbox\" name=\"checkbox-874[]\" value=\"Mitarbeiter-Engagement\" \/><span class=\"wpcf7-list-item-label\">Mitarbeiter-Engagement<\/span><\/span><\/span><\/span><br \/>\n<span class=\"wpcf7-form-control-wrap\" data-name=\"checkbox-874\"><span class=\"wpcf7-form-control wpcf7-checkbox\"><span class=\"wpcf7-list-item first last\"><input type=\"checkbox\" name=\"checkbox-874[]\" value=\"Motivation\" \/><span class=\"wpcf7-list-item-label\">Motivation<\/span><\/span><\/span><\/span><br \/>\n<span class=\"wpcf7-form-control-wrap\" data-name=\"checkbox-152\"><span class=\"wpcf7-form-control wpcf7-checkbox\"><span class=\"wpcf7-list-item first last\"><input type=\"checkbox\" name=\"checkbox-152[]\" value=\"Pr\u00e4sentation\" \/><span class=\"wpcf7-list-item-label\">Pr\u00e4sentation<\/span><\/span><\/span><\/span><br \/>\n<span class=\"wpcf7-form-control-wrap\" data-name=\"checkbox-874\"><span class=\"wpcf7-form-control wpcf7-checkbox\"><span class=\"wpcf7-list-item first last\"><input type=\"checkbox\" name=\"checkbox-874[]\" value=\"Verkauf\" \/><span class=\"wpcf7-list-item-label\">Verkauf<\/span><\/span><\/span><\/span><br \/>\n<span class=\"wpcf7-form-control-wrap\" data-name=\"checkbox-152\"><span class=\"wpcf7-form-control wpcf7-checkbox\"><span class=\"wpcf7-list-item first last\"><input type=\"checkbox\" name=\"checkbox-152[]\" value=\"Workshop\" \/><span class=\"wpcf7-list-item-label\">Workshop<\/span><\/span><\/span><\/span><br \/>\n<span id=\"wpcf7-69ff2d9d09d52-wrapper\" class=\"wpcf7-form-control-wrap honeypot-916-wrap\" style=\"display:none !important; visibility:hidden !important;\"><label for=\"wpcf7-69ff2d9d09d52-field\" class=\"hp-message\">Bitte lasse dieses Feld leer.<\/label><input id=\"wpcf7-69ff2d9d09d52-field\"  class=\"wpcf7-form-control wpcf7-text\" type=\"text\" name=\"honeypot-916\" value=\"\" size=\"40\" tabindex=\"-1\" autocomplete=\"new-password\" \/><\/span><br \/>\n<label> Mein Anliegen in K\u00fcrze<br \/>\n<span class=\"wpcf7-form-control-wrap\" data-name=\"Mein\"><textarea cols=\"40\" rows=\"10\" maxlength=\"2000\" class=\"wpcf7-form-control wpcf7-textarea\" aria-invalid=\"false\" name=\"Mein\"><\/textarea><\/span> <\/label>\n<\/p>\n<p><input class=\"wpcf7-form-control wpcf7-submit has-spinner\" type=\"submit\" value=\"Senden\" \/>\n<\/p><div class=\"wpcf7-response-output\" aria-hidden=\"true\"><\/div>\n<\/form>\n<\/div>\n[\/vc_column][\/vc_row]<\/p>\n<\/div>","protected":false},"excerpt":{"rendered":"<p>[vc_row bg_color=&#8220;#ffffff&#8220; section_arrow=&#8220;false&#8220; top_padding=&#8220;60&#8243; bottom_padding=&#8220;60&#8243; bg_position=&#8220;left top&#8220;][vc_column width=&#8220;1\/4&#8243;][vc_column_text]Rolf Brunold Hubring 42 CH-8303\u00a0Bassersdorf +41 44 888 60 60 +41 78 664 04 05 r&#46;&#98;&#114;&#x75;&#x6e;&#x6f;&#x6c;d&#64;&#114;&#111;&#x6c;&#x66;&#x62;&#x72;un&#111;&#108;&#100;&#x2e;&#x63;&#x68;[\/vc_column_text][\/vc_column][vc_column width=&#8220;3\/4&#8243;][vc_column_text]F\u00fcr ein erstes Gespr\u00e4ch, die Besprechungen Ihrer Ziele und Bed\u00fcrfnisse sowie die Durchf\u00fchrung eines Trainings, Seminars oder Workshops komme ich gerne zu Ihnen, oder den von Ihnen bevorzugten Ort.[\/vc_column_text][\/vc_column][\/vc_row]<\/p>\n","protected":false},"author":1,"featured_media":0,"parent":0,"menu_order":6,"comment_status":"closed","ping_status":"closed","template":"","meta":{"footnotes":""},"class_list":["post-5050","page","type-page","status-publish","hentry"],"_links":{"self":[{"href":"https:\/\/rolfbrunold.ch\/index.php\/wp-json\/wp\/v2\/pages\/5050","targetHints":{"allow":["GET"]}}],"collection":[{"href":"https:\/\/rolfbrunold.ch\/index.php\/wp-json\/wp\/v2\/pages"}],"about":[{"href":"https:\/\/rolfbrunold.ch\/index.php\/wp-json\/wp\/v2\/types\/page"}],"author":[{"embeddable":true,"href":"https:\/\/rolfbrunold.ch\/index.php\/wp-json\/wp\/v2\/users\/1"}],"replies":[{"embeddable":true,"href":"https:\/\/rolfbrunold.ch\/index.php\/wp-json\/wp\/v2\/comments?post=5050"}],"version-history":[{"count":26,"href":"https:\/\/rolfbrunold.ch\/index.php\/wp-json\/wp\/v2\/pages\/5050\/revisions"}],"predecessor-version":[{"id":18910,"href":"https:\/\/rolfbrunold.ch\/index.php\/wp-json\/wp\/v2\/pages\/5050\/revisions\/18910"}],"wp:attachment":[{"href":"https:\/\/rolfbrunold.ch\/index.php\/wp-json\/wp\/v2\/media?parent=5050"}],"curies":[{"name":"wp","href":"https:\/\/api.w.org\/{rel}","templated":true}]}}