{"id":3182,"date":"2013-01-06T12:44:02","date_gmt":"2013-01-06T11:44:02","guid":{"rendered":"http:\/\/inovado2.mintithemes.com\/?page_id=15"},"modified":"2021-10-29T19:30:11","modified_gmt":"2021-10-29T17:30:11","slug":"kommunikation","status":"publish","type":"page","link":"https:\/\/rolfbrunold.ch\/index.php\/kommunikation\/","title":{"rendered":"Kommunikation"},"content":{"rendered":"<div class=\"wpb-content-wrapper\"><p>[vc_row][vc_column width=&#8220;1\/1&#8243;]<div class=\"single_image wpb_content_element align-center    \" data-animation=\"none\" data-delay=\"0\"><img loading=\"lazy\" decoding=\"async\" width=\"1500\" height=\"505\" src=\"https:\/\/rolfbrunold.ch\/wp-content\/uploads\/2013\/01\/kommunikation.jpg\" class=\"attachment-full\" alt=\"\" title=\"Kommunikation und Pr\u00e4sentation\" srcset=\"https:\/\/rolfbrunold.ch\/wp-content\/uploads\/2013\/01\/kommunikation.jpg 1500w, https:\/\/rolfbrunold.ch\/wp-content\/uploads\/2013\/01\/kommunikation-300x101.jpg 300w, https:\/\/rolfbrunold.ch\/wp-content\/uploads\/2013\/01\/kommunikation-768x259.jpg 768w, https:\/\/rolfbrunold.ch\/wp-content\/uploads\/2013\/01\/kommunikation-1024x345.jpg 1024w\" sizes=\"auto, (max-width: 1500px) 100vw, 1500px\" \/><\/div>[\/vc_column][\/vc_row][vc_row][vc_column width=&#8220;1\/1&#8243;]<div class=\"divider divider1\" style='margin:20px 0 20px 0 !important;'><\/div>[\/vc_column][\/vc_row][vc_row][vc_column width=&#8220;1\/1&#8243;][vc_column_text]<strong>Gute Kommunikationsf\u00e4higkeiten sind das \u00d6l im Getriebe des Unternehmens<\/strong><\/p>\n<p>F\u00fchrungskr\u00e4fte und Mitarbeitende mit guten Kommunikationsf\u00e4higkeiten sind angenehm im Umgang mit anderen. Sie h\u00f6ren gut zu und dr\u00fccken sich verst\u00e4ndlich aus. Sie erkennen rasch das Problem und kommen schnell auf den Punkt.<\/p>\n<p>Sie vermeiden langatmige Erkl\u00e4rungen. Sie reden nicht am Wesentlichen vorbei. Sie sind interessiert und stellen geschickte Fragen, bis Sie den Sachverhalt verstehen. Mit heiklen Themen gehen Sie diplomatisch um und setzen sich durch, auch wenn es schwierig wird.<\/p>\n<p>Kann man das lernen? Ja. Mit vertieften Erkenntnissen \u00fcber die Psychologie der zwischenmenschlichen Kommunikation und vor allem durch gezielte praktische \u00dcbungen in Zweiergespr\u00e4chen, Gruppendiskussionen und Pr\u00e4sentationen vor Publikum.<\/p>\n<p style=\"text-align: left;\">Schildern Sie mir Ihre Situation und lernen Sie mich kennen \u2013 die besten Ideen lassen sich in einem pers\u00f6nlichen\u00a0Gespr\u00e4ch\u00a0besprechen. \u00a0<a href=\"https:\/\/rolfbrunold.ch\/index.php\/kontakt\/\" target=\"_self\" class=\"button color-1 small \" style=\"border-radius: 2px;\">Kontakt<\/a>\n<p><strong><a href=\"https:\/\/rolfbrunold.ch\/index.php\/kommunikation-2\/\" target=\"_self\" class=\"button color-2 small \" style=\"border-radius: 2px;\">Kommunikations-Training<\/a><\/strong>[\/vc_column_text][\/vc_column][\/vc_row]<\/p>\n<\/div>","protected":false},"excerpt":{"rendered":"<p>[vc_row][vc_column width=&#8220;1\/1&#8243;][\/vc_column][\/vc_row][vc_row][vc_column width=&#8220;1\/1&#8243;][\/vc_column][\/vc_row][vc_row][vc_column width=&#8220;1\/1&#8243;][vc_column_text]Gute Kommunikationsf\u00e4higkeiten sind das \u00d6l im Getriebe des Unternehmens F\u00fchrungskr\u00e4fte und Mitarbeitende mit guten Kommunikationsf\u00e4higkeiten sind angenehm im Umgang mit anderen. Sie h\u00f6ren gut zu und dr\u00fccken sich verst\u00e4ndlich aus. Sie erkennen rasch das Problem und kommen schnell auf den Punkt. Sie vermeiden langatmige Erkl\u00e4rungen. Sie reden nicht am Wesentlichen vorbei. Sie sind interessiert und stellen geschickte Fragen, bis Sie den Sachverhalt verstehen. Mit heiklen Themen gehen Sie diplomatisch um und setzen sich durch, auch wenn es schwierig wird. Kann man das lernen? Ja. Mit vertieften Erkenntnissen \u00fcber die Psychologie der zwischenmenschlichen Kommunikation und vor allem durch gezielte praktische \u00dcbungen in Zweiergespr\u00e4chen, Gruppendiskussionen und Pr\u00e4sentationen vor Publikum. Schildern Sie mir Ihre Situation und lernen Sie mich kennen \u2013 die besten Ideen lassen sich in einem pers\u00f6nlichen\u00a0Gespr\u00e4ch\u00a0besprechen. \u00a0 [\/vc_column_text][\/vc_column][\/vc_row]<\/p>\n","protected":false},"author":1,"featured_media":0,"parent":0,"menu_order":2,"comment_status":"closed","ping_status":"closed","template":"","meta":{"footnotes":""},"class_list":["post-3182","page","type-page","status-publish","hentry"],"_links":{"self":[{"href":"https:\/\/rolfbrunold.ch\/index.php\/wp-json\/wp\/v2\/pages\/3182","targetHints":{"allow":["GET"]}}],"collection":[{"href":"https:\/\/rolfbrunold.ch\/index.php\/wp-json\/wp\/v2\/pages"}],"about":[{"href":"https:\/\/rolfbrunold.ch\/index.php\/wp-json\/wp\/v2\/types\/page"}],"author":[{"embeddable":true,"href":"https:\/\/rolfbrunold.ch\/index.php\/wp-json\/wp\/v2\/users\/1"}],"replies":[{"embeddable":true,"href":"https:\/\/rolfbrunold.ch\/index.php\/wp-json\/wp\/v2\/comments?post=3182"}],"version-history":[{"count":50,"href":"https:\/\/rolfbrunold.ch\/index.php\/wp-json\/wp\/v2\/pages\/3182\/revisions"}],"predecessor-version":[{"id":18612,"href":"https:\/\/rolfbrunold.ch\/index.php\/wp-json\/wp\/v2\/pages\/3182\/revisions\/18612"}],"wp:attachment":[{"href":"https:\/\/rolfbrunold.ch\/index.php\/wp-json\/wp\/v2\/media?parent=3182"}],"curies":[{"name":"wp","href":"https:\/\/api.w.org\/{rel}","templated":true}]}}