{"id":19415,"date":"2023-12-07T14:00:33","date_gmt":"2023-12-07T13:00:33","guid":{"rendered":"https:\/\/rolfbrunold.ch\/?page_id=19415"},"modified":"2024-04-15T11:22:28","modified_gmt":"2024-04-15T09:22:28","slug":"abend-workshop","status":"publish","type":"page","link":"https:\/\/rolfbrunold.ch\/index.php\/abend-workshop\/","title":{"rendered":"Workshops"},"content":{"rendered":"<div class=\"wpb-content-wrapper\"><p>[vc_row][vc_column width=&#8220;2\/3&#8243;][vc_column_text]<\/p>\n<h2><strong>Interessante Workshops zu verschiedenen Themen stehen Ihnen zur Verf\u00fcgung:<\/strong><\/h2>\n<p><strong>Workshops<\/strong> sind \u00f6ffentliche und firmeninterne, spannende Veranstaltungen zu aktuellen Themen in der Pers\u00f6nlichkeitsweiterbildung. Sie steigern Ihre pers\u00f6nlichen F\u00e4higkeiten und Sie lernen interessante Menschen aus den verschiedensten Branchen kennen. Gleichzeitig erweitern Sie an diesem Workshop Ihr Netzwerk. Ein idealer und beliebter Treffpunkt, sich locker auch mit ehemaligen Teilnehmern aus einem Rolf Brunold-Trainingsprogramm auszutauschen. Weit \u00fcber zweitausend haben bereits an diesen Workshops teilgenommen.<\/p>\n<ul>\n<li><a href=\"https:\/\/rolfbrunold.ch\/index.php\/fruehstueck-workshop-7-9-24\/\"><strong>Fr\u00fchst\u00fcckworkshops<\/strong><\/a><\/li>\n<li><strong><a href=\"https:\/\/rolfbrunold.ch\/index.php\/abend-workshops\/\">Abend-Workshops<\/a><\/strong><\/li>\n<li><a href=\"https:\/\/rolfbrunold.ch\/index.php\/kommunikation-2\/\">Freie Rede, Kommunikation und F\u00fchrung<\/a><\/li>\n<li><a href=\"https:\/\/rolfbrunold.ch\/index.php\/verkauf-2\/\">Verkaufs-Entwicklung<\/a><\/li>\n<li>Kundendienst<\/li>\n<li><a href=\"https:\/\/rolfbrunold.ch\/index.php\/praesentation\/\">Pr\u00e4sentations-Wirkung<\/a><\/li>\n<li>Leadership-Entwicklung<\/li>\n<li><a href=\"https:\/\/rolfbrunold.ch\/index.php\/mitarbeiter-engagement\/\">Mitarbeiter-Engagement<\/a><\/li>\n<li>Messeauftritt<\/li>\n<li>usw.<\/li>\n<\/ul>\n<p style=\"margin: 0px 0px 20px; padding: 0px; border: 0px currentColor; color: #424242; text-transform: none; line-height: inherit; text-indent: 0px; letter-spacing: normal; font-family: 'Open Sans', Arial, Helvetica, sans-serif; font-size: 16px; font-style: normal; font-weight: normal; word-spacing: 0px; vertical-align: baseline; white-space: normal; orphans: 2; widows: 2; font-stretch: inherit; background-color: #ffffff; font-variant-ligatures: normal; font-variant-caps: normal; -webkit-text-stroke-width: 0px; text-decoration-style: initial; text-decoration-color: initial; font-variant-numeric: inherit;\">Gerne stehe ich Ihnen bei der Themenwahl zur Verf\u00fcgung. Vereinbaren Sie jetzt ein erstes unverbindliches Gespr\u00e4ch unter <strong>044 888 60 60<\/strong>.<br \/>\nEin Anruf oder eine E-Mail gen\u00fcgt.<\/p>\n<a href=\"https:\/\/rolfbrunold.ch\/index.php\/kontakt\/\" target=\"_self\" class=\"button color-1 small \" style=\"border-radius: 2px;\">Kontakt<\/a>[\/vc_column_text][\/vc_column][vc_column width=&#8220;1\/3&#8243;]<div class=\"single_image wpb_content_element align-left    \" data-animation=\"none\" data-delay=\"0\"><a href=\"https:\/\/rolfbrunold.ch\/wp-content\/uploads\/2024\/02\/Folie1-1.jpg\" target=\"_blank\"><\/a><\/div><div class=\"single_image wpb_content_element align-left    \" data-animation=\"none\" data-delay=\"0\"><a href=\"https:\/\/rolfbrunold.ch\/wp-content\/uploads\/2024\/02\/Folie1-1.jpg\" target=\"_blank\"><\/a><\/div>[\/vc_column][\/vc_row]<\/p>\n<\/div>","protected":false},"excerpt":{"rendered":"<p>[vc_row][vc_column width=&#8220;2\/3&#8243;][vc_column_text] Interessante Workshops zu verschiedenen Themen stehen Ihnen zur Verf\u00fcgung: Workshops sind \u00f6ffentliche und firmeninterne, spannende Veranstaltungen zu aktuellen Themen in der Pers\u00f6nlichkeitsweiterbildung. Sie steigern Ihre pers\u00f6nlichen F\u00e4higkeiten und Sie lernen interessante Menschen aus den verschiedensten Branchen kennen. Gleichzeitig erweitern Sie an diesem Workshop Ihr Netzwerk. Ein idealer und beliebter Treffpunkt, sich locker auch mit ehemaligen Teilnehmern aus einem Rolf Brunold-Trainingsprogramm auszutauschen. Weit \u00fcber zweitausend haben bereits an diesen Workshops teilgenommen. Fr\u00fchst\u00fcckworkshops Abend-Workshops Freie Rede, Kommunikation und F\u00fchrung Verkaufs-Entwicklung Kundendienst Pr\u00e4sentations-Wirkung Leadership-Entwicklung Mitarbeiter-Engagement Messeauftritt usw. Gerne stehe ich Ihnen bei der Themenwahl zur Verf\u00fcgung. Vereinbaren Sie jetzt ein erstes unverbindliches Gespr\u00e4ch unter 044 888 60 60. Ein Anruf oder eine E-Mail gen\u00fcgt. [\/vc_column_text][\/vc_column][vc_column width=&#8220;1\/3&#8243;][\/vc_column][\/vc_row]<\/p>\n","protected":false},"author":2,"featured_media":0,"parent":0,"menu_order":0,"comment_status":"closed","ping_status":"closed","template":"","meta":{"footnotes":""},"class_list":["post-19415","page","type-page","status-publish","hentry"],"_links":{"self":[{"href":"https:\/\/rolfbrunold.ch\/index.php\/wp-json\/wp\/v2\/pages\/19415","targetHints":{"allow":["GET"]}}],"collection":[{"href":"https:\/\/rolfbrunold.ch\/index.php\/wp-json\/wp\/v2\/pages"}],"about":[{"href":"https:\/\/rolfbrunold.ch\/index.php\/wp-json\/wp\/v2\/types\/page"}],"author":[{"embeddable":true,"href":"https:\/\/rolfbrunold.ch\/index.php\/wp-json\/wp\/v2\/users\/2"}],"replies":[{"embeddable":true,"href":"https:\/\/rolfbrunold.ch\/index.php\/wp-json\/wp\/v2\/comments?post=19415"}],"version-history":[{"count":31,"href":"https:\/\/rolfbrunold.ch\/index.php\/wp-json\/wp\/v2\/pages\/19415\/revisions"}],"predecessor-version":[{"id":19630,"href":"https:\/\/rolfbrunold.ch\/index.php\/wp-json\/wp\/v2\/pages\/19415\/revisions\/19630"}],"wp:attachment":[{"href":"https:\/\/rolfbrunold.ch\/index.php\/wp-json\/wp\/v2\/media?parent=19415"}],"curies":[{"name":"wp","href":"https:\/\/api.w.org\/{rel}","templated":true}]}}