{"id":19064,"date":"2022-10-14T18:44:25","date_gmt":"2022-10-14T16:44:25","guid":{"rendered":"https:\/\/rolfbrunold.ch\/?page_id=19064"},"modified":"2023-04-23T21:33:29","modified_gmt":"2023-04-23T19:33:29","slug":"das-leadership-top","status":"publish","type":"page","link":"https:\/\/rolfbrunold.ch\/index.php\/das-leadership-top\/","title":{"rendered":"Leadership Training Executive"},"content":{"rendered":"<div class=\"wpb-content-wrapper\"><p>[vc_row][vc_column width=&#8220;2\/3&#8243;][vc_column_text]<\/p>\n<h1><strong>Das Leadership Training Executive<\/strong><\/h1>\n<p>Wir ver\u00e4ndern uns ein Leben lang. Es lohnt sich deshalb, in jeder Lebensphase immer wieder neue Antworten zu finden auf die Fragen: Wer bin ich? Wer m\u00f6chte ich sein? Wo sehe ich mich in der Zukunft? Wie mache ich Zukunftsvisionen zur Realit\u00e4t? Und wie soll ich mit den immer wieder neuen Herausforderungen und Anforderungen des Zeitgeschehens umgehen, um mit mir und dem Unternehmen auf der Erfolgsspur zu bleiben?<\/p>\n<p>In diesem Training durchlaufen Sie mit professioneller Anleitung die zentralen 4 Stufen f\u00fcr die stetige Weiterentwicklung Ihrer Pers\u00f6nlichkeit als top Leader wie auch Ihres Unternehmens:<\/p>\n<ul>\n<li><strong>Selbstreflektion<\/strong><\/li>\n<li><strong>Kommunikation<\/strong><\/li>\n<li><strong>F\u00fchrung<\/strong><\/li>\n<li><strong>Unternehmensentwicklung<\/strong><\/li>\n<\/ul>\n<p>Lesen Sie mehr dar\u00fcber in der zweiseitigen Brosch\u00fcre rechts.<\/p>\n<p>Dieses \u00f6ffentliche Leadership-Training Executive wird mit max. acht Teilnehmenden an acht Halbtagen hinter diskret verschlossenen T\u00fcren durchgef\u00fchrt. Es wird bewusst im Intervall trainiert, damit das Erlernte unmittelbar im beruflichen Alltag angewendet werden kann. Zur Effizienzsteigerung empfehlen wir einen Arbeitsaufwand zwischen den Modulen von zwei bis Stunden.<\/p>\n<p><strong>Zielgruppe:<\/strong> Gesch\u00e4ftsleiter, Gr\u00fcnder und Inhaber, Board-Member, Kader \u2013 oder wer sich dazu berufen f\u00fchlt<\/p>\n<p><strong>Durchf\u00fchrung:<\/strong> Auf Anfrage<br \/>\n<strong>Ort:<\/strong>\u00a0Region Z\u00fcrich<\/p>\n<p><strong>Investition:<\/strong> CHF 4800 inkl. Infrastruktur, Kursmaterial und Pausengetr\u00e4nk<br \/>\n<strong>Leitung:<\/strong> Maya Bachmann, Executive Leadership Coach<\/p>\n<p><strong><a href=\"https:\/\/rolfbrunold.ch\/index.php\/anmeldung-Leadership-Basistraining\/\" target=\"_self\" class=\"button color-3 small \" style=\"border-radius: 2px;\">Anfrage<\/a>\u00a0\u00a0<\/strong><\/p>\n<p>Einfach besser werden: Sie werden das Plus unter dem Strich feststellen.<\/p>\n<p style=\"margin: 0px 0px 20px; padding: 0px; border: 0px currentColor; color: #424242; text-transform: none; line-height: inherit; text-indent: 0px; letter-spacing: normal; font-family: 'Open Sans', Arial, Helvetica, sans-serif; font-size: 16px; font-style: normal; font-weight: normal; word-spacing: 0px; vertical-align: baseline; white-space: normal; orphans: 2; widows: 2; font-stretch: inherit; background-color: #ffffff; font-variant-ligatures: normal; font-variant-caps: normal; -webkit-text-stroke-width: 0px; text-decoration-style: initial; text-decoration-color: initial; font-variant-numeric: inherit;\">Gerne stehe ich Ihnen bei weiteren Fragen zur Verf\u00fcgung, oder vereinbaren Sie jetzt ein erstes unverbindliches Gespr\u00e4ch unter <strong>044 888 60 60<\/strong>. Ein Anruf oder eine E-Mail gen\u00fcgt.<\/p>\n<a href=\"https:\/\/rolfbrunold.ch\/index.php\/kontakt\/\" target=\"_self\" class=\"button color-1 small \" style=\"border-radius: 2px;\">Kontakt<\/a>[\/vc_column_text][\/vc_column][vc_column width=&#8220;1\/3&#8243;]<div class=\"single_image wpb_content_element align-left    \" data-animation=\"none\" data-delay=\"0\"><a href=\"https:\/\/rolfbrunold.ch\/wp-content\/uploads\/2023\/04\/R_B_Flyer-LTE-auf-Anfrage.pdf\" target=\"_blank\"><img loading=\"lazy\" decoding=\"async\" width=\"720\" height=\"1040\" src=\"https:\/\/rolfbrunold.ch\/wp-content\/uploads\/2023\/04\/Folie1-1.jpg\" class=\"attachment-full\" alt=\"\" title=\"Folie1\" srcset=\"https:\/\/rolfbrunold.ch\/wp-content\/uploads\/2023\/04\/Folie1-1.jpg 720w, https:\/\/rolfbrunold.ch\/wp-content\/uploads\/2023\/04\/Folie1-1-208x300.jpg 208w, https:\/\/rolfbrunold.ch\/wp-content\/uploads\/2023\/04\/Folie1-1-709x1024.jpg 709w\" sizes=\"auto, (max-width: 720px) 100vw, 720px\" \/><\/a><\/div><div class=\"single_image wpb_content_element align-left    \" data-animation=\"none\" data-delay=\"0\"><img loading=\"lazy\" decoding=\"async\" width=\"297\" height=\"170\" src=\"https:\/\/rolfbrunold.ch\/wp-content\/uploads\/2021\/08\/Ich-will.jpg\" class=\"attachment-full\" alt=\"\" title=\"Ich will\" \/><\/div>[\/vc_column][\/vc_row]<\/p>\n<\/div>","protected":false},"excerpt":{"rendered":"<p>[vc_row][vc_column width=&#8220;2\/3&#8243;][vc_column_text] Das Leadership Training Executive Wir ver\u00e4ndern uns ein Leben lang. Es lohnt sich deshalb, in jeder Lebensphase immer wieder neue Antworten zu finden auf die Fragen: Wer bin ich? Wer m\u00f6chte ich sein? Wo sehe ich mich in der Zukunft? Wie mache ich Zukunftsvisionen zur Realit\u00e4t? Und wie soll ich mit den immer wieder neuen Herausforderungen und Anforderungen des Zeitgeschehens umgehen, um mit mir und dem Unternehmen auf der Erfolgsspur zu bleiben? In diesem Training durchlaufen Sie mit professioneller Anleitung die zentralen 4 Stufen f\u00fcr die stetige Weiterentwicklung Ihrer Pers\u00f6nlichkeit als top Leader wie auch Ihres Unternehmens: Selbstreflektion Kommunikation F\u00fchrung Unternehmensentwicklung Lesen Sie mehr dar\u00fcber in der zweiseitigen Brosch\u00fcre rechts. Dieses \u00f6ffentliche Leadership-Training Executive wird mit max. acht Teilnehmenden an acht Halbtagen hinter diskret verschlossenen T\u00fcren durchgef\u00fchrt. Es wird bewusst im Intervall trainiert, damit das Erlernte unmittelbar im beruflichen Alltag angewendet werden kann. Zur Effizienzsteigerung empfehlen wir einen Arbeitsaufwand zwischen den Modulen von zwei bis Stunden. Zielgruppe: Gesch\u00e4ftsleiter, Gr\u00fcnder und Inhaber, Board-Member, Kader \u2013 oder wer sich dazu berufen f\u00fchlt Durchf\u00fchrung: Auf Anfrage Ort:\u00a0Region Z\u00fcrich Investition: CHF 4800 inkl. Infrastruktur, Kursmaterial und Pausengetr\u00e4nk Leitung: Maya Bachmann, Executive Leadership Coach \u00a0\u00a0 Einfach besser werden: Sie werden das Plus unter [&hellip;]<\/p>\n","protected":false},"author":2,"featured_media":0,"parent":0,"menu_order":0,"comment_status":"closed","ping_status":"closed","template":"","meta":{"footnotes":""},"class_list":["post-19064","page","type-page","status-publish","hentry"],"_links":{"self":[{"href":"https:\/\/rolfbrunold.ch\/index.php\/wp-json\/wp\/v2\/pages\/19064","targetHints":{"allow":["GET"]}}],"collection":[{"href":"https:\/\/rolfbrunold.ch\/index.php\/wp-json\/wp\/v2\/pages"}],"about":[{"href":"https:\/\/rolfbrunold.ch\/index.php\/wp-json\/wp\/v2\/types\/page"}],"author":[{"embeddable":true,"href":"https:\/\/rolfbrunold.ch\/index.php\/wp-json\/wp\/v2\/users\/2"}],"replies":[{"embeddable":true,"href":"https:\/\/rolfbrunold.ch\/index.php\/wp-json\/wp\/v2\/comments?post=19064"}],"version-history":[{"count":31,"href":"https:\/\/rolfbrunold.ch\/index.php\/wp-json\/wp\/v2\/pages\/19064\/revisions"}],"predecessor-version":[{"id":19301,"href":"https:\/\/rolfbrunold.ch\/index.php\/wp-json\/wp\/v2\/pages\/19064\/revisions\/19301"}],"wp:attachment":[{"href":"https:\/\/rolfbrunold.ch\/index.php\/wp-json\/wp\/v2\/media?parent=19064"}],"curies":[{"name":"wp","href":"https:\/\/api.w.org\/{rel}","templated":true}]}}