{"id":18227,"date":"2021-02-05T13:36:00","date_gmt":"2021-02-05T12:36:00","guid":{"rendered":"https:\/\/rolfbrunold.ch\/?page_id=18227"},"modified":"2022-10-13T16:10:48","modified_gmt":"2022-10-13T14:10:48","slug":"partner-2","status":"publish","type":"page","link":"https:\/\/rolfbrunold.ch\/index.php\/partner-2\/","title":{"rendered":"Partner"},"content":{"rendered":"<div class=\"wpb-content-wrapper\"><p>[vc_row][vc_column width=&#8220;1\/1&#8243;][vc_column_text]<\/p>\n<h3 style=\"font: 28px\/normal 'Open Sans', Arial, Helvetica, sans-serif; margin: 0px 0px 20px; padding: 0px; border: 0px currentColor; color: #333333; text-transform: none; text-indent: 0px; letter-spacing: normal; word-spacing: 0px; vertical-align: baseline; white-space: normal; orphans: 2; widows: 2; font-size-adjust: none; font-stretch: normal; background-color: #ffffff; -webkit-text-stroke-width: 0px; text-decoration-style: initial; text-decoration-color: initial;\"><span style=\"font-size: 18pt;\"><strong>Profitieren Sie von erfahrenen Trainer, Coaches und Beratern aus meinem Netzwerk<\/strong><\/span><\/h3>\n<p style=\"margin: 0px 0px 20px; padding: 0px; border: 0px currentColor; color: #424242; text-transform: none; line-height: inherit; text-indent: 0px; letter-spacing: normal; font-family: 'Open Sans', Arial, Helvetica, sans-serif; font-size: 16px; font-style: normal; font-weight: normal; word-spacing: 0px; vertical-align: baseline; white-space: normal; orphans: 2; widows: 2; font-stretch: inherit; background-color: #ffffff; -webkit-text-stroke-width: 0px; text-decoration-style: initial; text-decoration-color: initial; font-variant-ligatures: normal; font-variant-caps: normal; font-variant-numeric: inherit;\">Gerne informiere ich Sie \u00fcber die Zusammenarbeit mit:<\/p>\n<p>[\/vc_column_text][\/vc_column][\/vc_row][vc_row][vc_column width=&#8220;1\/2&#8243;][vc_column_text]<img loading=\"lazy\" decoding=\"async\" class=\"size-medium wp-image-19062\" src=\"https:\/\/rolfbrunold.ch\/wp-content\/uploads\/2022\/10\/Maya-Bachmann_sw-300x209.jpg\" alt=\"\" width=\"300\" height=\"209\" srcset=\"https:\/\/rolfbrunold.ch\/wp-content\/uploads\/2022\/10\/Maya-Bachmann_sw-300x209.jpg 300w, https:\/\/rolfbrunold.ch\/wp-content\/uploads\/2022\/10\/Maya-Bachmann_sw-1024x712.jpg 1024w, https:\/\/rolfbrunold.ch\/wp-content\/uploads\/2022\/10\/Maya-Bachmann_sw-768x534.jpg 768w, https:\/\/rolfbrunold.ch\/wp-content\/uploads\/2022\/10\/Maya-Bachmann_sw-1536x1068.jpg 1536w, https:\/\/rolfbrunold.ch\/wp-content\/uploads\/2022\/10\/Maya-Bachmann_sw-2048x1424.jpg 2048w\" sizes=\"auto, (max-width: 300px) 100vw, 300px\" \/><\/p>\n<h2><span style=\"font-size: 14pt;\"><strong>Maya Bachmann<\/strong><\/span><\/h2>\n<p>Maya Bachmann bringt 42 Jahre Berufserfahrung mit, seit 30 Jahren als selbst\u00e4ndige Unternehmerin. Ihre Karriere startete sie in den Bereichen Human Resources und Executive Research. Mit 26 Jahren war sie bereits Gesch\u00e4ftsleiterin einer Agentur. So gelang es ihr 1991, mit der Lizenz eines international anerkannten Trainingsunternehmen in ihre Berufung als Trainerin und Coach einzusteigen. Damit konnte sie sich w\u00e4hrend 13 Jahren hochqualifizierte p\u00e4dagogische Ausbildungen sowie viel Erfahrung mit mehreren tausend Teilnehmerinnen und Teilnehmern aneignen. Weitere Aus- und Weiterbildungen sowie ihr grosses Interesse an Pers\u00f6nlichkeitsbildung, Psychologie, Mentaltraining, Neurowissenschaften, Spiritualit\u00e4t wie auch strategischer Organisationsentwicklung haben dazu gef\u00fchrt, dass sie sich 2004 unter ihrem eigenen Namen auf diese Bereiche spezialisierte. Ihre Mandatsauftr\u00e4ge erfolgen meist auf Empfehlung ihrer Kunden, die in Gesch\u00e4ftsleitungen, Verwaltungsr\u00e4ten oder im erweiterten Kader t\u00e4tig sind. Ihre Leidenschaft, ihr Herzblut und ihre Begeisterung f\u00fcr das Voranbringen von Menschen und Unternehmen ist schon bei der ersten Begegnung ganz offensichtlich.[\/vc_column_text][\/vc_column][vc_column width=&#8220;1\/2&#8243;][vc_column_text]<\/p>\n<h2><a href=\"https:\/\/rolfbrunold.ch\/index.php\/__trashed\/wiederkehr-simone-sw-1-orig-quer\/\" rel=\"attachment wp-att-18175\"><img loading=\"lazy\" decoding=\"async\" class=\"alignnone wp-image-18175 size-medium\" src=\"https:\/\/rolfbrunold.ch\/wp-content\/uploads\/2021\/02\/Wiederkehr-Simone-sw-1-orig-quer-300x200.jpg\" alt=\"\" width=\"300\" height=\"200\" srcset=\"https:\/\/rolfbrunold.ch\/wp-content\/uploads\/2021\/02\/Wiederkehr-Simone-sw-1-orig-quer-300x200.jpg 300w, https:\/\/rolfbrunold.ch\/wp-content\/uploads\/2021\/02\/Wiederkehr-Simone-sw-1-orig-quer-768x512.jpg 768w, https:\/\/rolfbrunold.ch\/wp-content\/uploads\/2021\/02\/Wiederkehr-Simone-sw-1-orig-quer-600x400.jpg 600w, https:\/\/rolfbrunold.ch\/wp-content\/uploads\/2021\/02\/Wiederkehr-Simone-sw-1-orig-quer.jpg 999w\" sizes=\"auto, (max-width: 300px) 100vw, 300px\" \/><\/a><\/h2>\n<h2><span style=\"font-size: 14pt;\"><strong>Simone Wiederkehr<\/strong><\/span><\/h2>\n<p>Simone Wiederkehr sammelte ihre ersten Erfahrungen im Bereich Dienstleistungsqualit\u00e4t und Mitarbeiterf\u00fchrung als ausgebildete Hotel- und Touristikfachfrau. Die Freude am Verkauf und die Erkenntnis welchen Unterschied Team Dynamik in einem Unternehmen ausmachen kann, bewog sie sich selbst\u00e4ndig zu machen. Von 1988 bis 2005 hat Simone Wiederkehr ihren Karriereweg bei einem amerikanischen Konzern gestartet und qualifizierte sich zur erfolgreichsten weiblichen Vertragsh\u00e4ndlerin ihrer Branche w\u00e4hrend dieser Zeit. Der Aufbau Ihres Unternehmens und die kontinuierliche Aus- und Weiterbildung in den Bereichen Mitarbeiterauswahl und -entwicklung sowie die Leitung dieser Bereiche im Businessalltag, bilden heute die Basis.[\/vc_column_text][\/vc_column][\/vc_row][vc_row][vc_column width=&#8220;1\/2&#8243;][vc_column_text]<\/p>\n<h2><\/h2>\n<h2><span style=\"font-size: 14pt;\"><strong><img loading=\"lazy\" decoding=\"async\" class=\"alignnone size-medium wp-image-18144\" src=\"https:\/\/rolfbrunold.ch\/wp-content\/uploads\/2021\/02\/Bosshard_Hansruedi-sw-1-300x200.jpg\" alt=\"\" width=\"300\" height=\"200\" srcset=\"https:\/\/rolfbrunold.ch\/wp-content\/uploads\/2021\/02\/Bosshard_Hansruedi-sw-1-300x200.jpg 300w, https:\/\/rolfbrunold.ch\/wp-content\/uploads\/2021\/02\/Bosshard_Hansruedi-sw-1-1024x681.jpg 1024w, https:\/\/rolfbrunold.ch\/wp-content\/uploads\/2021\/02\/Bosshard_Hansruedi-sw-1-768x511.jpg 768w, https:\/\/rolfbrunold.ch\/wp-content\/uploads\/2021\/02\/Bosshard_Hansruedi-sw-1-600x400.jpg 600w, https:\/\/rolfbrunold.ch\/wp-content\/uploads\/2021\/02\/Bosshard_Hansruedi-sw-1.jpg 1200w\" sizes=\"auto, (max-width: 300px) 100vw, 300px\" \/><\/strong><\/span><\/h2>\n<h2><span style=\"font-size: 14pt;\"><strong>Hansruedi Bosshard<\/strong><\/span><\/h2>\n<p>Hansruedi Bosshard bringt \u00fcber 30 Jahre Berufserfahrung in verschiedensten F\u00fchrungspositionen mit. Er f\u00fchrte internationale Verkaufsteams in globalen Unternehmen, leitete komplexe IT Projekte, gr\u00fcndete und entwickelte Startup Firmen. Er ist ausgebildeter Kursleiter (SVEB) und hat Abschl\u00fcsse in Wirtschaft und Marketing. Er ist als Dozent und Coach in den Bereichen Teamf\u00fchrung und Projektmanagement t\u00e4tig.[\/vc_column_text][\/vc_column][vc_column][\/vc_column][vc_column][\/vc_column][\/vc_row]<\/p>\n<\/div>","protected":false},"excerpt":{"rendered":"<p>[vc_row][vc_column width=&#8220;1\/1&#8243;][vc_column_text] Profitieren Sie von erfahrenen Trainer, Coaches und Beratern aus meinem Netzwerk Gerne informiere ich Sie \u00fcber die Zusammenarbeit mit: [\/vc_column_text][\/vc_column][\/vc_row][vc_row][vc_column width=&#8220;1\/2&#8243;][vc_column_text] Maya Bachmann Maya Bachmann bringt 42 Jahre Berufserfahrung mit, seit 30 Jahren als selbst\u00e4ndige Unternehmerin. Ihre Karriere startete sie in den Bereichen Human Resources und Executive Research. Mit 26 Jahren war sie bereits Gesch\u00e4ftsleiterin einer Agentur. So gelang es ihr 1991, mit der Lizenz eines international anerkannten Trainingsunternehmen in ihre Berufung als Trainerin und Coach einzusteigen. Damit konnte sie sich w\u00e4hrend 13 Jahren hochqualifizierte p\u00e4dagogische Ausbildungen sowie viel Erfahrung mit mehreren tausend Teilnehmerinnen und Teilnehmern aneignen. Weitere Aus- und Weiterbildungen sowie ihr grosses Interesse an Pers\u00f6nlichkeitsbildung, Psychologie, Mentaltraining, Neurowissenschaften, Spiritualit\u00e4t wie auch strategischer Organisationsentwicklung haben dazu gef\u00fchrt, dass sie sich 2004 unter ihrem eigenen Namen auf diese Bereiche spezialisierte. Ihre Mandatsauftr\u00e4ge erfolgen meist auf Empfehlung ihrer Kunden, die in Gesch\u00e4ftsleitungen, Verwaltungsr\u00e4ten oder im erweiterten Kader t\u00e4tig sind. Ihre Leidenschaft, ihr Herzblut und ihre Begeisterung f\u00fcr das Voranbringen von Menschen und Unternehmen ist schon bei der ersten Begegnung ganz offensichtlich.[\/vc_column_text][\/vc_column][vc_column width=&#8220;1\/2&#8243;][vc_column_text] Simone Wiederkehr Simone Wiederkehr sammelte ihre ersten Erfahrungen im Bereich Dienstleistungsqualit\u00e4t und Mitarbeiterf\u00fchrung als ausgebildete Hotel- und Touristikfachfrau. Die Freude am Verkauf und die Erkenntnis welchen Unterschied [&hellip;]<\/p>\n","protected":false},"author":2,"featured_media":0,"parent":0,"menu_order":0,"comment_status":"closed","ping_status":"closed","template":"","meta":{"footnotes":""},"class_list":["post-18227","page","type-page","status-publish","hentry"],"_links":{"self":[{"href":"https:\/\/rolfbrunold.ch\/index.php\/wp-json\/wp\/v2\/pages\/18227","targetHints":{"allow":["GET"]}}],"collection":[{"href":"https:\/\/rolfbrunold.ch\/index.php\/wp-json\/wp\/v2\/pages"}],"about":[{"href":"https:\/\/rolfbrunold.ch\/index.php\/wp-json\/wp\/v2\/types\/page"}],"author":[{"embeddable":true,"href":"https:\/\/rolfbrunold.ch\/index.php\/wp-json\/wp\/v2\/users\/2"}],"replies":[{"embeddable":true,"href":"https:\/\/rolfbrunold.ch\/index.php\/wp-json\/wp\/v2\/comments?post=18227"}],"version-history":[{"count":16,"href":"https:\/\/rolfbrunold.ch\/index.php\/wp-json\/wp\/v2\/pages\/18227\/revisions"}],"predecessor-version":[{"id":19063,"href":"https:\/\/rolfbrunold.ch\/index.php\/wp-json\/wp\/v2\/pages\/18227\/revisions\/19063"}],"wp:attachment":[{"href":"https:\/\/rolfbrunold.ch\/index.php\/wp-json\/wp\/v2\/media?parent=18227"}],"curies":[{"name":"wp","href":"https:\/\/api.w.org\/{rel}","templated":true}]}}