{"id":18087,"date":"2021-01-07T03:10:42","date_gmt":"2021-01-07T02:10:42","guid":{"rendered":"https:\/\/rolfbrunold.ch\/?page_id=18087"},"modified":"2023-04-23T21:33:08","modified_gmt":"2023-04-23T19:33:08","slug":"leadership-basistraining","status":"publish","type":"page","link":"https:\/\/rolfbrunold.ch\/index.php\/leadership-basistraining\/","title":{"rendered":"Leadership-Basistraining"},"content":{"rendered":"<div class=\"wpb-content-wrapper\"><p>[vc_row][vc_column width=&#8220;2\/3&#8243;][vc_column_text]<\/p>\n<h1><strong>Das Leadership-Basistraining<\/strong><\/h1>\n<p>Ein Trainingsprogramm f\u00fcr alle Mitarbeiter, die sich auf eine F\u00fchrungs- und \/ oder Projektmanagement Position vorbereiten wollen.<\/p>\n<p>Sie trainieren jene praktischen F\u00e4higkeiten, die Ihnen helfen, in einer Position als TeamleaderIn oder ProjektleiterIn Mitarbeiter zu f\u00fchren und zu einem starken Team zu entwickeln. Sie lernen, Ihre Beziehungen zu anderen zu st\u00e4rken und sich als <b>F\u00fchrungsperson<\/b> auf die schnell wechselnden Bedingungen in einer anspruchsvollen, multifunktionalen\u00a0 Arbeitswelt vorzubereiten. Sie entwickeln Ihre F\u00e4higkeiten als kompetente F\u00fchrungsperson, \u00fcberzeugender Kommunikator und motivierender Leader.<\/p>\n<p>Sie lernen verschiedene F\u00fchrungstechniken und F\u00fchrungsstile kennen und anwenden. Sie lernen, wie erfolgreiche Teams zusammengestellt werden, und wie Teams zu H\u00f6chstleistungen bef\u00e4higt werden. Des weiteren lernen Sie, wie man Konfliktsituationen fr\u00fchzeitig erkennen und entsch\u00e4rfen kann.<\/p>\n<p>Nach diesem Kurs sind Sie bef\u00e4higt als Leader die F\u00fchrung von Projekt- und\/ oder Arbeitsgruppen zu \u00fcbernehmen und ihr Team zum gemeinsamen Erfolg zu f\u00fchren<\/p>\n<p>Sie arbeiten in acht Trainingseinheiten im Intervall an den Ursachen, in einem kontinuierlichen Wachstumszyklus in vier Phasen:<\/p>\n<ul>\n<li><strong>Einstellung<\/strong> &#8211; Sich weiterbilden, sich vor Augen halten, was aus Ihnen werden kann<\/li>\n<li><strong>Wissen<\/strong> &#8211; Informationen, Werkzeuge, Methoden und Strategien<\/li>\n<li><strong>Praxis<\/strong> &#8211; Anwendung des Wissens in der Praxis, in realen, eigenen Alltagssituationen<\/li>\n<li><strong>Vertiefung<\/strong> &#8211; Weiterer Ausbau der Kenntnisse, um Spitzenleistungen zu erm\u00f6glichen<\/li>\n<\/ul>\n<p>Die TeilnehmerInnen lernen die erfolgsrelevanten Prinzipien im Tagesgesch\u00e4ft umzusetzen. Das schafft eine solide Basis, welche die Absolventen in ihrer lebenslangen Laufbahn &#8211; im Beruf, privat und in der Gesellschaft &#8211; \u00e4usserst wirksam begleitet. Bereiten Sie sich optimal auf Ihre neue F\u00fchrungsrolle vor!<\/p>\n<p>Dieses \u00f6ffentliche Leadership-Basistraining wird mit max. acht Teilnehmenden an acht Halbtagen durchgef\u00fchrt. Es wird bewusst im Intervall trainiert, damit das Erlernte unmittelbar im beruflichen Alltag angewendet werden kann. Zur Effizienzsteigerung empfehlen wir einen Arbeitsaufwand zwischen den Modulen von zwei bis sechs Stunden.<\/p>\n<p><strong>Zielgruppe:<\/strong> Berufsleute, die sich auf eine neue F\u00fchrungsrolle (Abt.-\/Projekt-\/Teamleitung) vorbereiten wollen \u2013 oder wer sich dazu berufen f\u00fchlt.<\/p>\n<p><strong>Durchf\u00fchrung:<\/strong> Auf Anfrage<br \/>\n<strong>Ort:<\/strong>\u00a0Region Z\u00fcrich<\/p>\n<p><strong>Investition:<\/strong> CHF 3900 inkl. Infrastruktur, Kursmaterial und Pausengetr\u00e4nk<br \/>\n<strong>Leitung:<\/strong> Hansruedi Bosshard<\/p>\n<a href=\"https:\/\/rolfbrunold.ch\/index.php\/anmeldung-Leadership-Basistraining\/\" target=\"_self\" class=\"button color-3 small \" style=\"border-radius: 2px;\">Anfrage<\/a>\n<p>Einfach besser werden: Sie werden das Plus unter dem Strich feststellen.<\/p>\n<p style=\"margin: 0px 0px 20px; padding: 0px; border: 0px currentColor; color: #424242; text-transform: none; line-height: inherit; text-indent: 0px; letter-spacing: normal; font-family: 'Open Sans', Arial, Helvetica, sans-serif; font-size: 16px; font-style: normal; font-weight: normal; word-spacing: 0px; vertical-align: baseline; white-space: normal; orphans: 2; widows: 2; font-stretch: inherit; background-color: #ffffff; font-variant-ligatures: normal; font-variant-caps: normal; -webkit-text-stroke-width: 0px; text-decoration-style: initial; text-decoration-color: initial; font-variant-numeric: inherit;\">Gerne stehe ich Ihnen bei weiteren Fragen zur Verf\u00fcgung, oder vereinbaren Sie jetzt ein erstes unverbindliches Gespr\u00e4ch unter <strong>044 888 60 60<\/strong>. Ein Anruf oder eine E-Mail gen\u00fcgt.<\/p>\n<a href=\"https:\/\/rolfbrunold.ch\/index.php\/kontakt\/\" target=\"_self\" class=\"button color-1 small \" style=\"border-radius: 2px;\">Kontakt<\/a>[\/vc_column_text][\/vc_column][vc_column width=&#8220;1\/3&#8243;]<div class=\"single_image wpb_content_element align-left    \" data-animation=\"none\" data-delay=\"0\"><a href=\"https:\/\/rolfbrunold.ch\/wp-content\/uploads\/2023\/04\/R_B_Flyer-LBT-V4.5-o.-Datum.pdf\" target=\"_blank\"><img loading=\"lazy\" decoding=\"async\" width=\"720\" height=\"1040\" src=\"https:\/\/rolfbrunold.ch\/wp-content\/uploads\/2023\/04\/Folie1-2.jpg\" class=\"attachment-full\" alt=\"\" title=\"Folie1\" srcset=\"https:\/\/rolfbrunold.ch\/wp-content\/uploads\/2023\/04\/Folie1-2.jpg 720w, https:\/\/rolfbrunold.ch\/wp-content\/uploads\/2023\/04\/Folie1-2-208x300.jpg 208w, https:\/\/rolfbrunold.ch\/wp-content\/uploads\/2023\/04\/Folie1-2-709x1024.jpg 709w\" sizes=\"auto, (max-width: 720px) 100vw, 720px\" \/><\/a><\/div><div class=\"single_image wpb_content_element align-left    \" data-animation=\"none\" data-delay=\"0\"><img loading=\"lazy\" decoding=\"async\" width=\"297\" height=\"170\" src=\"https:\/\/rolfbrunold.ch\/wp-content\/uploads\/2021\/08\/Ich-will.jpg\" class=\"attachment-full\" alt=\"\" title=\"Ich will\" \/><\/div>[\/vc_column][\/vc_row]<\/p>\n<\/div>","protected":false},"excerpt":{"rendered":"<p>[vc_row][vc_column width=&#8220;2\/3&#8243;][vc_column_text] Das Leadership-Basistraining Ein Trainingsprogramm f\u00fcr alle Mitarbeiter, die sich auf eine F\u00fchrungs- und \/ oder Projektmanagement Position vorbereiten wollen. Sie trainieren jene praktischen F\u00e4higkeiten, die Ihnen helfen, in einer Position als TeamleaderIn oder ProjektleiterIn Mitarbeiter zu f\u00fchren und zu einem starken Team zu entwickeln. Sie lernen, Ihre Beziehungen zu anderen zu st\u00e4rken und sich als F\u00fchrungsperson auf die schnell wechselnden Bedingungen in einer anspruchsvollen, multifunktionalen\u00a0 Arbeitswelt vorzubereiten. Sie entwickeln Ihre F\u00e4higkeiten als kompetente F\u00fchrungsperson, \u00fcberzeugender Kommunikator und motivierender Leader. Sie lernen verschiedene F\u00fchrungstechniken und F\u00fchrungsstile kennen und anwenden. Sie lernen, wie erfolgreiche Teams zusammengestellt werden, und wie Teams zu H\u00f6chstleistungen bef\u00e4higt werden. Des weiteren lernen Sie, wie man Konfliktsituationen fr\u00fchzeitig erkennen und entsch\u00e4rfen kann. Nach diesem Kurs sind Sie bef\u00e4higt als Leader die F\u00fchrung von Projekt- und\/ oder Arbeitsgruppen zu \u00fcbernehmen und ihr Team zum gemeinsamen Erfolg zu f\u00fchren Sie arbeiten in acht Trainingseinheiten im Intervall an den Ursachen, in einem kontinuierlichen Wachstumszyklus in vier Phasen: Einstellung &#8211; Sich weiterbilden, sich vor Augen halten, was aus Ihnen werden kann Wissen &#8211; Informationen, Werkzeuge, Methoden und Strategien Praxis &#8211; Anwendung des Wissens in der Praxis, in realen, eigenen Alltagssituationen Vertiefung &#8211; Weiterer Ausbau der Kenntnisse, um Spitzenleistungen zu erm\u00f6glichen [&hellip;]<\/p>\n","protected":false},"author":2,"featured_media":0,"parent":0,"menu_order":0,"comment_status":"closed","ping_status":"closed","template":"","meta":{"footnotes":""},"class_list":["post-18087","page","type-page","status-publish","hentry"],"_links":{"self":[{"href":"https:\/\/rolfbrunold.ch\/index.php\/wp-json\/wp\/v2\/pages\/18087","targetHints":{"allow":["GET"]}}],"collection":[{"href":"https:\/\/rolfbrunold.ch\/index.php\/wp-json\/wp\/v2\/pages"}],"about":[{"href":"https:\/\/rolfbrunold.ch\/index.php\/wp-json\/wp\/v2\/types\/page"}],"author":[{"embeddable":true,"href":"https:\/\/rolfbrunold.ch\/index.php\/wp-json\/wp\/v2\/users\/2"}],"replies":[{"embeddable":true,"href":"https:\/\/rolfbrunold.ch\/index.php\/wp-json\/wp\/v2\/comments?post=18087"}],"version-history":[{"count":50,"href":"https:\/\/rolfbrunold.ch\/index.php\/wp-json\/wp\/v2\/pages\/18087\/revisions"}],"predecessor-version":[{"id":19300,"href":"https:\/\/rolfbrunold.ch\/index.php\/wp-json\/wp\/v2\/pages\/18087\/revisions\/19300"}],"wp:attachment":[{"href":"https:\/\/rolfbrunold.ch\/index.php\/wp-json\/wp\/v2\/media?parent=18087"}],"curies":[{"name":"wp","href":"https:\/\/api.w.org\/{rel}","templated":true}]}}