{"id":16290,"date":"2017-08-02T23:21:25","date_gmt":"2017-08-02T21:21:25","guid":{"rendered":"https:\/\/rolfbrunold.ch\/?page_id=16290"},"modified":"2017-09-26T15:32:53","modified_gmt":"2017-09-26T13:32:53","slug":"anmeldung-praesentation","status":"publish","type":"page","link":"https:\/\/rolfbrunold.ch\/index.php\/anmeldung-praesentation\/","title":{"rendered":"Anmeldung Pr\u00e4sentations-Training"},"content":{"rendered":"<div class=\"wpb-content-wrapper\"><p>[vc_row][vc_column width=&#8220;1\/1&#8243;][vc_column_text]Ich melde mich an:[\/vc_column_text][\/vc_column][\/vc_row][vc_row][vc_column width=&#8220;1\/1&#8243;]\n<div class=\"wpcf7 no-js\" id=\"wpcf7-f16285-o1\" lang=\"de-DE\" dir=\"ltr\" data-wpcf7-id=\"16285\">\n<div class=\"screen-reader-response\"><p role=\"status\" aria-live=\"polite\" aria-atomic=\"true\"><\/p> <ul><\/ul><\/div>\n<form action=\"\/index.php\/wp-json\/wp\/v2\/pages\/16290#wpcf7-f16285-o1\" method=\"post\" class=\"wpcf7-form init\" aria-label=\"Kontaktformular\" novalidate=\"novalidate\" data-status=\"init\">\n<fieldset class=\"hidden-fields-container\"><input type=\"hidden\" name=\"_wpcf7\" value=\"16285\" \/><input type=\"hidden\" name=\"_wpcf7_version\" value=\"6.1.5\" \/><input type=\"hidden\" name=\"_wpcf7_locale\" value=\"de_DE\" \/><input type=\"hidden\" name=\"_wpcf7_unit_tag\" value=\"wpcf7-f16285-o1\" \/><input type=\"hidden\" name=\"_wpcf7_container_post\" value=\"0\" \/><input type=\"hidden\" name=\"_wpcf7_posted_data_hash\" value=\"\" \/>\n<\/fieldset>\n<p><span class=\"wpcf7-form-control-wrap\" data-name=\"checkbox-910\"><span class=\"wpcf7-form-control wpcf7-checkbox\"><span class=\"wpcf7-list-item first last\"><input type=\"checkbox\" name=\"checkbox-910[]\" value=\"Das Pr\u00e4sentations-Training:                         Donnerstag\/Freitag, 21.\/22. Mai 2026, 08.15 \u2013 17.00 Uhr Bassersdorf (2 Tage)\" \/><span class=\"wpcf7-list-item-label\">Das Pr\u00e4sentations-Training:                         Donnerstag\/Freitag, 21.\/22. Mai 2026, 08.15 \u2013 17.00 Uhr Bassersdorf (2 Tage)<\/span><\/span><\/span><\/span><br \/>\n<span class=\"wpcf7-form-control-wrap\" data-name=\"checkbox-910\"><span class=\"wpcf7-form-control wpcf7-checkbox\"><span class=\"wpcf7-list-item first last\"><input type=\"checkbox\" name=\"checkbox-910[]\" value=\"Das Pr\u00e4sentations-Training:                         Donnerstag\/Freitag, 05.\/06. November 2026, 08.15 \u2013 17.00 Uhr Bassersdorf (2 Tage)\" \/><span class=\"wpcf7-list-item-label\">Das Pr\u00e4sentations-Training:                         Donnerstag\/Freitag, 05.\/06. November 2026, 08.15 \u2013 17.00 Uhr Bassersdorf (2 Tage)<\/span><\/span><\/span><\/span>\n<\/p>\n<p><label> Anrede*<br \/>\n<span class=\"wpcf7-form-control-wrap\" data-name=\"Anrede\"><input size=\"40\" maxlength=\"400\" class=\"wpcf7-form-control wpcf7-text wpcf7-validates-as-required\" aria-required=\"true\" aria-invalid=\"false\" value=\"\" type=\"text\" name=\"Anrede\" \/><\/span> <\/label>\n<\/p>\n<p><label> Vorname und Name*<br \/>\n<span class=\"wpcf7-form-control-wrap\" data-name=\"Vorname\"><input size=\"40\" maxlength=\"400\" class=\"wpcf7-form-control wpcf7-text wpcf7-validates-as-required\" aria-required=\"true\" aria-invalid=\"false\" value=\"\" type=\"text\" name=\"Vorname\" \/><\/span> <\/label>\n<\/p>\n<p><label> Firma<br \/>\n<span class=\"wpcf7-form-control-wrap\" data-name=\"Firma\"><input size=\"40\" maxlength=\"400\" class=\"wpcf7-form-control wpcf7-text\" aria-invalid=\"false\" value=\"\" type=\"text\" name=\"Firma\" \/><\/span> <\/label>\n<\/p>\n<p><label> Strasse und Nr.*<br \/>\n<span class=\"wpcf7-form-control-wrap\" data-name=\"Strasse\"><input size=\"40\" maxlength=\"400\" class=\"wpcf7-form-control wpcf7-text wpcf7-validates-as-required\" aria-required=\"true\" aria-invalid=\"false\" value=\"\" type=\"text\" name=\"Strasse\" \/><\/span> <\/label>\n<\/p>\n<p><label> PLZ und Ort*<br \/>\n<span class=\"wpcf7-form-control-wrap\" data-name=\"PLZ\"><input size=\"40\" maxlength=\"400\" class=\"wpcf7-form-control wpcf7-text wpcf7-validates-as-required\" aria-required=\"true\" aria-invalid=\"false\" value=\"\" type=\"text\" name=\"PLZ\" \/><\/span> <\/label>\n<\/p>\n<p><label> E-Mail*<br \/>\n<span class=\"wpcf7-form-control-wrap\" data-name=\"E-Mail\"><input size=\"40\" maxlength=\"400\" class=\"wpcf7-form-control wpcf7-text wpcf7-validates-as-required\" aria-required=\"true\" aria-invalid=\"false\" value=\"\" type=\"text\" name=\"E-Mail\" \/><\/span> <\/label>\n<\/p>\n<p><label> Telefon<br \/>\n<span class=\"wpcf7-form-control-wrap\" data-name=\"Telefon\"><input size=\"40\" maxlength=\"400\" class=\"wpcf7-form-control wpcf7-text\" aria-invalid=\"false\" value=\"\" type=\"text\" name=\"Telefon\" \/><\/span> <\/label>\n<\/p>\n<p><label> Nachricht<br \/>\n<span class=\"wpcf7-form-control-wrap\" data-name=\"Bemerkungen\"><textarea cols=\"40\" rows=\"10\" maxlength=\"2000\" class=\"wpcf7-form-control wpcf7-textarea\" aria-invalid=\"false\" name=\"Bemerkungen\"><\/textarea><\/span> <\/label>\n<\/p>\n<p>Investition:<br \/>\nCHF 2200 inkl. Unterlagen, Mittagessen und Pausengetr\u00e4nk<br \/>\n<span id=\"wpcf7-69f1f40646d43-wrapper\" class=\"wpcf7-form-control-wrap honeypot-679-wrap\" style=\"display:none !important; visibility:hidden !important;\"><label for=\"wpcf7-69f1f40646d43-field\" class=\"hp-message\">Bitte lasse dieses Feld leer.<\/label><input id=\"wpcf7-69f1f40646d43-field\"  class=\"wpcf7-form-control wpcf7-text\" type=\"text\" name=\"honeypot-679\" value=\"\" size=\"40\" tabindex=\"-1\" autocomplete=\"new-password\" \/><\/span><span id=\"wpcf7-69f1f40646dee-wrapper\" class=\"wpcf7-form-control-wrap honeypot-22-wrap\" style=\"display:none !important; visibility:hidden !important;\"><label for=\"wpcf7-69f1f40646dee-field\" class=\"hp-message\">Bitte lasse dieses Feld leer.<\/label><input id=\"wpcf7-69f1f40646dee-field\"  class=\"wpcf7-form-control wpcf7-text\" type=\"text\" name=\"honeypot-22\" value=\"\" size=\"40\" tabindex=\"-1\" autocomplete=\"new-password\" \/><\/span>\n<\/p>\n<p>Rechnung geht an:<br \/>\n<span class=\"wpcf7-form-control-wrap\" data-name=\"checkbox-908\"><span class=\"wpcf7-form-control wpcf7-checkbox\"><span class=\"wpcf7-list-item first last\"><input type=\"checkbox\" name=\"checkbox-908[]\" value=\"Gesch\u00e4ft\" \/><span class=\"wpcf7-list-item-label\">Gesch\u00e4ft<\/span><\/span><\/span><\/span><br \/>\n<span class=\"wpcf7-form-control-wrap\" data-name=\"checkbox-908\"><span class=\"wpcf7-form-control wpcf7-checkbox\"><span class=\"wpcf7-list-item first last\"><input type=\"checkbox\" name=\"checkbox-908[]\" value=\"Privat\" \/><span class=\"wpcf7-list-item-label\">Privat<\/span><\/span><\/span><\/span><br \/>\n<span id=\"wpcf7-69f1f40646f08-wrapper\" class=\"wpcf7-form-control-wrap honeypot-993-wrap\" style=\"display:none !important; visibility:hidden !important;\"><label for=\"wpcf7-69f1f40646f08-field\" class=\"hp-message\">Bitte lasse dieses Feld leer.<\/label><input id=\"wpcf7-69f1f40646f08-field\"  class=\"wpcf7-form-control wpcf7-text\" type=\"text\" name=\"honeypot-993\" value=\"\" size=\"40\" tabindex=\"-1\" autocomplete=\"new-password\" \/><\/span><span id=\"wpcf7-69f1f40646f50-wrapper\" class=\"wpcf7-form-control-wrap honeypot-993-wrap\" style=\"display:none !important; visibility:hidden !important;\"><label for=\"wpcf7-69f1f40646f50-field\" class=\"hp-message\">Bitte lasse dieses Feld leer.<\/label><input id=\"wpcf7-69f1f40646f50-field\"  class=\"wpcf7-form-control wpcf7-text\" type=\"text\" name=\"honeypot-993\" value=\"\" size=\"40\" tabindex=\"-1\" autocomplete=\"new-password\" \/><\/span><br \/>\nAnnullierung:<br \/>\nSollten Sie am Training nicht teilnehmen k\u00f6nnen, verg\u00fcten wir Ihnen die ganze Geb\u00fchr, sofern Ihre Abmeldung 2 Wochen vor Beginn bei uns eintrifft. Ersatzteilnehmer sind willkommen.\n<\/p>\n<p><input class=\"wpcf7-form-control wpcf7-submit has-spinner\" type=\"submit\" value=\"Senden\" \/>\n<\/p><div class=\"wpcf7-response-output\" aria-hidden=\"true\"><\/div>\n<\/form>\n<\/div>\n[\/vc_column][\/vc_row]<\/p>\n<\/div>","protected":false},"excerpt":{"rendered":"<p>[vc_row][vc_column width=&#8220;1\/1&#8243;][vc_column_text]Ich melde mich an:[\/vc_column_text][\/vc_column][\/vc_row][vc_row][vc_column width=&#8220;1\/1&#8243;][\/vc_column][\/vc_row]<\/p>\n","protected":false},"author":1,"featured_media":0,"parent":0,"menu_order":1,"comment_status":"closed","ping_status":"closed","template":"","meta":{"footnotes":""},"class_list":["post-16290","page","type-page","status-publish","hentry"],"_links":{"self":[{"href":"https:\/\/rolfbrunold.ch\/index.php\/wp-json\/wp\/v2\/pages\/16290","targetHints":{"allow":["GET"]}}],"collection":[{"href":"https:\/\/rolfbrunold.ch\/index.php\/wp-json\/wp\/v2\/pages"}],"about":[{"href":"https:\/\/rolfbrunold.ch\/index.php\/wp-json\/wp\/v2\/types\/page"}],"author":[{"embeddable":true,"href":"https:\/\/rolfbrunold.ch\/index.php\/wp-json\/wp\/v2\/users\/1"}],"replies":[{"embeddable":true,"href":"https:\/\/rolfbrunold.ch\/index.php\/wp-json\/wp\/v2\/comments?post=16290"}],"version-history":[{"count":4,"href":"https:\/\/rolfbrunold.ch\/index.php\/wp-json\/wp\/v2\/pages\/16290\/revisions"}],"predecessor-version":[{"id":16519,"href":"https:\/\/rolfbrunold.ch\/index.php\/wp-json\/wp\/v2\/pages\/16290\/revisions\/16519"}],"wp:attachment":[{"href":"https:\/\/rolfbrunold.ch\/index.php\/wp-json\/wp\/v2\/media?parent=16290"}],"curies":[{"name":"wp","href":"https:\/\/api.w.org\/{rel}","templated":true}]}}