{"id":16232,"date":"2017-07-21T20:49:11","date_gmt":"2017-07-21T18:49:11","guid":{"rendered":"https:\/\/rolfbrunold.ch\/?page_id=16232"},"modified":"2025-10-21T16:50:19","modified_gmt":"2025-10-21T14:50:19","slug":"referenzen","status":"publish","type":"page","link":"https:\/\/rolfbrunold.ch\/index.php\/referenzen\/","title":{"rendered":"Referenzen"},"content":{"rendered":"<div class=\"wpb-content-wrapper\"><p>[vc_row][vc_column width=&#8220;1\/1&#8243;][vc_column_text]<\/p>\n<h1 style=\"font: 28px\/normal 'Open Sans', Arial, Helvetica, sans-serif; margin: 0px 0px 20px; padding: 0px; border: 0px currentColor; color: #333333; text-transform: none; text-indent: 0px; letter-spacing: normal; word-spacing: 0px; vertical-align: baseline; white-space: normal; orphans: 2; widows: 2; font-size-adjust: none; font-stretch: normal; background-color: #ffffff; -webkit-text-stroke-width: 0px; text-decoration-style: initial; text-decoration-color: initial;\"><strong>Kundenstimmen sind die besten Referenzen<\/strong><\/h1>\n<p style=\"margin: 0px 0px 20px; padding: 0px; border: 0px currentColor; color: #424242; text-transform: none; line-height: inherit; text-indent: 0px; letter-spacing: normal; font-family: 'Open Sans', Arial, Helvetica, sans-serif; font-size: 16px; font-style: normal; font-weight: normal; word-spacing: 0px; vertical-align: baseline; white-space: normal; orphans: 2; widows: 2; font-stretch: inherit; background-color: #ffffff; -webkit-text-stroke-width: 0px; text-decoration-style: initial; text-decoration-color: initial; font-variant-ligatures: normal; font-variant-caps: normal; font-variant-numeric: inherit;\">Gerne informiere ich Sie in einem ersten Gespr\u00e4ch \u00fcber die Zusammenarbeit mit:<\/p>\n<p>[\/vc_column_text][\/vc_column][\/vc_row][vc_row][vc_column width=&#8220;1\/2&#8243;][vc_column_text]<\/p>\n<ul>\n<li>AGRO Energie AG<\/li>\n<li>aha personal ag<\/li>\n<li>Allegion International AG<\/li>\n<li>Anandic Medical Systems AG<\/li>\n<li>ANDR\u00c9\u00a0JOE<\/li>\n<li>ast Display &amp; Design GmbH<\/li>\n<li>Baumwerker AG<\/li>\n<li>Bcos Coaching &amp; Consulting<\/li>\n<li>Boflex Floors AG<\/li>\n<li>Blumen Kr\u00e4mer AG<\/li>\n<li>brefis personal ag<\/li>\n<li>Contrik AG<\/li>\n<li>Cyberlink AG<\/li>\n<li>Derby Cycle<\/li>\n<li>Diametal AG<\/li>\n<li>ebs Energie AG<\/li>\n<li>Eigenheim Schweiz GmbH<\/li>\n<li>EKZ<\/li>\n<li>Elias Lusti AG<\/li>\n<li>Enpuls AG<\/li>\n<li>Erne Holzbau AG<\/li>\n<li>Expert Senn<\/li>\n<li>Ferag AG<\/li>\n<li>Flowable AG<\/li>\n<li>Galerie WOS GmbH<\/li>\n<li>Garage Quaranta AG<\/li>\n<li>Graf von Alonso<\/li>\n<li>Hartwag AG<\/li>\n<li>Helvetia Versicherungen<\/li>\n<li>Hitachi Data Systems<\/li>\n<li>Hugo Mosberger Isolationen AG<\/li>\n<li>Inputech AG<\/li>\n<li>Investory AG<\/li>\n<\/ul>\n<p>[\/vc_column_text][\/vc_column][vc_column width=&#8220;1\/2&#8243;][vc_column_text]<\/p>\n<ul>\n<li>K.A. Bl\u00f6chliger AG GLORIA (Schweiz)<\/li>\n<li>Kundert Facility Management GmbH<\/li>\n<li>K\u00fcttel AG<\/li>\n<li>Labelpack AG<\/li>\n<li>Laboratoire Biosth\u00e9tique SA<\/li>\n<li>maneth stiefel ag<\/li>\n<li>Manometer AG \/ WIKA<\/li>\n<li>Meier Gartenbau AG<\/li>\n<li>mobil center dahinden ag<\/li>\n<li>Mondi<\/li>\n<li>Netmap AG<\/li>\n<li>Optrel AG<\/li>\n<li>Planova AG<\/li>\n<li>Renault Suisse SA<\/li>\n<li>Rheinmetall Air Defence AG<\/li>\n<li>Sanawell Business &amp; Lifestyle<\/li>\n<li>Sandvik AG<\/li>\n<li>Schalom Air Catering AG<\/li>\n<li>Schweizerischer Floristenverband SFV<\/li>\n<li>Smart Media Publishing Schweiz GmbH<\/li>\n<li>Soci\u00e9t\u00e9 G\u00e9n\u00e9rale<\/li>\n<li>Specogna Bau AG<\/li>\n<li>Stadtwerk Winterthur<\/li>\n<li>Strickhof Lindau<\/li>\n<li>SWISSLOXX AG<\/li>\n<li>Swisslux AG<\/li>\n<li>Terlinden Textilpflege AG<\/li>\n<li>Tulux AG<\/li>\n<li>Unternehmer <em>FORUM<\/em><\/li>\n<li>Vaudoise Versicherungen<\/li>\n<li>Vectron Systems AG<\/li>\n<li>Welti-Furrer AG<\/li>\n<li>WOS Galerie<\/li>\n<li>WWZ Energie AG<\/li>\n<\/ul>\n<p>[\/vc_column_text][\/vc_column][\/vc_row]<\/p>\n<\/div>","protected":false},"excerpt":{"rendered":"<p>[vc_row][vc_column width=&#8220;1\/1&#8243;][vc_column_text] Kundenstimmen sind die besten Referenzen Gerne informiere ich Sie in einem ersten Gespr\u00e4ch \u00fcber die Zusammenarbeit mit: [\/vc_column_text][\/vc_column][\/vc_row][vc_row][vc_column width=&#8220;1\/2&#8243;][vc_column_text] AGRO Energie AG aha personal ag Allegion International AG Anandic Medical Systems AG ANDR\u00c9\u00a0JOE ast Display &amp; Design GmbH Baumwerker AG Bcos Coaching &amp; Consulting Boflex Floors AG Blumen Kr\u00e4mer AG brefis personal ag Contrik AG Cyberlink AG Derby Cycle Diametal AG ebs Energie AG Eigenheim Schweiz GmbH EKZ Elias Lusti AG Enpuls AG Erne Holzbau AG Expert Senn Ferag AG Flowable AG Galerie WOS GmbH Garage Quaranta AG Graf von Alonso Hartwag AG Helvetia Versicherungen Hitachi Data Systems Hugo Mosberger Isolationen AG Inputech AG Investory AG [\/vc_column_text][\/vc_column][vc_column width=&#8220;1\/2&#8243;][vc_column_text] K.A. Bl\u00f6chliger AG GLORIA (Schweiz) Kundert Facility Management GmbH K\u00fcttel AG Labelpack AG Laboratoire Biosth\u00e9tique SA maneth stiefel ag Manometer AG \/ WIKA Meier Gartenbau AG mobil center dahinden ag Mondi Netmap AG Optrel AG Planova AG Renault Suisse SA Rheinmetall Air Defence AG Sanawell Business &amp; Lifestyle Sandvik AG Schalom Air Catering AG Schweizerischer Floristenverband SFV Smart Media Publishing Schweiz GmbH Soci\u00e9t\u00e9 G\u00e9n\u00e9rale Specogna Bau AG Stadtwerk Winterthur Strickhof Lindau SWISSLOXX AG Swisslux AG Terlinden Textilpflege AG Tulux AG Unternehmer FORUM Vaudoise Versicherungen Vectron Systems AG Welti-Furrer AG WOS [&hellip;]<\/p>\n","protected":false},"author":2,"featured_media":0,"parent":0,"menu_order":0,"comment_status":"closed","ping_status":"closed","template":"","meta":{"footnotes":""},"class_list":["post-16232","page","type-page","status-publish","hentry"],"_links":{"self":[{"href":"https:\/\/rolfbrunold.ch\/index.php\/wp-json\/wp\/v2\/pages\/16232","targetHints":{"allow":["GET"]}}],"collection":[{"href":"https:\/\/rolfbrunold.ch\/index.php\/wp-json\/wp\/v2\/pages"}],"about":[{"href":"https:\/\/rolfbrunold.ch\/index.php\/wp-json\/wp\/v2\/types\/page"}],"author":[{"embeddable":true,"href":"https:\/\/rolfbrunold.ch\/index.php\/wp-json\/wp\/v2\/users\/2"}],"replies":[{"embeddable":true,"href":"https:\/\/rolfbrunold.ch\/index.php\/wp-json\/wp\/v2\/comments?post=16232"}],"version-history":[{"count":50,"href":"https:\/\/rolfbrunold.ch\/index.php\/wp-json\/wp\/v2\/pages\/16232\/revisions"}],"predecessor-version":[{"id":19875,"href":"https:\/\/rolfbrunold.ch\/index.php\/wp-json\/wp\/v2\/pages\/16232\/revisions\/19875"}],"wp:attachment":[{"href":"https:\/\/rolfbrunold.ch\/index.php\/wp-json\/wp\/v2\/media?parent=16232"}],"curies":[{"name":"wp","href":"https:\/\/api.w.org\/{rel}","templated":true}]}}