{"id":16202,"date":"2017-07-21T10:40:46","date_gmt":"2017-07-21T08:40:46","guid":{"rendered":"https:\/\/rolfbrunold.ch\/?page_id=16202"},"modified":"2026-04-12T20:18:41","modified_gmt":"2026-04-12T18:18:41","slug":"informationsabend","status":"publish","type":"page","link":"https:\/\/rolfbrunold.ch\/index.php\/informationsabend\/","title":{"rendered":"Mehr Informationen und Einblick"},"content":{"rendered":"<div class=\"wpb-content-wrapper\"><p>[vc_row][vc_column][vc_column_text]<span style=\"font-size: 14pt;\"><span style=\"font-size: 18pt;\"><b><strong>Holen Sie sich Ihren ganz pers\u00f6nlichen Eindruck, unverbindlich und kostenlos!<\/strong><\/b>\u00a0<\/span> \u00a0 \u00a0<\/span><\/p>\n<p>M\u00f6chten Sie sich noch eingehender \u00fcber das <strong>Kommunikations-Training<\/strong> informieren? Dann empfehle ich Ihnen den ersten Trainingsabend als Gast unverbindlich und kostenlos zu besuchen. Reservieren Sie sich noch heute Ihren Platz und holen Sie sich Ihren ganz pers\u00f6nlichen Eindruck. Die G\u00e4stepl\u00e4tze sind begrenzt.<span style=\"font-size: 14pt;\"><strong>\u00a0 \u00a0 \u00a0 \u00a0 \u00a0 \u00a0 \u00a0 \u00a0 \u00a0 \u00a0 \u00a0 \u00a0 \u00a0 \u00a0 \u00a0 \u00a0 \u00a0 \u00a0 \u00a0 \u00a0 \u00a0 \u00a0 \u00a0 \u00a0 \u00a0 \u00a0 \u00a0 \u00a0 \u00a0 \u00a0\u00a0<\/strong><\/span><\/p>\n<p><span style=\"font-size: 14pt;\"><b><strong>Datum<\/strong>: Mon<\/b><strong>tag, 14. September<\/strong><\/span><span style=\"font-size: 14pt;\"><strong> 2026, 18.30-22.00 Uhr in Bassersdorf<\/strong>\u00a0 \u00a0 \u00a0 <\/span><\/p>\n<p><span style=\"font-size: 14pt;\"><strong><a href=\"https:\/\/rolfbrunold.ch\/index.php\/anmeldung-kommunikation\/\" target=\"_self\" class=\"button color-2 small \" style=\"border-radius: 2px;\">Anmeldung als Gast<\/a><\/strong>\u00a0 \u00a0<\/span><\/p>\n<p>Sie erfahren an diesem Abend auch, egal wie gut Sie dies schon k\u00f6nnen, wie Sie folgende Schl\u00fcsself\u00e4higkeiten einfach trainieren k\u00f6nnen:\u00a0 \u00a0 \u00a0 \u00a0 \u00a0 \u00a0 \u00a0 \u00a0 \u00a0 \u00a0 \u00a0 \u00a0 \u00a0 \u00a0 \u00a0 \u00a0 <strong>Freie Rede und Kommunikation: <\/strong>Nat\u00fcrlich und sicher auftreten, sich auch in schwierigen Situationen kompetent verhalten. Vor einer Gruppe wirkungsvoll kommunizieren, sich durchsetzen.\u00a0 \u00a0 \u00a0 \u00a0 \u00a0 \u00a0 \u00a0 \u00a0 \u00a0 \u00a0 \u00a0 \u00a0 \u00a0 \u00a0 \u00a0 \u00a0 \u00a0 \u00a0 \u00a0 \u00a0 \u00a0 \u00a0 \u00a0 \u00a0 \u00a0 \u00a0 \u00a0 \u00a0 \u00a0 \u00a0 \u00a0 \u00a0 \u00a0 \u00a0 \u00a0 \u00a0 \u00a0 \u00a0 \u00a0 \u00a0 \u00a0 \u00a0 \u00a0 \u00a0 \u00a0 \u00a0 \u00a0 \u00a0 \u00a0 \u00a0 \u00a0 \u00a0 \u00a0 \u00a0 \u00a0 \u00a0 \u00a0 \u00a0 \u00a0 \u00a0 \u00a0 \u00a0 \u00a0 \u00a0 \u00a0 \u00a0 \u00a0 \u00a0 \u00a0 \u00a0 \u00a0 \u00a0 \u00a0 \u00a0 \u00a0 \u00a0 \u00a0 \u00a0 \u00a0 \u00a0 \u00a0 \u00a0 \u00a0 \u00a0 \u00a0 \u00a0 \u00a0 \u00a0 \u00a0 \u00a0 \u00a0 \u00a0 \u00a0 \u00a0 \u00a0 \u00a0 \u00a0 \u00a0 \u00a0 \u00a0 \u00a0 <strong>Sozialkompetenz: <\/strong>Geschickter Umgang mit Menschen, andere motivieren oder kritisieren, ohne zu verletzen. Wie Sie besser verhandeln, oder in Diskussionen Vertrauen gewinnen.\u00a0 \u00a0 \u00a0 \u00a0 \u00a0 \u00a0 \u00a0 \u00a0 \u00a0 \u00a0 \u00a0 \u00a0 \u00a0 \u00a0 \u00a0 \u00a0 \u00a0 \u00a0 \u00a0 \u00a0 \u00a0 \u00a0 \u00a0 \u00a0 \u00a0 \u00a0 \u00a0 \u00a0 \u00a0 \u00a0 \u00a0 \u00a0 \u00a0 \u00a0 \u00a0 \u00a0 \u00a0 \u00a0 \u00a0 \u00a0 \u00a0 \u00a0 \u00a0 \u00a0 \u00a0 \u00a0 \u00a0 \u00a0 \u00a0 \u00a0 \u00a0 \u00a0 \u00a0 \u00a0 \u00a0 \u00a0 \u00a0 \u00a0 \u00a0 \u00a0 \u00a0 \u00a0 \u00a0 \u00a0 \u00a0 \u00a0 \u00a0 \u00a0 \u00a0 \u00a0 \u00a0 \u00a0 \u00a0 \u00a0 \u00a0 \u00a0 \u00a0 \u00a0 \u00a0 \u00a0 \u00a0 \u00a0 \u00a0 \u00a0 \u00a0 \u00a0 \u00a0 \u00a0 \u00a0 \u00a0 \u00a0 \u00a0 \u00a0 \u00a0 \u00a0 \u00a0 \u00a0 \u00a0 \u00a0 \u00a0 \u00a0 \u00a0 \u00a0 <strong>Stress, Druck und Spass: <\/strong>Auch unter Druck und Spannung produktiv arbeiten, Entscheidungen treffen, die Zeit richtig nutzen, mehr Leistung, aber auch mehr Lebensqualit\u00e4t und Freizeit generieren.<\/p>\n<p style=\"margin: 0px 0px 20px; padding: 0px; border: 0px currentColor; color: #424242; text-transform: none; line-height: inherit; text-indent: 0px; letter-spacing: normal; font-family: 'Open Sans', Arial, Helvetica, sans-serif; font-size: 16px; font-style: normal; font-weight: normal; word-spacing: 0px; vertical-align: baseline; white-space: normal; orphans: 2; widows: 2; font-stretch: inherit; background-color: #ffffff; font-variant-ligatures: normal; font-variant-caps: normal; -webkit-text-stroke-width: 0px; text-decoration-style: initial; text-decoration-color: initial; font-variant-numeric: inherit;\">Nutzen Sie die Gelegenheit und holen Sie sich unverbindlich einen Einblick in das Kommunikations-Training.<\/p>\n<p><strong>ROLF BRUNOLD-Trainings<\/strong> sind nicht vergleichbar mit herk\u00f6mmlichen Kursen und Seminaren, sondern es ist ein aktives, praktisches Arbeiten an und mit Ihren pers\u00f6nlichen F\u00e4higkeiten. Die Einzigartigkeit aller Trainings &#8211; und zugleich der Hauptgrund f\u00fcr den grossen Erfolg &#8211; liegt in der Durchf\u00fchrung im Intervall. Es ist keine reine Vermittlung von Wissen, sondern Sie werden die Anleitungen sofort im Alltag umsetzen wollen. Dies ergibt sofort messbar h\u00f6here Resultate w\u00e4hrend den Trainingseinheiten. Dadurch wird sich Ihr beruflicher und auch privater Alltag ver\u00e4ndern.<\/p>\n<p>Einfach besser werden: Sie werden das Plus unter dem Strich feststellen.[\/vc_column_text][\/vc_column][\/vc_row]<\/p>\n<\/div>","protected":false},"excerpt":{"rendered":"<p>[vc_row][vc_column][vc_column_text]Holen Sie sich Ihren ganz pers\u00f6nlichen Eindruck, unverbindlich und kostenlos!\u00a0 \u00a0 \u00a0 M\u00f6chten Sie sich noch eingehender \u00fcber das Kommunikations-Training informieren? Dann empfehle ich Ihnen den ersten Trainingsabend als Gast unverbindlich und kostenlos zu besuchen. Reservieren Sie sich noch heute Ihren Platz und holen Sie sich Ihren ganz pers\u00f6nlichen Eindruck. Die G\u00e4stepl\u00e4tze sind begrenzt.\u00a0 \u00a0 \u00a0 \u00a0 \u00a0 \u00a0 \u00a0 \u00a0 \u00a0 \u00a0 \u00a0 \u00a0 \u00a0 \u00a0 \u00a0 \u00a0 \u00a0 \u00a0 \u00a0 \u00a0 \u00a0 \u00a0 \u00a0 \u00a0 \u00a0 \u00a0 \u00a0 \u00a0 \u00a0 \u00a0\u00a0 Datum: Montag, 14. September 2026, 18.30-22.00 Uhr in Bassersdorf\u00a0 \u00a0 \u00a0 \u00a0 \u00a0 Sie erfahren an diesem Abend auch, egal wie gut Sie dies schon k\u00f6nnen, wie Sie folgende Schl\u00fcsself\u00e4higkeiten einfach trainieren k\u00f6nnen:\u00a0 \u00a0 \u00a0 \u00a0 \u00a0 \u00a0 \u00a0 \u00a0 \u00a0 \u00a0 \u00a0 \u00a0 \u00a0 \u00a0 \u00a0 \u00a0 Freie Rede und Kommunikation: Nat\u00fcrlich und sicher auftreten, sich auch in schwierigen Situationen kompetent verhalten. Vor einer Gruppe wirkungsvoll kommunizieren, sich durchsetzen.\u00a0 \u00a0 \u00a0 \u00a0 \u00a0 \u00a0 \u00a0 \u00a0 \u00a0 \u00a0 \u00a0 \u00a0 \u00a0 \u00a0 \u00a0 \u00a0 \u00a0 \u00a0 \u00a0 \u00a0 \u00a0 \u00a0 \u00a0 \u00a0 \u00a0 \u00a0 \u00a0 \u00a0 \u00a0 \u00a0 \u00a0 \u00a0 \u00a0 \u00a0 \u00a0 \u00a0 \u00a0 \u00a0 \u00a0 \u00a0 \u00a0 \u00a0 \u00a0 \u00a0 \u00a0 \u00a0 \u00a0 \u00a0 [&hellip;]<\/p>\n","protected":false},"author":2,"featured_media":0,"parent":0,"menu_order":0,"comment_status":"closed","ping_status":"closed","template":"","meta":{"footnotes":""},"class_list":["post-16202","page","type-page","status-publish","hentry"],"_links":{"self":[{"href":"https:\/\/rolfbrunold.ch\/index.php\/wp-json\/wp\/v2\/pages\/16202","targetHints":{"allow":["GET"]}}],"collection":[{"href":"https:\/\/rolfbrunold.ch\/index.php\/wp-json\/wp\/v2\/pages"}],"about":[{"href":"https:\/\/rolfbrunold.ch\/index.php\/wp-json\/wp\/v2\/types\/page"}],"author":[{"embeddable":true,"href":"https:\/\/rolfbrunold.ch\/index.php\/wp-json\/wp\/v2\/users\/2"}],"replies":[{"embeddable":true,"href":"https:\/\/rolfbrunold.ch\/index.php\/wp-json\/wp\/v2\/comments?post=16202"}],"version-history":[{"count":51,"href":"https:\/\/rolfbrunold.ch\/index.php\/wp-json\/wp\/v2\/pages\/16202\/revisions"}],"predecessor-version":[{"id":19944,"href":"https:\/\/rolfbrunold.ch\/index.php\/wp-json\/wp\/v2\/pages\/16202\/revisions\/19944"}],"wp:attachment":[{"href":"https:\/\/rolfbrunold.ch\/index.php\/wp-json\/wp\/v2\/media?parent=16202"}],"curies":[{"name":"wp","href":"https:\/\/api.w.org\/{rel}","templated":true}]}}