{"id":15917,"date":"2017-06-28T13:25:28","date_gmt":"2017-06-28T11:25:28","guid":{"rendered":"https:\/\/rolfbrunold.ch\/?page_id=15917"},"modified":"2026-03-23T16:38:38","modified_gmt":"2026-03-23T15:38:38","slug":"verkauf-2","status":"publish","type":"page","link":"https:\/\/rolfbrunold.ch\/index.php\/verkauf-2\/","title":{"rendered":"Verkauf"},"content":{"rendered":"<div class=\"wpb-content-wrapper\"><p>[vc_row][vc_column width=&#8220;2\/3&#8243;][vc_column_text]<\/p>\n<h1><strong>Das Verkaufs-Training<\/strong><\/h1>\n<p>Sie wissen es: Der Schl\u00fcssel zum Verkaufserfolg liegt in guten Kontakten. Und darin, den gesamten Verkaufsprozess im Griff zu haben, um Beziehungen gewinnbringend f\u00fcr Ihre Kunden und Ihre Firma zu gestalten.<\/p>\n<p>Dieses umfassende Verkaufs-Training ist exakt auf die Schl\u00fcsselbereiche abgestimmt, die den Erfolg ausmachen: Wie Sie wirksam verhandeln, wie Sie neue Referenzen gewinnen, wie Sie mehr Abschl\u00fcsse t\u00e4tigen. Und wie Sie mit geeigneten Werkzeugen immer den aktuellen Stand und den n\u00e4chsten Schritt in jeder Kundenbeziehung \u00fcbersichtlich vor sich haben.<\/p>\n<p>Sie meistern den ganzen Verkaufsprozess, wissen, welches die richtigen Fragen sind, k\u00f6nnen die beste L\u00f6sung pr\u00e4sentieren und kennen den sicheren Weg, um wiederkehrende Auftr\u00e4ge zu erhalten und langfristig Kunden zu gewinnen.<\/p>\n<p>Die TeilnehmerInnen arbeiten an vier Tagen mit je zwei Modulen im Intervall\u00a0an den Ursachen, in einem kontinuierlichen Wachstumszyklus in vier Phasen:<\/p>\n<ul>\n<li><strong>Einstellung<\/strong> &#8211; Sich weiterbilden, sich vor Augen halten, was aus Ihnen werden kann<\/li>\n<li><strong>Wissen<\/strong> &#8211; Informationen, Werkzeuge, Methoden und Strategien<\/li>\n<li><strong>Praxis<\/strong> &#8211; Anwendung des Wissens in der Praxis, in realen, eigenen Alltagssituationen<\/li>\n<li><strong>Vertiefung<\/strong> &#8211; Weiterer Ausbau der Kenntnisse, um Spitzenleistungen zu erm\u00f6glichen<\/li>\n<\/ul>\n<p>Trainieren Sie Ihre &#8222;Verkaufsf\u00e4higkeiten&#8220; mit diesem Intervalltraining!<\/p>\n<p><strong>Das n\u00e4chste Verkaufs-Training startet:<\/strong><\/p>\n<ol>\n<li>Montag, 19. Oktober 2026, von 08.15 Uhr &#8211; 17.00 Uhr<\/li>\n<li>Montag, 02. November 2026<\/li>\n<li>Montag, 16. November 2026<\/li>\n<li>Montag, 30. November 2026<\/li>\n<\/ol>\n<p style=\"margin: 0px 0px 20px; padding: 0px; border: 0px currentColor; color: #424242; text-transform: none; line-height: inherit; text-indent: 0px; letter-spacing: normal; font-family: 'Open Sans', Arial, Helvetica, sans-serif; font-size: 16px; font-style: normal; font-weight: normal; word-spacing: 0px; vertical-align: baseline; white-space: normal; orphans: 2; widows: 2; font-stretch: inherit; background-color: #ffffff; font-variant-ligatures: normal; font-variant-caps: normal; -webkit-text-stroke-width: 0px; text-decoration-style: initial; text-decoration-color: initial; font-variant-numeric: inherit;\"><strong><a href=\"https:\/\/pfarrei-st-franziskus.ch\/ueber-uns\/lageplan\/\">Ort: Bassersdorf<\/a><\/strong><br \/>\n<strong>Investition:<\/strong> CHF 3200 inkl. Kursmaterial, Mittagessen und Pausengetr\u00e4nke<\/p>\n<p><strong><a href=\"https:\/\/rolfbrunold.ch\/index.php\/anmeldung-verkauf\/\" target=\"_self\" class=\"button color-2 small \" style=\"border-radius: 2px;\">Anmelden<\/a><\/strong><\/p>\n<p><span style=\"font-size: 14pt;\"><strong><span style=\"font-size: 18pt;\">Holen Sie sich Ihren ganz pers\u00f6nlichen Eindruck!<\/span>\u00a0 \u00a0 \u00a0 \u00a0 \u00a0 \u00a0 \u00a0 \u00a0 \u00a0 \u00a0 \u00a0 \u00a0 \u00a0 \u00a0 \u00a0 \u00a0 <\/strong><\/span>M\u00f6chten Sie sich noch eingehender \u00fcber das Verkaufs-Training informieren? Dann empfehle ich Ihnen am ersten Trainingstag den Vormittag als Gast unverbindlich und kostenlos zu besuchen. Reservieren Sie sich noch heute Ihren Platz und holen Sie sich Ihren ganz pers\u00f6nlichen Eindruck. Die G\u00e4stepl\u00e4tze sind begrenzt.<\/p>\n<p><strong><a href=\"https:\/\/rolfbrunold.ch\/index.php\/anmeldung-verkauf\/\" target=\"_self\" class=\"button color-2 small \" style=\"border-radius: 2px;\">Anmeldung als Gast<\/a><\/strong><\/p>\n<p style=\"margin: 0px 0px 20px; padding: 0px; border: 0px currentColor; color: #424242; text-transform: none; line-height: inherit; text-indent: 0px; letter-spacing: normal; font-family: 'Open Sans', Arial, Helvetica, sans-serif; font-size: 16px; font-style: normal; font-weight: normal; word-spacing: 0px; vertical-align: baseline; white-space: normal; orphans: 2; widows: 2; font-stretch: inherit; background-color: #ffffff; font-variant-ligatures: normal; font-variant-caps: normal; -webkit-text-stroke-width: 0px; text-decoration-style: initial; text-decoration-color: initial; font-variant-numeric: inherit;\">Gerne stehe ich Ihnen bei weiteren Fragen zur Verf\u00fcgung, oder vereinbaren Sie jetzt ein erstes unverbindliches Gespr\u00e4ch unter <strong>044 888 60 60<\/strong>.\u00a0Ein Anruf oder eine E-Mail gen\u00fcgt.<\/p>\n<p style=\"margin: 0px 0px 20px; padding: 0px; border: 0px currentColor; color: #424242; text-transform: none; line-height: inherit; text-indent: 0px; letter-spacing: normal; font-family: 'Open Sans', Arial, Helvetica, sans-serif; font-size: 16px; font-style: normal; font-weight: normal; word-spacing: 0px; vertical-align: baseline; white-space: normal; orphans: 2; widows: 2; font-stretch: inherit; background-color: #ffffff; font-variant-ligatures: normal; font-variant-caps: normal; -webkit-text-stroke-width: 0px; text-decoration-style: initial; text-decoration-color: initial; font-variant-numeric: inherit;\"><a class=\"button color-1 small \" href=\"https:\/\/rolfbrunold.ch\/index.php\/kontakt\/\" target=\"_self\" rel=\"noopener noreferrer\">KONTAKT<\/a><\/p>\n<p>Alle Trainings k\u00f6nnen auch\u00a0firmenintern durchgef\u00fchrt werden.[\/vc_column_text][\/vc_column][vc_column width=&#8220;1\/3&#8243;]<div class=\"single_image wpb_content_element align-left    \" data-animation=\"none\" data-delay=\"0\"><a href=\"https:\/\/rolfbrunold.ch\/wp-content\/uploads\/2026\/03\/Flyer-VT-orig-QR-Okt26Maerz27-1.pdf\" target=\"_blank\"><img loading=\"lazy\" decoding=\"async\" width=\"720\" height=\"1040\" src=\"https:\/\/rolfbrunold.ch\/wp-content\/uploads\/2026\/03\/Folie1.jpg\" class=\"attachment-full\" alt=\"\" title=\"Folie1\" srcset=\"https:\/\/rolfbrunold.ch\/wp-content\/uploads\/2026\/03\/Folie1.jpg 720w, https:\/\/rolfbrunold.ch\/wp-content\/uploads\/2026\/03\/Folie1-208x300.jpg 208w, https:\/\/rolfbrunold.ch\/wp-content\/uploads\/2026\/03\/Folie1-709x1024.jpg 709w\" sizes=\"auto, (max-width: 720px) 100vw, 720px\" \/><\/a><\/div><div class=\"single_image wpb_content_element align-left    \" data-animation=\"none\" data-delay=\"0\"><img loading=\"lazy\" decoding=\"async\" width=\"297\" height=\"170\" src=\"https:\/\/rolfbrunold.ch\/wp-content\/uploads\/2017\/06\/Ich-will.jpg\" class=\"attachment-full\" alt=\"\" title=\"Ich will\" \/><\/div>[\/vc_column][\/vc_row]<\/p>\n<\/div>","protected":false},"excerpt":{"rendered":"<p>[vc_row][vc_column width=&#8220;2\/3&#8243;][vc_column_text] Das Verkaufs-Training Sie wissen es: Der Schl\u00fcssel zum Verkaufserfolg liegt in guten Kontakten. Und darin, den gesamten Verkaufsprozess im Griff zu haben, um Beziehungen gewinnbringend f\u00fcr Ihre Kunden und Ihre Firma zu gestalten. Dieses umfassende Verkaufs-Training ist exakt auf die Schl\u00fcsselbereiche abgestimmt, die den Erfolg ausmachen: Wie Sie wirksam verhandeln, wie Sie neue Referenzen gewinnen, wie Sie mehr Abschl\u00fcsse t\u00e4tigen. Und wie Sie mit geeigneten Werkzeugen immer den aktuellen Stand und den n\u00e4chsten Schritt in jeder Kundenbeziehung \u00fcbersichtlich vor sich haben. Sie meistern den ganzen Verkaufsprozess, wissen, welches die richtigen Fragen sind, k\u00f6nnen die beste L\u00f6sung pr\u00e4sentieren und kennen den sicheren Weg, um wiederkehrende Auftr\u00e4ge zu erhalten und langfristig Kunden zu gewinnen. Die TeilnehmerInnen arbeiten an vier Tagen mit je zwei Modulen im Intervall\u00a0an den Ursachen, in einem kontinuierlichen Wachstumszyklus in vier Phasen: Einstellung &#8211; Sich weiterbilden, sich vor Augen halten, was aus Ihnen werden kann Wissen &#8211; Informationen, Werkzeuge, Methoden und Strategien Praxis &#8211; Anwendung des Wissens in der Praxis, in realen, eigenen Alltagssituationen Vertiefung &#8211; Weiterer Ausbau der Kenntnisse, um Spitzenleistungen zu erm\u00f6glichen Trainieren Sie Ihre &#8222;Verkaufsf\u00e4higkeiten&#8220; mit diesem Intervalltraining! Das n\u00e4chste Verkaufs-Training startet: Montag, 19. Oktober 2026, von 08.15 Uhr &#8211; 17.00 Uhr Montag, 02. [&hellip;]<\/p>\n","protected":false},"author":2,"featured_media":0,"parent":0,"menu_order":0,"comment_status":"closed","ping_status":"closed","template":"","meta":{"footnotes":""},"class_list":["post-15917","page","type-page","status-publish","hentry"],"_links":{"self":[{"href":"https:\/\/rolfbrunold.ch\/index.php\/wp-json\/wp\/v2\/pages\/15917","targetHints":{"allow":["GET"]}}],"collection":[{"href":"https:\/\/rolfbrunold.ch\/index.php\/wp-json\/wp\/v2\/pages"}],"about":[{"href":"https:\/\/rolfbrunold.ch\/index.php\/wp-json\/wp\/v2\/types\/page"}],"author":[{"embeddable":true,"href":"https:\/\/rolfbrunold.ch\/index.php\/wp-json\/wp\/v2\/users\/2"}],"replies":[{"embeddable":true,"href":"https:\/\/rolfbrunold.ch\/index.php\/wp-json\/wp\/v2\/comments?post=15917"}],"version-history":[{"count":50,"href":"https:\/\/rolfbrunold.ch\/index.php\/wp-json\/wp\/v2\/pages\/15917\/revisions"}],"predecessor-version":[{"id":19922,"href":"https:\/\/rolfbrunold.ch\/index.php\/wp-json\/wp\/v2\/pages\/15917\/revisions\/19922"}],"wp:attachment":[{"href":"https:\/\/rolfbrunold.ch\/index.php\/wp-json\/wp\/v2\/media?parent=15917"}],"curies":[{"name":"wp","href":"https:\/\/api.w.org\/{rel}","templated":true}]}}