{"id":15833,"date":"2017-04-07T13:49:31","date_gmt":"2017-04-07T11:49:31","guid":{"rendered":"https:\/\/rolfbrunold.ch\/?page_id=15833"},"modified":"2021-02-25T13:59:11","modified_gmt":"2021-02-25T12:59:11","slug":"insights","status":"publish","type":"page","link":"https:\/\/rolfbrunold.ch\/index.php\/insights\/","title":{"rendered":"INSIGHTS MDI\u00ae"},"content":{"rendered":"<div class=\"wpb-content-wrapper\"><p>[vc_row][vc_column width=&#8220;2\/3&#8243;][vc_column_text]<strong>INSIGHTS MDI\u00ae ist ein Diagnosesystem, das sowohl Pers\u00f6nlichkeitsprofile als auch situationsbedingte Arbeitsprofile erfassen kann. <\/strong><\/p>\n<p>Die Profile geben einen ganzheitlichen Einblick in die Komplexit\u00e4t menschlicher Verhaltensweisen und Entwicklungspotenziale. Sie zeigen, wie wir uns in Arbeits- und Stresssituationen verhalten und geben uns Einblick in die Unterschiede zwischen unserem nat\u00fcrlichen Verhalten und unserem Rollenverhalten. Die St\u00e4rken\u00a0 von INSIGTHS MDI\u00ae liegen sowohl in der strategischen Personalentwicklung und -ausbildung\u00a0als auch der effizienten Personalauswahl durch gezielte Potenzialerkennung.<\/p>\n<p>INSIGHTS MDI\u00ae\u00a0misst<\/p>\n<p><strong>das WIE &#8211; \u00a0das\u00a0Verhalten<\/strong> unsere nat\u00fcrlichen und angepassten Verhaltenspr\u00e4ferenzen<br \/>\n<strong>das WARUM &#8211; die\u00a0Motive und Werte <\/strong>unser pers\u00f6nliches Antriebssystem<\/p>\n<p>Die Analysen sind online direkt durchf\u00fchrbar &#8211; denn der Erfolg eines Analyseverfahrens liegt in der Akzeptanz der Anwender. Dem tragen die INSIGHTS MDI\u00ae Rechnung. In k\u00fcrzester Zeit liegen die Ergebnisse der Online Tests vor. Leicht verst\u00e4ndlich formuliert, beanspruchen die f\u00fcr die Analyse entwickelten Frageb\u00f6gen zum Ausf\u00fcllen nicht mehr als 15-20 Minuten. Die Auswertung erfolgt als textlicher und grafischer Report, der bis zu 35 Seiten umfasst. Er beinhaltet neben der detaillierten Analyse der ausgewerteten Daten eine F\u00fclle von sofort umsetzbaren Hinweisen f\u00fcr die Praxis.<\/p>\n<p><strong>Rund 80% der Mitarbeiter setzen ihr Potenzial am Arbeitsplatz nicht ein!\u00a0<\/strong>Dies belegen Langzeitstudien des Gallup-Instituts. Ein alarmierendes Ergebnis!<\/p>\n<p>Mit der <strong>INSIGHTS MDI\u00ae Team Rad Auswertung<\/strong> erhalten Sie einen detaillierten Gesamt\u00fcberblick Ihres Unternehmens oder einzelner Abteilungen. Wo liegen die St\u00e4rken und wo besteht Handlungsbedarf.\u00a0\u00a0 Unternehmererfolg beruht auf den richtigen Mitarbeitern und einer Kultur, die es schafft, diese zu binden und zu motivieren. In einer Zeit wo die Finanzkrise und ihre Auswirkungen auf die Wirtschaft und Gesellschaft die Medien beherrschen steht einmal mehr <strong>der Faktor Mensch im Mittelpunkt<\/strong>. Der Mitarbeiter spielt als Ursache des Erfolges \u2013 aber nat\u00fcrlich auch des Misserfolges \u2013 die entscheidende Rolle.<\/p>\n<p><strong>Werden Talente und St\u00e4rken identifiziert und gef\u00f6rdert<\/strong>, sind gute Leistungen und damit der Unternehmenserfolg garantiert. Leider werden in unserem Kulturkreis noch viel zu h\u00e4ufig die Konzentration auf Schw\u00e4chen und Defizite der Mitarbeiter praktiziert. Dies hindert unz\u00e4hlige Menschen Zeit ihres Lebens daran, vorhandene Potenziale aufzubauen und Gewinn bringend unternehmerisch einzusetzen.<\/p>\n<p><strong>\u201eDie Gesellschaft, die Armee und die Schule unterdr\u00fcckt unseren Sch\u00f6pfungsgeist. Wir m\u00fcssen den Mut haben, unseren Ideenreichtum zu bewahren und Kreativit\u00e4t zu f\u00f6rdern.\u201c<\/strong> Nicolas G. Hayek[\/vc_column_text][\/vc_column][vc_column width=&#8220;1\/3&#8243;]<div class=\"single_image wpb_content_element align-left    \" data-animation=\"none\" data-delay=\"0\"><img loading=\"lazy\" decoding=\"async\" width=\"600\" height=\"608\" src=\"https:\/\/rolfbrunold.ch\/wp-content\/uploads\/2017\/04\/INSIGHTS-Rad-8-typen.jpg\" class=\"attachment-full\" alt=\"\" title=\"INSIGHTS-Rad-8-typen\" srcset=\"https:\/\/rolfbrunold.ch\/wp-content\/uploads\/2017\/04\/INSIGHTS-Rad-8-typen.jpg 600w, https:\/\/rolfbrunold.ch\/wp-content\/uploads\/2017\/04\/INSIGHTS-Rad-8-typen-296x300.jpg 296w, https:\/\/rolfbrunold.ch\/wp-content\/uploads\/2017\/04\/INSIGHTS-Rad-8-typen-80x80.jpg 80w\" sizes=\"auto, (max-width: 600px) 100vw, 600px\" \/><\/div><div class=\"single_image wpb_content_element align-left    \" data-animation=\"none\" data-delay=\"0\"><a href=\"https:\/\/rolfbrunold.ch\/wp-content\/uploads\/2021\/02\/Flyer-INSIGHTS-MDI-orig-QR-o.Preis_.pdf\" target=\"_blank\"><img loading=\"lazy\" decoding=\"async\" width=\"960\" height=\"1387\" src=\"https:\/\/rolfbrunold.ch\/wp-content\/uploads\/2021\/02\/Flyer-INSIGHTS-MDI-orig-QR-o.Preis_-pdf.jpg\" class=\"attachment-full\" alt=\"\" title=\"Flyer INSIGHTS MDI orig QR - o.Preis\" \/><\/a><\/div>[\/vc_column][\/vc_row]<\/p>\n<\/div>","protected":false},"excerpt":{"rendered":"<p>[vc_row][vc_column width=&#8220;2\/3&#8243;][vc_column_text]INSIGHTS MDI\u00ae ist ein Diagnosesystem, das sowohl Pers\u00f6nlichkeitsprofile als auch situationsbedingte Arbeitsprofile erfassen kann. Die Profile geben einen ganzheitlichen Einblick in die Komplexit\u00e4t menschlicher Verhaltensweisen und Entwicklungspotenziale. Sie zeigen, wie wir uns in Arbeits- und Stresssituationen verhalten und geben uns Einblick in die Unterschiede zwischen unserem nat\u00fcrlichen Verhalten und unserem Rollenverhalten. Die St\u00e4rken\u00a0 von INSIGTHS MDI\u00ae liegen sowohl in der strategischen Personalentwicklung und -ausbildung\u00a0als auch der effizienten Personalauswahl durch gezielte Potenzialerkennung. INSIGHTS MDI\u00ae\u00a0misst das WIE &#8211; \u00a0das\u00a0Verhalten unsere nat\u00fcrlichen und angepassten Verhaltenspr\u00e4ferenzen das WARUM &#8211; die\u00a0Motive und Werte unser pers\u00f6nliches Antriebssystem Die Analysen sind online direkt durchf\u00fchrbar &#8211; denn der Erfolg eines Analyseverfahrens liegt in der Akzeptanz der Anwender. Dem tragen die INSIGHTS MDI\u00ae Rechnung. In k\u00fcrzester Zeit liegen die Ergebnisse der Online Tests vor. Leicht verst\u00e4ndlich formuliert, beanspruchen die f\u00fcr die Analyse entwickelten Frageb\u00f6gen zum Ausf\u00fcllen nicht mehr als 15-20 Minuten. Die Auswertung erfolgt als textlicher und grafischer Report, der bis zu 35 Seiten umfasst. Er beinhaltet neben der detaillierten Analyse der ausgewerteten Daten eine F\u00fclle von sofort umsetzbaren Hinweisen f\u00fcr die Praxis. Rund 80% der Mitarbeiter setzen ihr Potenzial am Arbeitsplatz nicht ein!\u00a0Dies belegen Langzeitstudien des Gallup-Instituts. Ein alarmierendes Ergebnis! Mit der INSIGHTS MDI\u00ae Team Rad Auswertung [&hellip;]<\/p>\n","protected":false},"author":2,"featured_media":0,"parent":0,"menu_order":1,"comment_status":"closed","ping_status":"closed","template":"","meta":{"footnotes":""},"class_list":["post-15833","page","type-page","status-publish","hentry"],"_links":{"self":[{"href":"https:\/\/rolfbrunold.ch\/index.php\/wp-json\/wp\/v2\/pages\/15833","targetHints":{"allow":["GET"]}}],"collection":[{"href":"https:\/\/rolfbrunold.ch\/index.php\/wp-json\/wp\/v2\/pages"}],"about":[{"href":"https:\/\/rolfbrunold.ch\/index.php\/wp-json\/wp\/v2\/types\/page"}],"author":[{"embeddable":true,"href":"https:\/\/rolfbrunold.ch\/index.php\/wp-json\/wp\/v2\/users\/2"}],"replies":[{"embeddable":true,"href":"https:\/\/rolfbrunold.ch\/index.php\/wp-json\/wp\/v2\/comments?post=15833"}],"version-history":[{"count":18,"href":"https:\/\/rolfbrunold.ch\/index.php\/wp-json\/wp\/v2\/pages\/15833\/revisions"}],"predecessor-version":[{"id":18272,"href":"https:\/\/rolfbrunold.ch\/index.php\/wp-json\/wp\/v2\/pages\/15833\/revisions\/18272"}],"wp:attachment":[{"href":"https:\/\/rolfbrunold.ch\/index.php\/wp-json\/wp\/v2\/media?parent=15833"}],"curies":[{"name":"wp","href":"https:\/\/api.w.org\/{rel}","templated":true}]}}