{"id":15785,"date":"2017-04-05T10:54:38","date_gmt":"2017-04-05T08:54:38","guid":{"rendered":"https:\/\/rolfbrunold.ch\/?page_id=15785"},"modified":"2017-07-20T11:01:23","modified_gmt":"2017-07-20T09:01:23","slug":"assess","status":"publish","type":"page","link":"https:\/\/rolfbrunold.ch\/index.php\/diagnostiktools\/assess\/","title":{"rendered":"Assess"},"content":{"rendered":"<div class=\"wpb-content-wrapper\"><p>[vc_row][vc_column width=&#8220;2\/3&#8243;][vc_column_text]<\/p>\n<h1>ASSESS bietet Ihnen die M\u00f6glichkeit Ihre Unternehmens-strategie in messbare Kompetenzen zu \u00fcbersetzen.<\/h1>\n<p>Das heisst, Sie entwickeln eine an die Unternehmensstrategie angekn\u00fcpfte HR Strategie.<br \/>\nSie <strong>DEFINIEREN<\/strong>, welche F\u00fchrungskompetenzen von Ihnen und Ihrem Team in Zukunft gefordert werden, um die geplanten Unternehmensziele zu erreichen. Diesen Prozess, genannt SSM Prozess &#8211; Strategic Success Modeling, f\u00fchren wir gerne mit Ihnen und Ihren entscheidenden F\u00fchrungsmitgliedern durch.<br \/>\nDas Resultat, ein speziell auf Ihr Unternehmen abgestimmtes Zielkompetenzmodell, bildet die Grundlage f\u00fcr die weiterf\u00fchrenden Massnahmen in der HR Strategie.<\/p>\n<p>Im Anschluss <strong>MESSEN<\/strong> wir mit den ASSESS Kompetenz Analysen die vorhandenen Kompetenzen individuell und teamorientiert und leiten daraus die <strong>ENTWICKLUNGSMASSNAHMEN<\/strong> ab.<\/p>\n<p><strong>ASSESS ist ein umfassendes Testverfahren zur Berufseignungsdiagnostik<\/strong>, das von Bigby, Havis &amp; Associates, einem seit zwei Jahrzehnten auf Testverfahren und Assessmentcenter spezialisierten Beratungsunternehmen, entwickelt wurde. Die eineinhalbj\u00e4hrige Validierung und Normierung der deutschsprachigen Version wurde von der SCHEELEN AG, deutschen Universit\u00e4ten und einem Psychologenteam durchgef\u00fchrt.<\/p>\n<p>Grundlage des ASSESS Instrumentariums ist ein insgesamt 345 Fragen umfassender Fragebogen, der die Auspr\u00e4gung von 24 Pers\u00f6nlichkeitsdimensionen misst.<\/p>\n<p>Beruflicher Erfolg wird dabei als Resultat folgender Faktoren definiert:<\/p>\n<p><strong>Angeborene Eigenschaften<\/strong><br \/>\n= die f\u00fcr die berufliche Performance wichtigen Aspekte nat\u00fcrlicher F\u00e4higkeiten und Pers\u00f6nlichkeitseigenschaften<\/p>\n<p><strong>Angelernte Eigenschaften<\/strong><br \/>\n= die f\u00fcr die berufliche Performance wichtigen Erfahrungen, Fertigkeiten und das Wissen Weltweit anerkannte und durch zahlreiche Validierungsstudien abgesicherte Verfahren wie der Guildford Zimmerman Temperament Survey, der DF Opinion Survey oder das Big Five Model bilden die wissenschaftliche Grundlage f\u00fcr die Entwicklung des ASSESS Modells.[\/vc_column_text][\/vc_column][vc_column width=&#8220;1\/3&#8243;]<div class=\"single_image wpb_content_element align-left    \" data-animation=\"none\" data-delay=\"0\"><\/div>[\/vc_column][\/vc_row]<\/p>\n<\/div>","protected":false},"excerpt":{"rendered":"<p>[vc_row][vc_column width=&#8220;2\/3&#8243;][vc_column_text] ASSESS bietet Ihnen die M\u00f6glichkeit Ihre Unternehmens-strategie in messbare Kompetenzen zu \u00fcbersetzen. Das heisst, Sie entwickeln eine an die Unternehmensstrategie angekn\u00fcpfte HR Strategie. Sie DEFINIEREN, welche F\u00fchrungskompetenzen von Ihnen und Ihrem Team in Zukunft gefordert werden, um die geplanten Unternehmensziele zu erreichen. Diesen Prozess, genannt SSM Prozess &#8211; Strategic Success Modeling, f\u00fchren wir gerne mit Ihnen und Ihren entscheidenden F\u00fchrungsmitgliedern durch. Das Resultat, ein speziell auf Ihr Unternehmen abgestimmtes Zielkompetenzmodell, bildet die Grundlage f\u00fcr die weiterf\u00fchrenden Massnahmen in der HR Strategie. Im Anschluss MESSEN wir mit den ASSESS Kompetenz Analysen die vorhandenen Kompetenzen individuell und teamorientiert und leiten daraus die ENTWICKLUNGSMASSNAHMEN ab. ASSESS ist ein umfassendes Testverfahren zur Berufseignungsdiagnostik, das von Bigby, Havis &amp; Associates, einem seit zwei Jahrzehnten auf Testverfahren und Assessmentcenter spezialisierten Beratungsunternehmen, entwickelt wurde. Die eineinhalbj\u00e4hrige Validierung und Normierung der deutschsprachigen Version wurde von der SCHEELEN AG, deutschen Universit\u00e4ten und einem Psychologenteam durchgef\u00fchrt. Grundlage des ASSESS Instrumentariums ist ein insgesamt 345 Fragen umfassender Fragebogen, der die Auspr\u00e4gung von 24 Pers\u00f6nlichkeitsdimensionen misst. Beruflicher Erfolg wird dabei als Resultat folgender Faktoren definiert: Angeborene Eigenschaften = die f\u00fcr die berufliche Performance wichtigen Aspekte nat\u00fcrlicher F\u00e4higkeiten und Pers\u00f6nlichkeitseigenschaften Angelernte Eigenschaften = die f\u00fcr die berufliche Performance wichtigen Erfahrungen, Fertigkeiten [&hellip;]<\/p>\n","protected":false},"author":1,"featured_media":0,"parent":15779,"menu_order":0,"comment_status":"closed","ping_status":"closed","template":"","meta":{"footnotes":""},"class_list":["post-15785","page","type-page","status-publish","hentry"],"_links":{"self":[{"href":"https:\/\/rolfbrunold.ch\/index.php\/wp-json\/wp\/v2\/pages\/15785","targetHints":{"allow":["GET"]}}],"collection":[{"href":"https:\/\/rolfbrunold.ch\/index.php\/wp-json\/wp\/v2\/pages"}],"about":[{"href":"https:\/\/rolfbrunold.ch\/index.php\/wp-json\/wp\/v2\/types\/page"}],"author":[{"embeddable":true,"href":"https:\/\/rolfbrunold.ch\/index.php\/wp-json\/wp\/v2\/users\/1"}],"replies":[{"embeddable":true,"href":"https:\/\/rolfbrunold.ch\/index.php\/wp-json\/wp\/v2\/comments?post=15785"}],"version-history":[{"count":9,"href":"https:\/\/rolfbrunold.ch\/index.php\/wp-json\/wp\/v2\/pages\/15785\/revisions"}],"predecessor-version":[{"id":16142,"href":"https:\/\/rolfbrunold.ch\/index.php\/wp-json\/wp\/v2\/pages\/15785\/revisions\/16142"}],"up":[{"embeddable":true,"href":"https:\/\/rolfbrunold.ch\/index.php\/wp-json\/wp\/v2\/pages\/15779"}],"wp:attachment":[{"href":"https:\/\/rolfbrunold.ch\/index.php\/wp-json\/wp\/v2\/media?parent=15785"}],"curies":[{"name":"wp","href":"https:\/\/api.w.org\/{rel}","templated":true}]}}