{"id":15717,"date":"2017-04-02T23:35:22","date_gmt":"2017-04-02T21:35:22","guid":{"rendered":"https:\/\/rolfbrunold.ch\/?page_id=15717"},"modified":"2017-04-04T09:31:08","modified_gmt":"2017-04-04T07:31:08","slug":"sitemap","status":"publish","type":"page","link":"https:\/\/rolfbrunold.ch\/index.php\/sitemap\/","title":{"rendered":"Sitemap"},"content":{"rendered":"<div class=\"wsp-container\"><h2 class=\"wsp-pages-title\">Seiten<\/h2>\n<ul class=\"wsp-pages-list\">\n<li class=\"page_item page-item-18103\"><a href=\"https:\/\/rolfbrunold.ch\/index.php\/anmeldung-leadership-basistraining\/\">Anfragen<\/a><\/li>\n<li class=\"page_item page-item-16280\"><a href=\"https:\/\/rolfbrunold.ch\/index.php\/anmeldung-infoveranstaltungen\/\">Anmeldung Infoveranstaltungen<\/a><\/li>\n<li class=\"page_item page-item-16286\"><a href=\"https:\/\/rolfbrunold.ch\/index.php\/anmeldung-verkauf\/\">Anmeldung Verkaufs-Training<\/a><\/li>\n<li class=\"page_item page-item-15879\"><a href=\"https:\/\/rolfbrunold.ch\/index.php\/anmeldung-fruehstuecksworkshop\/\">Anmeldung Workshop<\/a><\/li>\n<li class=\"page_item page-item-17879\"><a href=\"https:\/\/rolfbrunold.ch\/index.php\/datenschutz\/\">Datenschutz<\/a><\/li>\n<li class=\"page_item page-item-17368\"><a href=\"https:\/\/rolfbrunold.ch\/index.php\/anmeldung-design-thinking-workshop\/\">Design Thinking-Workshop<\/a><\/li>\n<li class=\"page_item page-item-15920\"><a href=\"https:\/\/rolfbrunold.ch\/index.php\/leadership\/\">Inner-Leadership<\/a><\/li>\n<li class=\"page_item page-item-15913\"><a href=\"https:\/\/rolfbrunold.ch\/index.php\/kommunikation-2\/\">Kommunikation<\/a><\/li>\n<li class=\"page_item page-item-19064\"><a href=\"https:\/\/rolfbrunold.ch\/index.php\/das-leadership-top\/\">Leadership Training Executive<\/a><\/li>\n<li class=\"page_item page-item-18087\"><a href=\"https:\/\/rolfbrunold.ch\/index.php\/leadership-basistraining\/\">Leadership-Basistraining<\/a><\/li>\n<li class=\"page_item page-item-16202\"><a href=\"https:\/\/rolfbrunold.ch\/index.php\/informationsabend\/\">Mehr Informationen und Einblick<\/a><\/li>\n<li class=\"page_item page-item-17822\"><a href=\"https:\/\/rolfbrunold.ch\/index.php\/mitarbeiter-engagement\/\">Mitarbeiter-Engagement<\/a><\/li>\n<li class=\"page_item page-item-18937\"><a href=\"https:\/\/rolfbrunold.ch\/index.php\/newsletter-2\/\">Newsletter<\/a><\/li>\n<li class=\"page_item page-item-15705\"><a href=\"https:\/\/rolfbrunold.ch\/index.php\/veranstaltungen\/\">\u00d6ffentliche Trainings und Veranstaltungen<\/a><\/li>\n<li class=\"page_item page-item-18227\"><a href=\"https:\/\/rolfbrunold.ch\/index.php\/partner-2\/\">Partner<\/a><\/li>\n<li class=\"page_item page-item-15923\"><a href=\"https:\/\/rolfbrunold.ch\/index.php\/praesentation\/\">Pr\u00e4sentation<\/a><\/li>\n<li class=\"page_item page-item-16232\"><a href=\"https:\/\/rolfbrunold.ch\/index.php\/referenzen\/\">Referenzen<\/a><\/li>\n<li class=\"page_item page-item-12805\"><a href=\"https:\/\/rolfbrunold.ch\/index.php\/uebermich\/\">\u00dcber mich<\/a><\/li>\n<li class=\"page_item page-item-19487\"><a href=\"https:\/\/rolfbrunold.ch\/index.php\/uebersicht-oeffentliche-trainings-und-veranstaltungen\/\">\u00dcbersicht Trainingsdaten<\/a><\/li>\n<li class=\"page_item page-item-15917\"><a href=\"https:\/\/rolfbrunold.ch\/index.php\/verkauf-2\/\">Verkauf<\/a><\/li>\n<li class=\"page_item page-item-19415\"><a href=\"https:\/\/rolfbrunold.ch\/index.php\/abend-workshop\/\">Workshops<\/a><\/li>\n<li class=\"page_item page-item-16823\"><a href=\"https:\/\/rolfbrunold.ch\/index.php\/anmeldung-kommunikation\/\">Anmeldung Kommunikations-Training<\/a><\/li>\n<li class=\"page_item page-item-16290\"><a href=\"https:\/\/rolfbrunold.ch\/index.php\/anmeldung-praesentation\/\">Anmeldung Pr\u00e4sentations-Training<\/a><\/li>\n<li class=\"page_item page-item-15290\"><a href=\"https:\/\/rolfbrunold.ch\/\">Home<\/a><\/li>\n<li class=\"page_item page-item-16296\"><a href=\"https:\/\/rolfbrunold.ch\/index.php\/anmeldung-inner-leadership-training\/\">Inner-Leadership Training<\/a><\/li>\n<li class=\"page_item page-item-15833\"><a href=\"https:\/\/rolfbrunold.ch\/index.php\/insights\/\">INSIGHTS MDI\u00ae<\/a><\/li>\n<li class=\"page_item page-item-16583\"><a href=\"https:\/\/rolfbrunold.ch\/index.php\/messetraining\/\">Workshops<\/a><\/li>\n<li class=\"page_item page-item-3182\"><a href=\"https:\/\/rolfbrunold.ch\/index.php\/kommunikation\/\">Kommunikation<\/a><\/li>\n<li class=\"page_item page-item-15402\"><a href=\"https:\/\/rolfbrunold.ch\/index.php\/verkauf\/\">Verkauf<\/a><\/li>\n<li class=\"page_item page-item-15410\"><a href=\"https:\/\/rolfbrunold.ch\/index.php\/motivation\/\">Motivation<\/a><\/li>\n<li class=\"page_item page-item-15779 page_item_has_children\"><a href=\"https:\/\/rolfbrunold.ch\/index.php\/diagnostiktools\/\">Diagnostiktools<\/a>\n<ul class='children'>\n\t<li class=\"page_item page-item-15785\"><a href=\"https:\/\/rolfbrunold.ch\/index.php\/diagnostiktools\/assess\/\">Assess<\/a><\/li>\n\t<li class=\"page_item page-item-15499\"><a href=\"https:\/\/rolfbrunold.ch\/index.php\/diagnostiktools\/insights\/\">Online Analyse<\/a><\/li>\n<\/ul>\n<\/li>\n<li class=\"page_item page-item-5050\"><a href=\"https:\/\/rolfbrunold.ch\/index.php\/kontakt\/\">Kontakt<\/a><\/li>\n<li class=\"page_item page-item-15699\"><a href=\"https:\/\/rolfbrunold.ch\/index.php\/impressum\/\">Impressum<\/a><\/li>\n<li class=\"page_item page-item-15717\"><a href=\"https:\/\/rolfbrunold.ch\/index.php\/sitemap\/\">Sitemap<\/a><\/li>\n<\/ul>\n<h2 class=\"wsp-posts-title\">Beitr\u00e4ge nach Kategorie<\/h2>\n<ul class=\"wsp-posts-list\">\n\t<li><strong class=\"wsp-category-title\">Kategorie: <a href=\"https:\/\/rolfbrunold.ch\/index.php\/category\/allgemein\/\">Allgemein<\/a><\/strong>\n<ul class=\"wsp-posts-list\">\t\t<li class=\"wsp-post\"><a href=\"https:\/\/rolfbrunold.ch\/index.php\/2022\/06\/26\/annotation-example\/\">Annotation example<\/a><\/li>\n<\/ul><\/li>\n<\/ul>\n<\/div>\n","protected":false},"excerpt":{"rendered":"Seiten Anfragen Anmeldung Infoveranstaltungen Anmeldung Verkaufs-Training Anmeldung Workshop Datenschutz Design Thinking-Workshop Inner-Leadership Kommunikation Leadership Training Executive Leadership-Basistraining Mehr Informationen und Einblick Mitarbeiter-Engagement Newsletter \u00d6ffentliche Trainings und Veranstaltungen Partner Pr\u00e4sentation Referenzen \u00dcber mich \u00dcbersicht Trainingsdaten Verkauf Workshops Anmeldung Kommunikations-Training Anmeldung Pr\u00e4sentations-Training Home Inner-Leadership Training INSIGHTS MDI\u00ae Workshops Kommunikation Verkauf Motivation Diagnostiktools Assess Online Analyse Kontakt Impressum Sitemap Beitr\u00e4ge nach Kategorie Kategorie: Allgemein Annotation example","protected":false},"author":1,"featured_media":0,"parent":0,"menu_order":100,"comment_status":"closed","ping_status":"closed","template":"","meta":{"footnotes":""},"class_list":["post-15717","page","type-page","status-publish","hentry"],"_links":{"self":[{"href":"https:\/\/rolfbrunold.ch\/index.php\/wp-json\/wp\/v2\/pages\/15717","targetHints":{"allow":["GET"]}}],"collection":[{"href":"https:\/\/rolfbrunold.ch\/index.php\/wp-json\/wp\/v2\/pages"}],"about":[{"href":"https:\/\/rolfbrunold.ch\/index.php\/wp-json\/wp\/v2\/types\/page"}],"author":[{"embeddable":true,"href":"https:\/\/rolfbrunold.ch\/index.php\/wp-json\/wp\/v2\/users\/1"}],"replies":[{"embeddable":true,"href":"https:\/\/rolfbrunold.ch\/index.php\/wp-json\/wp\/v2\/comments?post=15717"}],"version-history":[{"count":4,"href":"https:\/\/rolfbrunold.ch\/index.php\/wp-json\/wp\/v2\/pages\/15717\/revisions"}],"predecessor-version":[{"id":15723,"href":"https:\/\/rolfbrunold.ch\/index.php\/wp-json\/wp\/v2\/pages\/15717\/revisions\/15723"}],"wp:attachment":[{"href":"https:\/\/rolfbrunold.ch\/index.php\/wp-json\/wp\/v2\/media?parent=15717"}],"curies":[{"name":"wp","href":"https:\/\/api.w.org\/{rel}","templated":true}]}}