{"id":15705,"date":"2017-04-02T23:13:34","date_gmt":"2017-04-02T21:13:34","guid":{"rendered":"https:\/\/rolfbrunold.ch\/?page_id=15705"},"modified":"2026-05-06T12:19:42","modified_gmt":"2026-05-06T10:19:42","slug":"veranstaltungen","status":"publish","type":"page","link":"https:\/\/rolfbrunold.ch\/index.php\/veranstaltungen\/","title":{"rendered":"\u00d6ffentliche Trainings und Veranstaltungen"},"content":{"rendered":"<div class=\"wpb-content-wrapper\"><p>[vc_row][vc_column width=&#8220;1\/1&#8243;][vc_column_text]<\/p>\n<h3><strong>2026<\/strong><\/h3>\n<a href=\"https:\/\/rolfbrunold.ch\/index.php\/anmeldung-praesentation\/\" target=\"_self\" class=\"button color-2 small \" style=\"border-radius: 2px;\">Anmelden<\/a>\u00a0 <a href=\"https:\/\/rolfbrunold.ch\/index.php\/praesentation\/\"><strong>Das Pr\u00e4sentations-Training<\/strong><\/a>\u00a0 \u00a0 \u00a0 \u00a0 \u00a0 \u00a0 \u00a0 \u00a0 \u00a0 \u00a0 \u00a0 \u00a0 \u00a0 \u00a0 \u00a0 \u00a0 \u00a0 \u00a0 \u00a0 \u00a0 \u00a0 \u00a0 \u00a0 \u00a0 \u00a0 \u00a0 \u00a0 \u00a0 \u00a0 \u00a0 \u00a0 \u00a0 \u00a0 \u00a0 \u00a0 \u00a0<span style=\"color: #424242; text-transform: none; text-indent: 0px; letter-spacing: normal; font-family: 'Open Sans', Arial, Helvetica, sans-serif; font-size: 16px; font-style: normal; font-weight: normal; word-spacing: 0px; float: none; display: inline !important; white-space: normal; orphans: 2; widows: 2; background-color: #ffffff; font-variant-ligatures: normal; font-variant-caps: normal; -webkit-text-stroke-width: 0px; text-decoration-style: initial; text-decoration-color: initial;\"><strong>Donnerstag\/Freitag, 21.\/22. Mai 2026, 08.15 \u2013 17.00 Uhr<\/strong><\/span><\/p>\n<a href=\"https:\/\/rolfbrunold.ch\/index.php\/anmeldung-fruehstuecksworkshop\/\" target=\"_self\" class=\"button color-2 small \" style=\"border-radius: 2px;\">Anmelden<\/a>\u00a0 <a href=\"https:\/\/rolfbrunold.ch\/index.php\/fruehstueck-workshop-7-9-24\/\"><strong>Fr\u00fchst\u00fcck-Workshop: Thema noch unbekannt<\/strong><\/a>\u00a0 \u00a0 \u00a0 \u00a0 \u00a0 \u00a0 \u00a0 \u00a0 \u00a0 \u00a0 \u00a0 \u00a0 \u00a0 \u00a0 \u00a0 \u00a0 \u00a0 \u00a0 <strong><span style=\"color: #424242; text-transform: none; text-indent: 0px; letter-spacing: normal; font-family: 'Open Sans', Arial, Helvetica, sans-serif; font-size: 16px; font-style: normal; word-spacing: 0px; float: none; white-space: normal; orphans: 2; widows: 2; background-color: #ffffff; font-variant-ligatures: normal; font-variant-caps: normal; -webkit-text-stroke-width: 0px; text-decoration-style: initial; text-decoration-color: initial; display: inline !important;\">Samstag, 20. Juni 2026,<\/span><span style=\"color: #424242; text-transform: none; text-indent: 0px; letter-spacing: normal; font-family: 'Open Sans', Arial, Helvetica, sans-serif; font-size: 16px; font-style: normal; word-spacing: 0px; float: none; white-space: normal; orphans: 2; widows: 2; background-color: #ffffff; font-variant-ligatures: normal; font-variant-caps: normal; -webkit-text-stroke-width: 0px; text-decoration-style: initial; text-decoration-color: initial; display: inline !important;\"> 09.0<\/span><span style=\"color: #424242; text-transform: none; text-indent: 0px; letter-spacing: normal; font-family: 'Open Sans', Arial, Helvetica, sans-serif; font-size: 16px; font-style: normal; word-spacing: 0px; float: none; white-space: normal; orphans: 2; widows: 2; background-color: #ffffff; font-variant-ligatures: normal; font-variant-caps: normal; -webkit-text-stroke-width: 0px; text-decoration-style: initial; text-decoration-color: initial; display: inline !important;\">0 \u2013 13.00 Uhr<\/span><\/strong><\/p>\n<a href=\"https:\/\/rolfbrunold.ch\/index.php\/anmeldung-kommunikation\/\" target=\"_self\" class=\"button color-2 small \" style=\"border-radius: 2px;\">Anmelden<\/a>\u00a0 <strong><a href=\"https:\/\/rolfbrunold.ch\/index.php\/kommunikation-2\/\">Das Kommunikations-Training<\/a><\/strong><span style=\"color: #424242; text-transform: none; text-indent: 0px; letter-spacing: normal; font-family: 'Open Sans', Arial, Helvetica, sans-serif; font-size: 16px; font-style: normal; word-spacing: 0px; float: none; display: inline !important; white-space: normal; orphans: 2; widows: 2; background-color: #ffffff; font-variant-ligatures: normal; font-variant-caps: normal; -webkit-text-stroke-width: 0px; text-decoration-style: initial; text-decoration-color: initial;\">\u00a0 \u00a0 \u00a0 \u00a0 \u00a0 \u00a0 \u00a0 \u00a0 \u00a0 \u00a0 \u00a0 \u00a0 \u00a0 \u00a0 \u00a0 \u00a0 \u00a0 \u00a0 \u00a0 \u00a0 \u00a0 \u00a0 \u00a0 \u00a0 \u00a0 \u00a0 \u00a0 \u00a0 \u00a0 \u00a0 \u00a0 \u00a0 \u00a0 <strong>Montag, 14. September &#8211; 19. Oktober 2026<\/strong><\/span><strong><span style=\"color: #424242; text-transform: none; text-indent: 0px; letter-spacing: normal; font-family: 'Open Sans', Arial, Helvetica, sans-serif; font-size: 16px; font-style: normal; word-spacing: 0px; float: none; display: inline !important; white-space: normal; orphans: 2; widows: 2; background-color: #ffffff; font-variant-ligatures: normal; font-variant-caps: normal; -webkit-text-stroke-width: 0px; text-decoration-style: initial; text-decoration-color: initial;\">, <\/span><span style=\"color: #424242; text-transform: none; text-indent: 0px; letter-spacing: normal; font-family: 'Open Sans', Arial, Helvetica, sans-serif; font-size: 16px; font-style: normal; word-spacing: 0px; float: none; display: inline !important; white-space: normal; orphans: 2; widows: 2; background-color: #ffffff; font-variant-ligatures: normal; font-variant-caps: normal; -webkit-text-stroke-width: 0px; text-decoration-style: initial; text-decoration-color: initial;\">18.30 \u2013 22.00 Uhr<\/span><\/strong><\/p>\n<a href=\"https:\/\/rolfbrunold.ch\/index.php\/anmeldung-verkauf\/\" target=\"_self\" class=\"button color-2 small \" style=\"border-radius: 2px;\">Anmelden<\/a>\u00a0 <a href=\"https:\/\/rolfbrunold.ch\/index.php\/verkauf-2\/\"><strong>Das Verkaufs-Training<\/strong><\/a>\u00a0 \u00a0 \u00a0 \u00a0 \u00a0 \u00a0 \u00a0 \u00a0 \u00a0 \u00a0 \u00a0 \u00a0 \u00a0 \u00a0 \u00a0 \u00a0 \u00a0 \u00a0 \u00a0 \u00a0 \u00a0 \u00a0 \u00a0 \u00a0 \u00a0 \u00a0 \u00a0 \u00a0 \u00a0 \u00a0 \u00a0 \u00a0 \u00a0 \u00a0 \u00a0 \u00a0 \u00a0 \u00a0 \u00a0 \u00a0 \u00a0 <strong><span style=\"color: #424242; text-transform: none; text-indent: 0px; letter-spacing: normal; font-family: 'Open Sans', Arial, Helvetica, sans-serif; font-size: 16px; font-style: normal; word-spacing: 0px; float: none; white-space: normal; orphans: 2; widows: 2; background-color: #ffffff; font-variant-ligatures: normal; font-variant-caps: normal; -webkit-text-stroke-width: 0px; text-decoration-style: initial; text-decoration-color: initial; display: inline !important;\">Montag, 19. Oktober &#8211; 30. November 2026, <\/span><span style=\"color: #424242; text-transform: none; text-indent: 0px; letter-spacing: normal; font-family: 'Open Sans', Arial, Helvetica, sans-serif; font-size: 16px; font-style: normal; word-spacing: 0px; float: none; white-space: normal; orphans: 2; widows: 2; background-color: #ffffff; font-variant-ligatures: normal; font-variant-caps: normal; -webkit-text-stroke-width: 0px; text-decoration-style: initial; text-decoration-color: initial; display: inline !important;\">08.15<\/span><span style=\"color: #424242; text-transform: none; text-indent: 0px; letter-spacing: normal; font-family: 'Open Sans', Arial, Helvetica, sans-serif; font-size: 16px; font-style: normal; word-spacing: 0px; float: none; white-space: normal; orphans: 2; widows: 2; background-color: #ffffff; font-variant-ligatures: normal; font-variant-caps: normal; -webkit-text-stroke-width: 0px; text-decoration-style: initial; text-decoration-color: initial; display: inline !important;\"> \u2013 17.00 Uhr<\/span><\/strong><\/p>\n<a href=\"https:\/\/rolfbrunold.ch\/index.php\/anmeldung-praesentation\/\" target=\"_self\" class=\"button color-2 small \" style=\"border-radius: 2px;\">Anmelden<\/a>\u00a0 <a href=\"https:\/\/rolfbrunold.ch\/index.php\/praesentation\/\"><strong>Das Pr\u00e4sentations-Training<\/strong><\/a>\u00a0 \u00a0 \u00a0 \u00a0 \u00a0 \u00a0 \u00a0 \u00a0 \u00a0 \u00a0 \u00a0 \u00a0 \u00a0 \u00a0 \u00a0 \u00a0 \u00a0 \u00a0 \u00a0 \u00a0 \u00a0 \u00a0 \u00a0 \u00a0 \u00a0 \u00a0 \u00a0 \u00a0 \u00a0 \u00a0 \u00a0 \u00a0 \u00a0 \u00a0 \u00a0 \u00a0 <span style=\"color: #424242; text-transform: none; text-indent: 0px; letter-spacing: normal; font-family: 'Open Sans', Arial, Helvetica, sans-serif; font-size: 16px; font-style: normal; font-weight: normal; word-spacing: 0px; float: none; display: inline !important; white-space: normal; orphans: 2; widows: 2; background-color: #ffffff; font-variant-ligatures: normal; font-variant-caps: normal; -webkit-text-stroke-width: 0px; text-decoration-style: initial; text-decoration-color: initial;\"><strong>Donnerstag\/Freitag, 05.\/06. November 2026, 08.15 \u2013 17.00 Uhr<\/strong><\/span><\/p>\n<p><span style=\"font-size: 12pt;\"><a href=\"https:\/\/rolfbrunold.ch\/index.php\/anmeldung-Leadership-Basistraining\/\" target=\"_self\" class=\"button color-3 small \" style=\"border-radius: 2px;\">Anfrage<\/a>\u00a0 <\/span>\u00a0 \u00a0<a title=\"Design Thinking\" href=\"https:\/\/rolfbrunold.ch\/index.php\/fruehstueck-workshop-29-3-24\/\"><strong>Das Leadership-Basistraining<\/strong><\/a><\/p>\n<p><span style=\"font-size: 12pt;\"><a href=\"https:\/\/rolfbrunold.ch\/index.php\/anmeldung-Leadership-Basistraining\/\" target=\"_self\" class=\"button color-3 small \" style=\"border-radius: 2px;\">Anfrage<\/a>\u00a0 <\/span>\u00a0 \u00a0<a title=\"Design Thinking\" href=\"https:\/\/rolfbrunold.ch\/index.php\/das-leadership-top\/\"><strong>Das Leadership Training Executive<\/strong><\/a><\/p>\n<p><span style=\"font-size: 12pt;\"><a href=\"https:\/\/rolfbrunold.ch\/index.php\/anmeldung-Leadership-Basistraining\/\" target=\"_self\" class=\"button color-3 small \" style=\"border-radius: 2px;\">Anfrage<\/a>\u00a0 <\/span>\u00a0 \u00a0<a title=\"Design Thinking\" href=\"https:\/\/rolfbrunold.ch\/index.php\/leadership\/\"><strong>Das Inner-Leadership Training<\/strong><\/a><\/p>\n<p><span style=\"font-size: 12pt;\"><a href=\"https:\/\/rolfbrunold.ch\/index.php\/anmeldung-Leadership-Basistraining\/\" target=\"_self\" class=\"button color-3 small \" style=\"border-radius: 2px;\">Anfrage<\/a>\u00a0 <\/span>\u00a0 \u00a0<a title=\"Design Thinking\" href=\"https:\/\/rolfbrunold.ch\/index.php\/mitarbeiter-engagement\/\"><strong>Mitarbeiter-Engagement-Workshop<\/strong><\/a><\/p>\n<p><span style=\"font-size: 18pt;\"><em><span style=\"color: #ff9900;\"><span style=\"text-transform: none; text-indent: 0px; letter-spacing: normal; font-family: 'Open Sans', Arial, Helvetica, sans-serif; font-weight: normal; word-spacing: 0px; float: none; white-space: normal; orphans: 2; widows: 2; background-color: #ffffff; font-variant-ligatures: normal; font-variant-caps: normal; -webkit-text-stroke-width: 0px; text-decoration-style: initial; text-decoration-color: initial; display: inline !important;\"><strong>Alle \u00f6ffentlichen Trainings k\u00f6nnen auch massgeschneidert firmenintern durchgef\u00fchrt werden.<\/strong><\/span><\/span><\/em><\/span>[\/vc_column_text][\/vc_column][\/vc_row]<\/p>\n<\/div>","protected":false},"excerpt":{"rendered":"<p>[vc_row][vc_column width=&#8220;1\/1&#8243;][vc_column_text] 2026 \u00a0 Das Pr\u00e4sentations-Training\u00a0 \u00a0 \u00a0 \u00a0 \u00a0 \u00a0 \u00a0 \u00a0 \u00a0 \u00a0 \u00a0 \u00a0 \u00a0 \u00a0 \u00a0 \u00a0 \u00a0 \u00a0 \u00a0 \u00a0 \u00a0 \u00a0 \u00a0 \u00a0 \u00a0 \u00a0 \u00a0 \u00a0 \u00a0 \u00a0 \u00a0 \u00a0 \u00a0 \u00a0 \u00a0 \u00a0Donnerstag\/Freitag, 21.\/22. Mai 2026, 08.15 \u2013 17.00 Uhr \u00a0 Fr\u00fchst\u00fcck-Workshop: Thema noch unbekannt\u00a0 \u00a0 \u00a0 \u00a0 \u00a0 \u00a0 \u00a0 \u00a0 \u00a0 \u00a0 \u00a0 \u00a0 \u00a0 \u00a0 \u00a0 \u00a0 \u00a0 \u00a0 Samstag, 20. Juni 2026, 09.00 \u2013 13.00 Uhr \u00a0 Das Kommunikations-Training\u00a0 \u00a0 \u00a0 \u00a0 \u00a0 \u00a0 \u00a0 \u00a0 \u00a0 \u00a0 \u00a0 \u00a0 \u00a0 \u00a0 \u00a0 \u00a0 \u00a0 \u00a0 \u00a0 \u00a0 \u00a0 \u00a0 \u00a0 \u00a0 \u00a0 \u00a0 \u00a0 \u00a0 \u00a0 \u00a0 \u00a0 \u00a0 \u00a0 Montag, 14. September &#8211; 19. Oktober 2026, 18.30 \u2013 22.00 Uhr \u00a0 Das Verkaufs-Training\u00a0 \u00a0 \u00a0 \u00a0 \u00a0 \u00a0 \u00a0 \u00a0 \u00a0 \u00a0 \u00a0 \u00a0 \u00a0 \u00a0 \u00a0 \u00a0 \u00a0 \u00a0 \u00a0 \u00a0 \u00a0 \u00a0 \u00a0 \u00a0 \u00a0 \u00a0 \u00a0 \u00a0 \u00a0 \u00a0 \u00a0 \u00a0 \u00a0 \u00a0 \u00a0 \u00a0 \u00a0 \u00a0 \u00a0 \u00a0 \u00a0 Montag, 19. Oktober &#8211; 30. November 2026, 08.15 \u2013 17.00 Uhr \u00a0 Das Pr\u00e4sentations-Training\u00a0 \u00a0 \u00a0 \u00a0 \u00a0 \u00a0 \u00a0 \u00a0 \u00a0 \u00a0 \u00a0 \u00a0 \u00a0 \u00a0 \u00a0 \u00a0 \u00a0 \u00a0 \u00a0 \u00a0 [&hellip;]<\/p>\n","protected":false},"author":1,"featured_media":0,"parent":0,"menu_order":0,"comment_status":"closed","ping_status":"closed","template":"","meta":{"footnotes":""},"class_list":["post-15705","page","type-page","status-publish","hentry"],"_links":{"self":[{"href":"https:\/\/rolfbrunold.ch\/index.php\/wp-json\/wp\/v2\/pages\/15705","targetHints":{"allow":["GET"]}}],"collection":[{"href":"https:\/\/rolfbrunold.ch\/index.php\/wp-json\/wp\/v2\/pages"}],"about":[{"href":"https:\/\/rolfbrunold.ch\/index.php\/wp-json\/wp\/v2\/types\/page"}],"author":[{"embeddable":true,"href":"https:\/\/rolfbrunold.ch\/index.php\/wp-json\/wp\/v2\/users\/1"}],"replies":[{"embeddable":true,"href":"https:\/\/rolfbrunold.ch\/index.php\/wp-json\/wp\/v2\/comments?post=15705"}],"version-history":[{"count":51,"href":"https:\/\/rolfbrunold.ch\/index.php\/wp-json\/wp\/v2\/pages\/15705\/revisions"}],"predecessor-version":[{"id":19951,"href":"https:\/\/rolfbrunold.ch\/index.php\/wp-json\/wp\/v2\/pages\/15705\/revisions\/19951"}],"wp:attachment":[{"href":"https:\/\/rolfbrunold.ch\/index.php\/wp-json\/wp\/v2\/media?parent=15705"}],"curies":[{"name":"wp","href":"https:\/\/api.w.org\/{rel}","templated":true}]}}