{"id":15699,"date":"2017-04-02T23:00:31","date_gmt":"2017-04-02T21:00:31","guid":{"rendered":"https:\/\/rolfbrunold.ch\/?page_id=15699"},"modified":"2017-06-25T16:49:51","modified_gmt":"2017-06-25T14:49:51","slug":"impressum","status":"publish","type":"page","link":"https:\/\/rolfbrunold.ch\/index.php\/impressum\/","title":{"rendered":"Impressum"},"content":{"rendered":"<article id=\"post-1028\" class=\"entry-content post-1028 page type-page status-publish hentry\">\n<section class=\"content-section mb-30-xs \">\n<div class=\"row \">\n<div class=\"vc_col-sm-8\">\n<div class=\"vc_column-inner \">\n<div class=\"wpb_wrapper\">\n<div class=\"wpb_text_column wpb_content_element \">\n<div class=\"wpb_wrapper\">\n<p><strong>Verantwortlich f\u00fcr den Inhalt<br \/>\n<\/strong>Rolf Brunold<br \/>\nHubring 42<br \/>\nCH-8303\u00a0Bassersdorf<\/p>\n<p>+41 44 888 60 60<br \/>\n+41 78 664 04 05<br \/>\n&#114;&#x2e;&#x62;r&#117;&#x6e;o&#108;&#x64;&#64;&#114;&#x6f;l&#102;&#x62;&#x72;&#117;&#x6e;&#x6f;l&#100;&#x2e;c&#104;<\/p>\n<p><strong>Rechtsform<\/strong><br \/>\nEinzelunternehmen<\/p>\n<p><strong>Haftungsausschluss<\/strong><br \/>\nDiese Website wurde mit gr\u00f6sstm\u00f6glicher Sorgfalt zusammengestellt. Trotzdem kann f\u00fcr die Fehlerfreiheit und Genauigkeit der enthaltenen Informationen nicht garantiert werden. Rolf Brunold schliesst jegliche Haftung f\u00fcr Sch\u00e4den, die direkt oder indirekt aus der Benutzung dieser Website entstehen aus, soweit diese nicht auf Vorsatz oder grober Fahrl\u00e4ssigkeit beruhen.<\/p>\n<p><strong>Externe Verweise und Links<\/strong><br \/>\nTrotz sorgf\u00e4ltiger inhaltlicher Kontrolle \u00fcbernehmen wir keine Haftung f\u00fcr die Inhalte externer Links. F\u00fcr den Inhalt der verlinkten Seiten sind ausschliesslich deren Betreiber verantwortlich.<\/p>\n<p><strong>Copyright<\/strong><br \/>\nDer Inhalt dieser Website, insbesondere alle Texte, Bilder, Grafiken, Logos, Webcam-Bilder, Ton-, Video- und Animationsdateien sowie auch ihre Arrangements, unterliegen dem Urheberrecht und anderen Gesetzen zum Schutz geistigen Eigentums.<\/p>\n<\/div>\n<\/div>\n<\/div>\n<\/div>\n<\/div>\n<div class=\"vc_col-sm-4\">\n<div class=\"vc_column-inner \">\n<div class=\"wpb_wrapper\">\n<div class=\"wpb_text_column wpb_content_element \">\n<div class=\"wpb_wrapper\">\n<p><strong>Design und Realisation<br \/>\n<\/strong>Graf von Alonso<br \/>\nVisuelle Kommunikation<br \/>\nB\u00fcelstrasse 11<br \/>\n8910 Affoltern am Albis<\/p>\n<p>Telefon +41 44 888 2 888<br \/>\n&#109;&#x61;&#105;&#x6c;&#64;&#103;&#x72;&#97;&#x66;v&#x6f;n&#97;&#x6c;&#111;&#x6e;s&#x6f;&#x2e;&#99;&#x68;<br \/>\n<a href=\"http:\/\/www.grafvonalonso.ch\">www.grafvonalonso.ch<\/a><\/p>\n<p><strong>Foto<br \/>\n<\/strong>www.gutlicht.ch<\/p>\n<\/div>\n<\/div>\n<\/div>\n<\/div>\n<\/div>\n<\/div>\n<\/section>\n<\/article>\n","protected":false},"excerpt":{"rendered":"<p>Verantwortlich f\u00fcr den Inhalt Rolf Brunold Hubring 42 CH-8303\u00a0Bassersdorf +41 44 888 60 60 +41 78 664 04 05 &#114;&#x2e;&#98;&#x72;u&#x6e;o&#108;&#x64;&#64;&#x72;o&#x6c;f&#98;&#x72;&#117;&#x6e;o&#x6c;d&#46;&#x63;&#104; Rechtsform Einzelunternehmen Haftungsausschluss Diese Website wurde mit gr\u00f6sstm\u00f6glicher Sorgfalt zusammengestellt. Trotzdem kann f\u00fcr die Fehlerfreiheit und Genauigkeit der enthaltenen Informationen nicht garantiert werden. Rolf Brunold schliesst jegliche Haftung f\u00fcr Sch\u00e4den, die direkt oder indirekt aus der Benutzung dieser Website entstehen aus, soweit diese nicht auf Vorsatz oder grober Fahrl\u00e4ssigkeit beruhen. Externe Verweise und Links Trotz sorgf\u00e4ltiger inhaltlicher Kontrolle \u00fcbernehmen wir keine Haftung f\u00fcr die Inhalte externer Links. F\u00fcr den Inhalt der verlinkten Seiten sind ausschliesslich deren Betreiber verantwortlich. Copyright Der Inhalt dieser Website, insbesondere alle Texte, Bilder, Grafiken, Logos, Webcam-Bilder, Ton-, Video- und Animationsdateien sowie auch ihre Arrangements, unterliegen dem Urheberrecht und anderen Gesetzen zum Schutz geistigen Eigentums. Design und Realisation Graf von Alonso Visuelle Kommunikation B\u00fcelstrasse 11 8910 Affoltern am Albis Telefon +41 44 888 2 888 &#x6d;&#97;i&#x6c;&#x40;&#103;r&#x61;&#102;v&#x6f;&#x6e;&#97;l&#x6f;&#110;s&#x6f;&#x2e;&#99;h www.grafvonalonso.ch Foto www.gutlicht.ch<\/p>\n","protected":false},"author":1,"featured_media":0,"parent":0,"menu_order":100,"comment_status":"closed","ping_status":"closed","template":"","meta":{"footnotes":""},"class_list":["post-15699","page","type-page","status-publish","hentry"],"_links":{"self":[{"href":"https:\/\/rolfbrunold.ch\/index.php\/wp-json\/wp\/v2\/pages\/15699","targetHints":{"allow":["GET"]}}],"collection":[{"href":"https:\/\/rolfbrunold.ch\/index.php\/wp-json\/wp\/v2\/pages"}],"about":[{"href":"https:\/\/rolfbrunold.ch\/index.php\/wp-json\/wp\/v2\/types\/page"}],"author":[{"embeddable":true,"href":"https:\/\/rolfbrunold.ch\/index.php\/wp-json\/wp\/v2\/users\/1"}],"replies":[{"embeddable":true,"href":"https:\/\/rolfbrunold.ch\/index.php\/wp-json\/wp\/v2\/comments?post=15699"}],"version-history":[{"count":5,"href":"https:\/\/rolfbrunold.ch\/index.php\/wp-json\/wp\/v2\/pages\/15699\/revisions"}],"predecessor-version":[{"id":15906,"href":"https:\/\/rolfbrunold.ch\/index.php\/wp-json\/wp\/v2\/pages\/15699\/revisions\/15906"}],"wp:attachment":[{"href":"https:\/\/rolfbrunold.ch\/index.php\/wp-json\/wp\/v2\/media?parent=15699"}],"curies":[{"name":"wp","href":"https:\/\/api.w.org\/{rel}","templated":true}]}}