{"id":15499,"date":"2016-12-23T08:35:24","date_gmt":"2016-12-23T07:35:24","guid":{"rendered":"https:\/\/rolfbrunold.ch\/?page_id=15499"},"modified":"2017-07-20T10:41:19","modified_gmt":"2017-07-20T08:41:19","slug":"insights","status":"publish","type":"page","link":"https:\/\/rolfbrunold.ch\/index.php\/diagnostiktools\/insights\/","title":{"rendered":"Online Analyse"},"content":{"rendered":"<div class=\"wpb-content-wrapper\"><p>[vc_row][vc_column width=&#8220;2\/3&#8243;][vc_column_text]<\/p>\n<h3>INSIGHTS MDI\u00ae Online Analyse<\/h3>\n<div class=\"ce_text block\">\n<p>Sie haben die Zugangsdaten f\u00fcr die Online Analyse bereits von uns erhalten?<br \/>\n<b>Dann klicken Sie\u00a0unten um zum Login zu gelangen<\/b>. W\u00e4hlen Sie die von Ihnen bevorzugte Sprache. Wenn Sie noch keine Zugangsdaten erhalten haben, so kontaktieren Sie uns bitte. Wir beraten Sie gerne.<\/p>\n<p><strong>Datenschutz<\/strong><br \/>\nIch versichere hiermit ausdr\u00fccklich unter Bezugnahme auf die einschl\u00e4gigen datenschutzrechtlichen Bestimmungen (Bundesdatenschutzgesetz), dass die in den Fragebogen eingegebenen Daten ausschlie\u00dflich mich pers\u00f6nlich betreffen und es sich nicht um Daten Dritter handelt. Ich bin ebenso ausdr\u00fccklich damit einverstanden, dass sowohl die personenbezogenen Daten als auch die im Fragebogen erteilten Antworten bei dem Lizenzgeber des Produktes Success Insights namentlich INSIGHTS MDI International\u00ae\u00a0 Deutschland GmbH, auf einem Server mit Standort in der EU, zentral gespeichert werden. INSIGHTS MDI InternationaI\u00ae Deutschland GmbH erf\u00fcllt die Anforderungen des BDSG. Dies wird in regelm\u00e4ssigen Abst\u00e4nden auditiert und zertifiziert. Ihre Daten werden vertraulich behandelt und nicht an Dritte weitergegeben.<\/p>\n<\/div>\n<p><!-- indexer::stop --><\/p>\n<table>\n<tbody>\n<tr class=\"row_0 row_first even\">\n<td class=\"col_0 col_first\"><\/td>\n<td class=\"col_1 col_last\">\n<fieldset id=\"ctrl_652\" class=\"checkbox_container mandatory\"><input name=\"datenschutz\" type=\"hidden\" value=\"\" \/><input id=\"opt_652_0\" class=\"checkbox\" name=\"datenschutz\" required=\"\" type=\"checkbox\" value=\"1\" \/> <label id=\"lbl_652_0\" for=\"opt_652_0\">Ich stimme zu<\/label><\/fieldset>\n<\/td>\n<\/tr>\n<tr class=\"row_1 row_last odd\">\n<td class=\"col_0 col_first\"><\/td>\n<td class=\"col_1 col_last\">\n<div class=\"submit_container\"><a href=\"https:\/\/www.sisurvey.eu\/\" target=\"_blank\" rel=\"noopener\"><img loading=\"lazy\" decoding=\"async\" class=\"alignnone wp-image-15494 size-full\" src=\"https:\/\/rolfbrunold.ch\/wp-content\/uploads\/2016\/12\/online_analyse_insights_mdi_orange_1.png\" alt=\"online_analyse_insights_mdi_orange_1\" width=\"249\" height=\"60\" \/><\/a><\/div>\n<\/td>\n<\/tr>\n<\/tbody>\n<\/table>\n<p>[\/vc_column_text][\/vc_column][vc_column width=&#8220;1\/3&#8243;]<div class=\"single_image wpb_content_element align-left    \" data-animation=\"none\" data-delay=\"0\"><a href=\"https:\/\/rolfbrunold.ch\/wp-content\/uploads\/2016\/12\/Flyer-INSIGHTS-MDI-orig-1.pdf\" target=\"_self\"><img loading=\"lazy\" decoding=\"async\" width=\"960\" height=\"1387\" src=\"https:\/\/rolfbrunold.ch\/wp-content\/uploads\/2016\/12\/Flyer-INSIGHTS-MDI-orig-1-pdf.jpg\" class=\"attachment-full\" alt=\"\" title=\"Flyer INSIGHTS MDI orig\" \/><\/a><\/div>[\/vc_column][\/vc_row]<\/p>\n<\/div>","protected":false},"excerpt":{"rendered":"<p>[vc_row][vc_column width=&#8220;2\/3&#8243;][vc_column_text] INSIGHTS MDI\u00ae Online Analyse Sie haben die Zugangsdaten f\u00fcr die Online Analyse bereits von uns erhalten? Dann klicken Sie\u00a0unten um zum Login zu gelangen. W\u00e4hlen Sie die von Ihnen bevorzugte Sprache. Wenn Sie noch keine Zugangsdaten erhalten haben, so kontaktieren Sie uns bitte. Wir beraten Sie gerne. Datenschutz Ich versichere hiermit ausdr\u00fccklich unter Bezugnahme auf die einschl\u00e4gigen datenschutzrechtlichen Bestimmungen (Bundesdatenschutzgesetz), dass die in den Fragebogen eingegebenen Daten ausschlie\u00dflich mich pers\u00f6nlich betreffen und es sich nicht um Daten Dritter handelt. Ich bin ebenso ausdr\u00fccklich damit einverstanden, dass sowohl die personenbezogenen Daten als auch die im Fragebogen erteilten Antworten bei dem Lizenzgeber des Produktes Success Insights namentlich INSIGHTS MDI International\u00ae\u00a0 Deutschland GmbH, auf einem Server mit Standort in der EU, zentral gespeichert werden. INSIGHTS MDI InternationaI\u00ae Deutschland GmbH erf\u00fcllt die Anforderungen des BDSG. Dies wird in regelm\u00e4ssigen Abst\u00e4nden auditiert und zertifiziert. Ihre Daten werden vertraulich behandelt und nicht an Dritte weitergegeben. Ich stimme zu [\/vc_column_text][\/vc_column][vc_column width=&#8220;1\/3&#8243;][\/vc_column][\/vc_row]<\/p>\n","protected":false},"author":1,"featured_media":0,"parent":15779,"menu_order":99,"comment_status":"closed","ping_status":"closed","template":"","meta":{"footnotes":""},"class_list":["post-15499","page","type-page","status-publish","hentry"],"_links":{"self":[{"href":"https:\/\/rolfbrunold.ch\/index.php\/wp-json\/wp\/v2\/pages\/15499","targetHints":{"allow":["GET"]}}],"collection":[{"href":"https:\/\/rolfbrunold.ch\/index.php\/wp-json\/wp\/v2\/pages"}],"about":[{"href":"https:\/\/rolfbrunold.ch\/index.php\/wp-json\/wp\/v2\/types\/page"}],"author":[{"embeddable":true,"href":"https:\/\/rolfbrunold.ch\/index.php\/wp-json\/wp\/v2\/users\/1"}],"replies":[{"embeddable":true,"href":"https:\/\/rolfbrunold.ch\/index.php\/wp-json\/wp\/v2\/comments?post=15499"}],"version-history":[{"count":20,"href":"https:\/\/rolfbrunold.ch\/index.php\/wp-json\/wp\/v2\/pages\/15499\/revisions"}],"predecessor-version":[{"id":15829,"href":"https:\/\/rolfbrunold.ch\/index.php\/wp-json\/wp\/v2\/pages\/15499\/revisions\/15829"}],"up":[{"embeddable":true,"href":"https:\/\/rolfbrunold.ch\/index.php\/wp-json\/wp\/v2\/pages\/15779"}],"wp:attachment":[{"href":"https:\/\/rolfbrunold.ch\/index.php\/wp-json\/wp\/v2\/media?parent=15499"}],"curies":[{"name":"wp","href":"https:\/\/api.w.org\/{rel}","templated":true}]}}