{"id":15410,"date":"2016-12-19T10:41:46","date_gmt":"2016-12-19T09:41:46","guid":{"rendered":"https:\/\/rolfbrunold.ch\/?page_id=15410"},"modified":"2018-06-14T10:08:20","modified_gmt":"2018-06-14T08:08:20","slug":"motivation","status":"publish","type":"page","link":"https:\/\/rolfbrunold.ch\/index.php\/motivation\/","title":{"rendered":"Motivation"},"content":{"rendered":"<div class=\"wpb-content-wrapper\"><p>[vc_row][vc_column width=&#8220;1\/1&#8243;]<div class=\"single_image wpb_content_element align-center    \" data-animation=\"none\" data-delay=\"0\"><img loading=\"lazy\" decoding=\"async\" width=\"1500\" height=\"505\" src=\"https:\/\/rolfbrunold.ch\/wp-content\/uploads\/2016\/12\/Fotolia_80584254_Subscription_Monthly_M.jpg\" class=\"attachment-full\" alt=\"\" title=\"\" srcset=\"https:\/\/rolfbrunold.ch\/wp-content\/uploads\/2016\/12\/Fotolia_80584254_Subscription_Monthly_M.jpg 1500w, https:\/\/rolfbrunold.ch\/wp-content\/uploads\/2016\/12\/Fotolia_80584254_Subscription_Monthly_M-300x101.jpg 300w, https:\/\/rolfbrunold.ch\/wp-content\/uploads\/2016\/12\/Fotolia_80584254_Subscription_Monthly_M-768x259.jpg 768w, https:\/\/rolfbrunold.ch\/wp-content\/uploads\/2016\/12\/Fotolia_80584254_Subscription_Monthly_M-1024x345.jpg 1024w\" sizes=\"auto, (max-width: 1500px) 100vw, 1500px\" \/><\/div>[\/vc_column][\/vc_row][vc_row][vc_column width=&#8220;1\/1&#8243;]<div class=\"divider divider1\" style='margin:20px 0 20px 0 !important;'><\/div>[\/vc_column][\/vc_row][vc_row][vc_column width=&#8220;1\/1&#8243;][vc_column_text]<strong>Motivation &#8211; der Schl\u00fcssel zum Erfolg?<\/strong><\/p>\n<p>Es gibt keinen Zauberstab, den man Mitarbeitenden auf den Kopf legen kann, und &#8211; schwupp &#8211; sind sie motiviert. Wir alle wissen, das Umfeld muss stimmen: Moderne Infrastruktur, Vorgesetzte als Vorbilder, erfolgreicher Marktauftritt, eigene Ideen umsetzen k\u00f6nnen und Weiteres mehr.<\/p>\n<p>Stimmt das Umfeld, kommt es auf die Selbststeuerung der F\u00fchrungskr\u00e4fte und Mitarbeitenden an: Pers\u00f6nliche Einstellung, Selbstvertrauen, Arbeitstechnik. Zeitmanagement, Umgang mit Druck und Spannungen, Zielsetzung. Loyalit\u00e4t, Begeisterung, Visionen und nicht zuletzt Life-Balance.<\/p>\n<p>In gezielten und massgeschneiderten Workshops und Trainingseinheiten kann ich mit Hilfe von bew\u00e4hrten Arbeitsbl\u00e4ttern und \u00dcbungen mithelfen, wichtige Erkenntnisse zu erarbeiten und vertiefen, um nachhaltige Verhaltensver\u00e4nderungen bez\u00fcglich Leistungsf\u00e4higkeit, Zufriedenheit und Gesundheit zu bewirken.<\/p>\n<p>Schildern Sie mir Ihre Situation und lernen Sie mich kennen \u2013 die besten Ideen lassen sich in einem pers\u00f6nlichen\u00a0Gespr\u00e4ch besprechen.\u00a0\u00a0<a href=\"https:\/\/rolfbrunold.ch\/index.php\/kontakt\/\" target=\"_self\" class=\"button color-1 small \" style=\"border-radius: 2px;\">Kontakt<\/a>[\/vc_column_text][\/vc_column][\/vc_row]<\/p>\n<\/div>","protected":false},"excerpt":{"rendered":"<p>[vc_row][vc_column width=&#8220;1\/1&#8243;][\/vc_column][\/vc_row][vc_row][vc_column width=&#8220;1\/1&#8243;][\/vc_column][\/vc_row][vc_row][vc_column width=&#8220;1\/1&#8243;][vc_column_text]Motivation &#8211; der Schl\u00fcssel zum Erfolg? Es gibt keinen Zauberstab, den man Mitarbeitenden auf den Kopf legen kann, und &#8211; schwupp &#8211; sind sie motiviert. Wir alle wissen, das Umfeld muss stimmen: Moderne Infrastruktur, Vorgesetzte als Vorbilder, erfolgreicher Marktauftritt, eigene Ideen umsetzen k\u00f6nnen und Weiteres mehr. Stimmt das Umfeld, kommt es auf die Selbststeuerung der F\u00fchrungskr\u00e4fte und Mitarbeitenden an: Pers\u00f6nliche Einstellung, Selbstvertrauen, Arbeitstechnik. Zeitmanagement, Umgang mit Druck und Spannungen, Zielsetzung. Loyalit\u00e4t, Begeisterung, Visionen und nicht zuletzt Life-Balance. In gezielten und massgeschneiderten Workshops und Trainingseinheiten kann ich mit Hilfe von bew\u00e4hrten Arbeitsbl\u00e4ttern und \u00dcbungen mithelfen, wichtige Erkenntnisse zu erarbeiten und vertiefen, um nachhaltige Verhaltensver\u00e4nderungen bez\u00fcglich Leistungsf\u00e4higkeit, Zufriedenheit und Gesundheit zu bewirken. Schildern Sie mir Ihre Situation und lernen Sie mich kennen \u2013 die besten Ideen lassen sich in einem pers\u00f6nlichen\u00a0Gespr\u00e4ch besprechen.\u00a0\u00a0[\/vc_column_text][\/vc_column][\/vc_row]<\/p>\n","protected":false},"author":1,"featured_media":0,"parent":0,"menu_order":4,"comment_status":"closed","ping_status":"closed","template":"","meta":{"footnotes":""},"class_list":["post-15410","page","type-page","status-publish","hentry"],"_links":{"self":[{"href":"https:\/\/rolfbrunold.ch\/index.php\/wp-json\/wp\/v2\/pages\/15410","targetHints":{"allow":["GET"]}}],"collection":[{"href":"https:\/\/rolfbrunold.ch\/index.php\/wp-json\/wp\/v2\/pages"}],"about":[{"href":"https:\/\/rolfbrunold.ch\/index.php\/wp-json\/wp\/v2\/types\/page"}],"author":[{"embeddable":true,"href":"https:\/\/rolfbrunold.ch\/index.php\/wp-json\/wp\/v2\/users\/1"}],"replies":[{"embeddable":true,"href":"https:\/\/rolfbrunold.ch\/index.php\/wp-json\/wp\/v2\/comments?post=15410"}],"version-history":[{"count":17,"href":"https:\/\/rolfbrunold.ch\/index.php\/wp-json\/wp\/v2\/pages\/15410\/revisions"}],"predecessor-version":[{"id":17036,"href":"https:\/\/rolfbrunold.ch\/index.php\/wp-json\/wp\/v2\/pages\/15410\/revisions\/17036"}],"wp:attachment":[{"href":"https:\/\/rolfbrunold.ch\/index.php\/wp-json\/wp\/v2\/media?parent=15410"}],"curies":[{"name":"wp","href":"https:\/\/api.w.org\/{rel}","templated":true}]}}