{"id":15402,"date":"2016-12-19T10:31:51","date_gmt":"2016-12-19T09:31:51","guid":{"rendered":"https:\/\/rolfbrunold.ch\/?page_id=15402"},"modified":"2021-10-29T19:28:08","modified_gmt":"2021-10-29T17:28:08","slug":"verkauf","status":"publish","type":"page","link":"https:\/\/rolfbrunold.ch\/index.php\/verkauf\/","title":{"rendered":"Verkauf"},"content":{"rendered":"<div class=\"wpb-content-wrapper\"><p>[vc_row][vc_column width=&#8220;1\/1&#8243;]<div class=\"single_image wpb_content_element align-center    \" data-animation=\"none\" data-delay=\"0\"><img loading=\"lazy\" decoding=\"async\" width=\"1500\" height=\"500\" src=\"https:\/\/rolfbrunold.ch\/wp-content\/uploads\/2016\/12\/verkaufen-und-verhandeln.jpg\" class=\"attachment-full\" alt=\"\" title=\"Verkaufen und Verhandeln\" srcset=\"https:\/\/rolfbrunold.ch\/wp-content\/uploads\/2016\/12\/verkaufen-und-verhandeln.jpg 1500w, https:\/\/rolfbrunold.ch\/wp-content\/uploads\/2016\/12\/verkaufen-und-verhandeln-300x100.jpg 300w, https:\/\/rolfbrunold.ch\/wp-content\/uploads\/2016\/12\/verkaufen-und-verhandeln-768x256.jpg 768w, https:\/\/rolfbrunold.ch\/wp-content\/uploads\/2016\/12\/verkaufen-und-verhandeln-1024x341.jpg 1024w\" sizes=\"auto, (max-width: 1500px) 100vw, 1500px\" \/><\/div>[\/vc_column][\/vc_row][vc_row][vc_column width=&#8220;1\/1&#8243;]<div class=\"divider divider1\" style='margin:20px 0 20px 0 !important;'><\/div>[\/vc_column][\/vc_row][vc_row][vc_column width=&#8220;1\/1&#8243;][vc_column_text]<strong>Gute Verkaufsf\u00e4higkeiten geh\u00f6ren ins Repertoire der ganzen Belegschaft<\/strong><\/p>\n<p>Nat\u00fcrlich sollte vor allem das Verkaufsteam\u00a0sein verk\u00e4uferisches Handwerk beherrschen: Gute pers\u00f6nliche Beziehungen aufbauen. Glaubw\u00fcrdigkeit etablieren. Bedarf umfassend kl\u00e4ren. Fachkundig argumentieren. Einw\u00e4nde professionell behandeln. Den n\u00e4chsten Schritt festlegen.<\/p>\n<p>Wichtig ist auch das Verkaufssensorium der \u00fcbrigen Belegschaft: Erste Kontaktpersonen, Fach- und Anwendungsexperten, Innendienst, Service- und Instruktionspersonal. Hier liegt vielfach grosses Potenzial brach, den Verkaufsprozess zu unterst\u00fctzen, zumindest jedoch nicht zu behindern.<\/p>\n<p>Egal, ob Sie Konsumg\u00fcter, Industrieprodukte oder Dienstleistungen verkaufen: Das Verkaufsgespr\u00e4ch soll logisch aufgebaut sein. Weniger reden. Die richtigen Fragen stellen. L\u00f6sungen vorschlagen und ein Klima der \u00dcbereinstimmung schaffen.<\/p>\n<p>Schildern Sie mir Ihre Situation und lernen Sie mich kennen \u2013 die besten Ideen lassen sich in einem pers\u00f6nlichen\u00a0Gespr\u00e4ch besprechen. \u00a0<a href=\"https:\/\/rolfbrunold.ch\/index.php\/kontakt\/\" target=\"_self\" class=\"button color-1 small \" style=\"border-radius: 2px;\">Kontakt<\/a>\n<p><strong><a href=\"https:\/\/rolfbrunold.ch\/index.php\/verkauf-2\/\" target=\"_self\" class=\"button color-2 small \" style=\"border-radius: 2px;\">Verkaufs-Training<\/a><\/strong>[\/vc_column_text][\/vc_column][\/vc_row]<\/p>\n<\/div>","protected":false},"excerpt":{"rendered":"<p>[vc_row][vc_column width=&#8220;1\/1&#8243;][\/vc_column][\/vc_row][vc_row][vc_column width=&#8220;1\/1&#8243;][\/vc_column][\/vc_row][vc_row][vc_column width=&#8220;1\/1&#8243;][vc_column_text]Gute Verkaufsf\u00e4higkeiten geh\u00f6ren ins Repertoire der ganzen Belegschaft Nat\u00fcrlich sollte vor allem das Verkaufsteam\u00a0sein verk\u00e4uferisches Handwerk beherrschen: Gute pers\u00f6nliche Beziehungen aufbauen. Glaubw\u00fcrdigkeit etablieren. Bedarf umfassend kl\u00e4ren. Fachkundig argumentieren. Einw\u00e4nde professionell behandeln. Den n\u00e4chsten Schritt festlegen. Wichtig ist auch das Verkaufssensorium der \u00fcbrigen Belegschaft: Erste Kontaktpersonen, Fach- und Anwendungsexperten, Innendienst, Service- und Instruktionspersonal. Hier liegt vielfach grosses Potenzial brach, den Verkaufsprozess zu unterst\u00fctzen, zumindest jedoch nicht zu behindern. Egal, ob Sie Konsumg\u00fcter, Industrieprodukte oder Dienstleistungen verkaufen: Das Verkaufsgespr\u00e4ch soll logisch aufgebaut sein. Weniger reden. Die richtigen Fragen stellen. L\u00f6sungen vorschlagen und ein Klima der \u00dcbereinstimmung schaffen. Schildern Sie mir Ihre Situation und lernen Sie mich kennen \u2013 die besten Ideen lassen sich in einem pers\u00f6nlichen\u00a0Gespr\u00e4ch besprechen. \u00a0 [\/vc_column_text][\/vc_column][\/vc_row]<\/p>\n","protected":false},"author":1,"featured_media":0,"parent":0,"menu_order":3,"comment_status":"closed","ping_status":"closed","template":"","meta":{"footnotes":""},"class_list":["post-15402","page","type-page","status-publish","hentry"],"_links":{"self":[{"href":"https:\/\/rolfbrunold.ch\/index.php\/wp-json\/wp\/v2\/pages\/15402","targetHints":{"allow":["GET"]}}],"collection":[{"href":"https:\/\/rolfbrunold.ch\/index.php\/wp-json\/wp\/v2\/pages"}],"about":[{"href":"https:\/\/rolfbrunold.ch\/index.php\/wp-json\/wp\/v2\/types\/page"}],"author":[{"embeddable":true,"href":"https:\/\/rolfbrunold.ch\/index.php\/wp-json\/wp\/v2\/users\/1"}],"replies":[{"embeddable":true,"href":"https:\/\/rolfbrunold.ch\/index.php\/wp-json\/wp\/v2\/comments?post=15402"}],"version-history":[{"count":27,"href":"https:\/\/rolfbrunold.ch\/index.php\/wp-json\/wp\/v2\/pages\/15402\/revisions"}],"predecessor-version":[{"id":18611,"href":"https:\/\/rolfbrunold.ch\/index.php\/wp-json\/wp\/v2\/pages\/15402\/revisions\/18611"}],"wp:attachment":[{"href":"https:\/\/rolfbrunold.ch\/index.php\/wp-json\/wp\/v2\/media?parent=15402"}],"curies":[{"name":"wp","href":"https:\/\/api.w.org\/{rel}","templated":true}]}}