{"id":15290,"date":"2014-09-23T13:54:42","date_gmt":"2014-09-23T13:54:42","guid":{"rendered":"http:\/\/localhost\/themes\/unicon_xml\/?page_id=11449"},"modified":"2022-08-11T05:37:22","modified_gmt":"2022-08-11T03:37:22","slug":"home-vertical-slider-2","status":"publish","type":"page","link":"https:\/\/rolfbrunold.ch\/","title":{"rendered":"Home"},"content":{"rendered":"<div class=\"wpb-content-wrapper\"><p>[vc_row type=&#8220;full_width_section&#8220; top_padding=&#8220;60&#8243;][vc_column bg_color=&#8220;#00457d&#8220; width=&#8220;1\/1&#8243;]<div class=\"single_image wpb_content_element align-center    \" data-animation=\"none\" data-delay=\"0\"><img decoding=\"async\" class=\"\" src=\"https:\/\/rolfbrunold.ch\/wp-content\/uploads\/2022\/08\/brunold_top-1200x361.png\" width=\"1200\" height=\"361\" alt=\"brunold_top\" title=\"brunold_top\" loading=\"lazy\" \/><\/div>[\/vc_column][\/vc_row][vc_row text_align=&#8220;center&#8220; top_padding=&#8220;120&#8243; bottom_padding=&#8220;120&#8243; bg_position=&#8220;left top&#8220;][vc_column text_align=&#8220;center&#8220; width=&#8220;1\/3&#8243;]<div class=\"headline font-special fontsize-l fontweight-700 lh-inherit align-center transform-inherit \" style=\"margin: 0 0 10px 0;\">Kommunikation<\/div><div class=\"divider divider1\" style='margin:0 0 40px 0 !important;'><\/div>[vc_column_text]<strong>Wie man sich zeigt, so kommt man an.<\/strong><\/p>\n<p>Kommunizieren<br \/>\nPr\u00e4sentieren<br \/>\nFreies Reden<\/p>\n<a href=\"https:\/\/rolfbrunold.ch\/index.php\/kommunikation\/\" target=\"_self\" class=\"button color-3 medium \" style=\"border-radius: 2px;\">WEITER<\/a>[\/vc_column_text][\/vc_column][vc_column text_align=&#8220;center&#8220; width=&#8220;1\/3&#8243;]<h4 class=\"headline font-special fontsize-l fontweight-700 lh-inherit align-center transform-inherit \" style=\"margin: 0 0 10px 0;\">Verkauf<\/h4><div class=\"divider divider1\" style='margin:0 0 40px 0 !important;'><\/div>[vc_column_text]<strong>Mehr Verkaufen.<\/strong><\/p>\n<p>Erfolgreich verhandeln<br \/>\nSich durchsetzen<br \/>\nVerkaufsgespr\u00e4che f\u00fchren<\/p>\n<a href=\"https:\/\/rolfbrunold.ch\/index.php\/verkauf\/\" target=\"_self\" class=\"button color-3 medium \" style=\"border-radius: 2px;\">WEITER<\/a>[\/vc_column_text][\/vc_column][vc_column text_align=&#8220;center&#8220; width=&#8220;1\/3&#8243;]<h3 class=\"headline font-special fontsize-l fontweight-700 lh-inherit align-center transform-inherit \" style=\"margin: 0 0 10px 0;\">Motivation<\/h3><div class=\"divider divider1\" style='margin:0 0 40px 0 !important;'><\/div>[vc_column_text]<strong>Sich selbst motivieren und vertrauen.<\/strong><\/p>\n<p>Selbststeuerung<br \/>\nZielorientierung<br \/>\nUmgang mit Stress<\/p>\n<a href=\"https:\/\/rolfbrunold.ch\/index.php\/motivation\/\" target=\"_self\" class=\"button color-3 medium \" style=\"border-radius: 2px;\">WEITER<\/a>[\/vc_column_text][\/vc_column][\/vc_row][vc_row][vc_column width=&#8220;1\/1&#8243;]<div class=\"divider divider1\" style='margin:10px 0 10px 0 !important;'><\/div><div class=\"testimonial-slider-wrap wpb_content_element\"><div class=\"testimonial-slide\">Ich habe bei Rolf Brunold das Kommunikations-, F\u00fchrungs-, Verkaufs- und Pr\u00e4sentationstrainings besucht. Bei allen Seminare konnte ich erkennen, um was es wirklich im Alltag geht! Ein Trainer und Coach aus der Praxis- f\u00fcr die Praxis!<span>&#45; Urs F.<\/span><\/div><div class=\"testimonial-slide\">Die Trainings bei Rolf Brunold sind sehr abwechslungsreich und der f\u00fcr mich entscheidende Faktor, absolut praxisorientiert. Motivation und Begeisterung sind seine Leidenschaft. Mit seiner Methodik und Unterst\u00fctzung hat es mir Wege ge\u00f6ffnet, die ich allein nie gegangen w\u00e4re.<span>&#45; Franco C.<\/span><\/div><div class=\"testimonial-slide\">Im Kommunikationstraining konnte ich meine Angst und Hemmung, vor vielen Menschen zu sprechen, ablegen und bin heute in der Lage, selbstbewusst und \u00fcberzeugend vor Gruppen zu stehen und kompetent zu sprechen. Am Kurs gefiel mir besonders die praxisbezogene, lebendige und professionelle Durchf\u00fchrung. Die erlernten Techniken sind nicht nur im beruflichen, sondern auch im pers\u00f6nlichen Alltag \u00e4usserst n\u00fctzlich. Rolf Brunold schaut hinter die Fassade, besch\u00e4ftigt sich mit dem Menschen als Ganzes und das zeichnet ihn aus. Ich lebe durch dieses Seminar selbstbestimmter.<span>&#45; C\u00e9line K.<\/span><\/div><div class=\"testimonial-slide\">In seinen praxisnahen Kursen und Coachings versteht es Rolf Brunold, seine langj\u00e4hrigen beruflichen und zwischenmenschlichen Erfahrungen glaubw\u00fcrdig und effektiv weiter zu geben. Gleichzeitig bieten seine Anl\u00e4sse jeweils gute Kontaktm\u00f6glichkeiten f\u00fcr Leute, welche sich weiterentwickeln m\u00f6chten.<span>&#45; Marcel G.<\/span><\/div><div class=\"testimonial-slide\">Im Kommunikationstraining konnte ich nicht nur das Pr\u00e4sentieren trainieren, sondern auch viele interessante Kontakte kn\u00fcpfen. Ich habe Vieles neu dazugelernt und kann den Kurs bestens empfehlen.<span>&#45; Manuel A.<\/span><\/div><div class=\"testimonial-slide\">Rolf Brunold habe ich als Kursleiter und Coach beim Kommunikationstraining kennengelernt. Ganz besonders hat mir dabei das authentische Auftreten und die praxisnahe Philosophie gefallen. Der gr\u00f6sste Erfolg war f\u00fcr mich die praktische \u00dcbungen und die Aufgabe das Gelernten als Hausaufgabe laufend in der Praxis umzusetzen und Erkenntnisse wieder vorzustellen.<span>&#45; Johanna Z.<\/span><\/div><\/div>[\/vc_column][\/vc_row][vc_row bg_color=&#8220;#00457d&#8220; text_color=&#8220;light&#8220; text_align=&#8220;center&#8220; top_padding=&#8220;10&#8243; bottom_padding=&#8220;10&#8243; bg_position=&#8220;left top&#8220;][vc_column bg_color=&#8220;#00457d&#8220; column_center=&#8220;true&#8220; text_color=&#8220;light&#8220; text_align=&#8220;center&#8220; width=&#8220;1\/1&#8243;][vc_column_text]<\/p>\n<p style=\"text-align: center;\"><b>\u00abDie Kommunikationsmittel werden immer besser, doch die Kommunikation wird immer schlechter.\u00bb<\/b><\/p>\n<p>[\/vc_column_text][\/vc_column][\/vc_row][vc_row][vc_column width=&#8220;1\/1&#8243;][\/vc_column][\/vc_row]<\/p>\n<\/div>","protected":false},"excerpt":{"rendered":"<p>[vc_row type=&#8220;full_width_section&#8220; top_padding=&#8220;60&#8243;][vc_column bg_color=&#8220;#00457d&#8220; width=&#8220;1\/1&#8243;][\/vc_column][\/vc_row][vc_row text_align=&#8220;center&#8220; top_padding=&#8220;120&#8243; bottom_padding=&#8220;120&#8243; bg_position=&#8220;left top&#8220;][vc_column text_align=&#8220;center&#8220; width=&#8220;1\/3&#8243;][vc_column_text]Wie man sich zeigt, so kommt man an. Kommunizieren Pr\u00e4sentieren Freies Reden [\/vc_column_text][\/vc_column][vc_column text_align=&#8220;center&#8220; width=&#8220;1\/3&#8243;][vc_column_text]Mehr Verkaufen. Erfolgreich verhandeln Sich durchsetzen Verkaufsgespr\u00e4che f\u00fchren [\/vc_column_text][\/vc_column][vc_column text_align=&#8220;center&#8220; width=&#8220;1\/3&#8243;][vc_column_text]Sich selbst motivieren und vertrauen. Selbststeuerung Zielorientierung Umgang mit Stress [\/vc_column_text][\/vc_column][\/vc_row][vc_row][vc_column width=&#8220;1\/1&#8243;][\/vc_column][\/vc_row][vc_row bg_color=&#8220;#00457d&#8220; text_color=&#8220;light&#8220; text_align=&#8220;center&#8220; top_padding=&#8220;10&#8243; bottom_padding=&#8220;10&#8243; bg_position=&#8220;left top&#8220;][vc_column bg_color=&#8220;#00457d&#8220; column_center=&#8220;true&#8220; text_color=&#8220;light&#8220; text_align=&#8220;center&#8220; width=&#8220;1\/1&#8243;][vc_column_text] \u00abDie Kommunikationsmittel werden immer besser, doch die Kommunikation wird immer schlechter.\u00bb [\/vc_column_text][\/vc_column][\/vc_row][vc_row][vc_column width=&#8220;1\/1&#8243;][\/vc_column][\/vc_row]<\/p>\n","protected":false},"author":1,"featured_media":0,"parent":0,"menu_order":1,"comment_status":"open","ping_status":"open","template":"","meta":{"footnotes":""},"class_list":["post-15290","page","type-page","status-publish","hentry"],"_links":{"self":[{"href":"https:\/\/rolfbrunold.ch\/index.php\/wp-json\/wp\/v2\/pages\/15290","targetHints":{"allow":["GET"]}}],"collection":[{"href":"https:\/\/rolfbrunold.ch\/index.php\/wp-json\/wp\/v2\/pages"}],"about":[{"href":"https:\/\/rolfbrunold.ch\/index.php\/wp-json\/wp\/v2\/types\/page"}],"author":[{"embeddable":true,"href":"https:\/\/rolfbrunold.ch\/index.php\/wp-json\/wp\/v2\/users\/1"}],"replies":[{"embeddable":true,"href":"https:\/\/rolfbrunold.ch\/index.php\/wp-json\/wp\/v2\/comments?post=15290"}],"version-history":[{"count":50,"href":"https:\/\/rolfbrunold.ch\/index.php\/wp-json\/wp\/v2\/pages\/15290\/revisions"}],"predecessor-version":[{"id":18987,"href":"https:\/\/rolfbrunold.ch\/index.php\/wp-json\/wp\/v2\/pages\/15290\/revisions\/18987"}],"wp:attachment":[{"href":"https:\/\/rolfbrunold.ch\/index.php\/wp-json\/wp\/v2\/media?parent=15290"}],"curies":[{"name":"wp","href":"https:\/\/api.w.org\/{rel}","templated":true}]}}