{"id":12805,"date":"2015-01-06T19:43:31","date_gmt":"2015-01-06T18:43:31","guid":{"rendered":"http:\/\/localhost\/themes\/unicon\/?page_id=12805"},"modified":"2022-05-06T17:52:57","modified_gmt":"2022-05-06T15:52:57","slug":"uebermich","status":"publish","type":"page","link":"https:\/\/rolfbrunold.ch\/index.php\/uebermich\/","title":{"rendered":"\u00dcber mich"},"content":{"rendered":"<div class=\"wpb-content-wrapper\"><p>[vc_row][vc_column width=&#8220;1\/1&#8243;]<div class=\"single_image wpb_content_element align-left    \" data-animation=\"none\" data-delay=\"0\"><img loading=\"lazy\" decoding=\"async\" width=\"2560\" height=\"1441\" src=\"https:\/\/rolfbrunold.ch\/wp-content\/uploads\/2022\/05\/RB-Fav.1-scaled.jpg\" class=\"attachment-full\" alt=\"\" title=\"RB Fav.1\" srcset=\"https:\/\/rolfbrunold.ch\/wp-content\/uploads\/2022\/05\/RB-Fav.1-scaled.jpg 2560w, https:\/\/rolfbrunold.ch\/wp-content\/uploads\/2022\/05\/RB-Fav.1-300x169.jpg 300w, https:\/\/rolfbrunold.ch\/wp-content\/uploads\/2022\/05\/RB-Fav.1-1024x576.jpg 1024w, https:\/\/rolfbrunold.ch\/wp-content\/uploads\/2022\/05\/RB-Fav.1-768x432.jpg 768w, https:\/\/rolfbrunold.ch\/wp-content\/uploads\/2022\/05\/RB-Fav.1-1536x864.jpg 1536w, https:\/\/rolfbrunold.ch\/wp-content\/uploads\/2022\/05\/RB-Fav.1-2048x1152.jpg 2048w, https:\/\/rolfbrunold.ch\/wp-content\/uploads\/2022\/05\/RB-Fav.1-1000x563.jpg 1000w\" sizes=\"auto, (max-width: 2560px) 100vw, 2560px\" \/><\/div>[\/vc_column][\/vc_row][vc_row][vc_column width=&#8220;1\/1&#8243;]<div class=\"divider divider1\" style='margin:20px 0 20px 0 !important;'><\/div>[\/vc_column][\/vc_row][vc_row][vc_column width=&#8220;1\/1&#8243;][vc_column_text]<strong>Trainer \/ Coach &#8211; meine Faszination und Leidenschaft<\/strong><\/p>\n<p>Nach einer technischen Grundausbildung war ich als Verkaufsleiter und Operations-Manager in der Schweiz und im Ausland t\u00e4tig. Seit \u00fcber 25 Jahren bin ich selbstst\u00e4ndiger Trainer im Bereich F\u00fchrung, Verkauf, Kommunikation und Pr\u00e4sentation, vorwiegend im Rahmen einer renommierten, internationalen Trainingsorganisation.<\/p>\n<p>Meine Erfahrung beruht auf dem Training\/Coaching von \u00fcber 5000 Mitarbeitenden und F\u00fchrungskr\u00e4ften mit unterschiedlichen Funktionen, aus fast allen Branchen, in offenen und firmeninternen Workshops, Seminaren und intensiven Intervall-Trainings in der Schweiz, Deutschland und Oesterreich.<\/p>\n<p>Meine Faszination und Leidenschaft liegt darin, andere weiter zu bringen. Dazu habe ich das Know-How, die Erfahrung und die n\u00f6tigen Tools.<\/p>\n<p>Schildern Sie mir\u00a0Ihre Situation und lernen Sie mich kennen \u2013 ich freue mich auf das erste Gespr\u00e4ch mit Ihnen.<\/p>\n<a href=\"https:\/\/rolfbrunold.ch\/index.php\/kontakt\/\" target=\"_self\" class=\"button color-1 small \" style=\"border-radius: 2px;\">Kontakt<\/a>[\/vc_column_text][\/vc_column][\/vc_row]<\/p>\n<\/div>","protected":false},"excerpt":{"rendered":"<p>[vc_row][vc_column width=&#8220;1\/1&#8243;][\/vc_column][\/vc_row][vc_row][vc_column width=&#8220;1\/1&#8243;][\/vc_column][\/vc_row][vc_row][vc_column width=&#8220;1\/1&#8243;][vc_column_text]Trainer \/ Coach &#8211; meine Faszination und Leidenschaft Nach einer technischen Grundausbildung war ich als Verkaufsleiter und Operations-Manager in der Schweiz und im Ausland t\u00e4tig. Seit \u00fcber 25 Jahren bin ich selbstst\u00e4ndiger Trainer im Bereich F\u00fchrung, Verkauf, Kommunikation und Pr\u00e4sentation, vorwiegend im Rahmen einer renommierten, internationalen Trainingsorganisation. Meine Erfahrung beruht auf dem Training\/Coaching von \u00fcber 5000 Mitarbeitenden und F\u00fchrungskr\u00e4ften mit unterschiedlichen Funktionen, aus fast allen Branchen, in offenen und firmeninternen Workshops, Seminaren und intensiven Intervall-Trainings in der Schweiz, Deutschland und Oesterreich. Meine Faszination und Leidenschaft liegt darin, andere weiter zu bringen. Dazu habe ich das Know-How, die Erfahrung und die n\u00f6tigen Tools. Schildern Sie mir\u00a0Ihre Situation und lernen Sie mich kennen \u2013 ich freue mich auf das erste Gespr\u00e4ch mit Ihnen. [\/vc_column_text][\/vc_column][\/vc_row]<\/p>\n","protected":false},"author":1,"featured_media":0,"parent":0,"menu_order":0,"comment_status":"open","ping_status":"closed","template":"","meta":{"footnotes":""},"class_list":["post-12805","page","type-page","status-publish","hentry"],"_links":{"self":[{"href":"https:\/\/rolfbrunold.ch\/index.php\/wp-json\/wp\/v2\/pages\/12805","targetHints":{"allow":["GET"]}}],"collection":[{"href":"https:\/\/rolfbrunold.ch\/index.php\/wp-json\/wp\/v2\/pages"}],"about":[{"href":"https:\/\/rolfbrunold.ch\/index.php\/wp-json\/wp\/v2\/types\/page"}],"author":[{"embeddable":true,"href":"https:\/\/rolfbrunold.ch\/index.php\/wp-json\/wp\/v2\/users\/1"}],"replies":[{"embeddable":true,"href":"https:\/\/rolfbrunold.ch\/index.php\/wp-json\/wp\/v2\/comments?post=12805"}],"version-history":[{"count":29,"href":"https:\/\/rolfbrunold.ch\/index.php\/wp-json\/wp\/v2\/pages\/12805\/revisions"}],"predecessor-version":[{"id":16237,"href":"https:\/\/rolfbrunold.ch\/index.php\/wp-json\/wp\/v2\/pages\/12805\/revisions\/16237"}],"wp:attachment":[{"href":"https:\/\/rolfbrunold.ch\/index.php\/wp-json\/wp\/v2\/media?parent=12805"}],"curies":[{"name":"wp","href":"https:\/\/api.w.org\/{rel}","templated":true}]}}